{"id":3133,"date":"2022-05-24T14:00:38","date_gmt":"2022-05-24T14:00:38","guid":{"rendered":"https:\/\/dev.gfemarkets.com\/bonus-terms-and-conditions\/"},"modified":"2022-06-15T09:41:47","modified_gmt":"2022-06-15T09:41:47","slug":"bonus-terms-and-conditions","status":"publish","type":"page","link":"http:\/\/gfemarket.rudetings.com\/de\/bonus-terms-and-conditions\/","title":{"rendered":"Bonus Terms And Conditions"},"content":{"rendered":"<p>Die Website GFE at www.GFEMarkets.com (im Folgenden als \u201eWebsite\u201c, \u201ewir\u201c, \u201euns\u201c oder \u201eunser\u201c bezeichnet) wird von der GFE Management Ltd. mit der Registrierungsnummer 3432 LTD 2022 gehalten und verwaltet und hat ihren Sitz in First Floor, First St. Vincent Bank Ltd Building, James Street, Kingstown Street, Saint Vincent und die Grenadinen. GFE bietet seinen H\u00e4ndlern die M\u00f6glichkeit, gelegentlich von Boni und Sonderangeboten zu profitieren, die den folgenden Bedingungen unterliegen, die in dieser Bonusrichtlinie, in den Allgemeinen Gesch\u00e4ftsbedingungen und\/oder anderen spezifischen Bedingungen oder Regelungen, die auf der Website zug\u00e4nglich gemacht werden, aufgef\u00fchrt sind. Im Falle eines Konflikts zwischen den in diesen Bonusbedingungen festgelegten Bedingungen und\/oder anderen auf der Website genannten Bedingungen haben i) die Bonusbedingungen und ii) die Allgemeinen Gesch\u00e4ftsbedingungen Vorrang.<\/p>\n<h3>Allgemeine Gesch\u00e4ftsbedingungen<\/h3>\n<ul>\n<li>Aufgrund der geografischen Verf\u00fcgbarkeit und des Standorts k\u00f6nnen bestimmte Boni und Sonderangebote f\u00fcr einige H\u00e4ndler nicht verf\u00fcgbar sein, wenn sie in L\u00e4ndern leben, in denen gesetzliche Beschr\u00e4nkungen herrschen. In solchen F\u00e4llen k\u00f6nnen sich die archaischen Anforderungen f\u00fcr die Entnahme von Boni und angesammelten Gewinnen \u00e4ndern. Sie k\u00f6nnen uns unter <a href=\"mailto:support@gfemarket.rudetings.com\">support@gfemarket.rudetings.com<\/a> kontaktieren, um weitere Informationen zu erhalten.<\/li>\n<li>Nur ein H\u00e4ndler pro Haushalt hat Anspruch auf Boni und\/oder Sonderangebote, ungeachtet der Anzahl der Handelsger\u00e4te an der beibehaltenen Adresse, es sei denn, in den Allgemeinen Gesch\u00e4ftsbedingungen ist etwas anderes angegeben. Die Benutzeridentit\u00e4t von H\u00e4ndlern wird durch einen Teil oder die Gesamtheit der folgenden Angaben bestimmt: Kreditkartennummer, IP-Adresse, Name, Postanschrift und E-Mail-Adresse sowie jede andere Form der Identifizierung, die von GFE verlangt wird.<\/li>\n<li>GFE beh\u00e4lt sich das alleinige Recht vor, Sonderangebote oder Boni jederzeit und ohne Angabe von Gr\u00fcnden herauszunehmen, aufzuheben oder zu \u00e4ndern.<\/li>\n<li>Sollte ein Zahlungsdienstleister aus irgendeinem Grund einen Zahlungsversuch abbrechen oder ablehnen, beh\u00e4lt sich GFE das Recht vor, einen Bonus und\/oder Gewinne des H\u00e4ndlers zu verweigern oder zu annullieren.<\/li>\n<li>H\u00e4ndler, die ihr Guthaben von ihrem Konto abheben m\u00f6chten, sollten sich an unsere Auszahlungs- und R\u00fcckerstattungsstrategie halten, die auf der Website <a href=\"http:\\\/\\\/gfemarket.rudetings.com\/\/dev.gfemarkets.com\/\/gfemarket.rudetings.com\">www.GFEMarkets.com<\/a> verf\u00fcgbar ist.<\/li>\n<\/ul>\n<h3>Allgemeine Gesch\u00e4ftsbedingungen f\u00fcr Boni<\/h3>\n<p>1. Das Unternehmen kann seinen Kunden Boni gew\u00e4hren, die zus\u00e4tzliche Mittel bieten, mit denen der Kunde auf seinem Konto handeln kann. Boni und Sonderaktionen sind zeitlich begrenzt und stehen nicht ewig zur Verf\u00fcgung. Boni auf Einzahlungen erscheinen auf dem Handelskonto des Kunden f\u00fcr die erste Einzahlung (oder folgende Einzahlungen, falls erw\u00e4hnt und im alleinigen Ermessen von GFE).<\/p>\n<p>2. Sie als Kunde sind nicht verpflichtet, irgendwelche Boni zu akzeptieren. Sobald der Handel auf einem Konto begonnen hat, nachdem ein Handelsbonus auf das verf\u00fcgbare Kontoguthaben angewandt wurde, hat der Kunde das Recht, den Bonus freiwillig anzunehmen, und er kann nicht r\u00fcckg\u00e4ngig gemacht werden.<\/p>\n<p>3. Der Bonus, der dem Konto des Kunden gutgeschrieben wird, entspricht wahrscheinlich den Bedingungen des dem Kunden unterbreiteten Angebots. Dies kann eine Mindesteinlage und\/oder einen Mindestumsatz des Kontos innerhalb eines bestimmten Zeitraums beinhalten, ist aber nicht darauf beschr\u00e4nkt.<\/p>\n<p>4. Alle Boni werden nach dem Ermessen von GFE vergeben. GFE beh\u00e4lt sich das Recht vor, die Kriterien f\u00fcr die Bonusqualifikation nach eigenem Ermessen festzulegen, zu \u00e4ndern oder aufzuheben. Das Unternehmen ver\u00f6ffentlicht die Richtlinien, nach denen Sie berechtigt sind, die von Ihnen erhaltenen Boni zur\u00fcckzuziehen, und kann die Kriterien f\u00fcr den Bonusentzug aufstellen, \u00e4ndern oder widerrufen. Wir raten Ihnen davon ab, Boni anzunehmen, wenn Sie nicht \u00fcber einen l\u00e4ngeren Zeitraum handeln wollen und wissen, dass alle Boni an die folgenden Bedingungen gebunden sind:<\/p>\n<div class=\"ml\">\n<ol type=\"a\">\n<li>Auszahlungen sind erst dann zul\u00e4ssig, wenn ein Handelsvolumen von 1 Los des Bonus erreicht ist (im Folgenden: \u201edie Handelsvoraussetzung\u201c).<\/li>\n<li>Ein hinzugef\u00fcgter Fonds ist nicht \u00fcbertragbar; ein Bonus, der einem Konto gew\u00e4hrt wird, kann nicht auf ein anderes \u00fcbertragen werden.<\/li>\n<li>GFE beh\u00e4lt sich das Recht vor, Boni, Werbeaktionen oder Vorteile, die f\u00fcr das angegebene Handelskonto angeboten wurden oder werden sollen, zu stornieren, wenn ein Kunde unter irgendeinem Umstand des Fehlverhaltens oder der T\u00e4uschung verd\u00e4chtigt wird.<\/li>\n<li>Im Falle eines Verdachts auf Betrug oder betr\u00fcgerische Aktivit\u00e4ten in Ihrem Namen oder wenn Zahlungen von Ihnen oder in Ihrem Namen zur\u00fcckgebucht werden, beh\u00e4lt sich GFE das Recht vor, den Betrag, der Ihre urspr\u00fcngliche Einzahlung \u00fcbersteigt, von Ihrem Konto einzubehalten und, falls das Unternehmen dies f\u00fcr notwendig erachtet, rechtliche Schritte einzuleiten, um die von Ihnen geschuldeten Zahlungen einzutreiben, und zwar nach eigenem Ermessen.<\/li>\n<\/ol>\n<\/div>\n<h3>Allgemeine Gesch\u00e4ftsbedingungen f\u00fcr Versicherung<\/h3>\n<p>1. GFE bietet seinen Kunden Fondsversicherungsdienste an. Die Versicherung bietet dem Kunden zus\u00e4tzliche Mittel in H\u00f6he des im Rahmen von MARGIN CALL verlorenen Gesch\u00e4fts. Die Versicherung ist mit einer Pr\u00e4mie von 20 % verbunden, die f\u00fcr einen begrenzten Zeitraum vom Betrag des Margenausgleichs abgezogen wird. Das Kapital wird innerhalb einer Woche auf das Handelskonto des Kunden \u00fcberwiesen.<\/p>\n<p>2. Der Kunde ist nicht verpflichtet, die Versicherungsleistungen zu aktivieren. Sobald der Handel auf einem Konto beginnt, nachdem die Versicherung auf den verf\u00fcgbaren Kontostand angewandt wurde, wird davon ausgegangen, dass der Kunde den Bonus freiwillig akzeptiert hat, und er kann nicht r\u00fcckg\u00e4ngig gemacht werden.<\/p>\n<p>3. Der Bonus, der dem Kundenkonto gutgeschrieben werden soll, ist an die Einhaltung der Bedingungen des dem Kunden unterbreiteten Angebots gekn\u00fcpft, das unter anderem einen Mindesteinbehalt und\/oder einen Mindestumsatz auf dem Konto innerhalb eines bestimmten Zeitraums umfassen kann.<\/p>\n<p>4. Die Versicherungsleistungen des Fonds werden nach dem Willen von GFE angeboten. GFE beh\u00e4lt sich das Recht vor, die Kriterien f\u00fcr die Versicherungsberechtigung nach eigenem Ermessen festzulegen, zu \u00e4ndern oder aufzuheben. Das Unternehmen ver\u00f6ffentlicht die Grunds\u00e4tze, nach denen die Kunden berechtigt sind, die von ihnen erhaltenen Gelder abzuheben, und kann die Kriterien f\u00fcr die Auszahlung des Bonus festlegen, \u00e4ndern oder aufheben.<\/p>\n<p>5. Eine Standard-Loseinheit entspricht einem Wert von 100.000 USD. Um den Bonus von Ihrem Konto abzubuchen, m\u00fcssen Sie die Umsatzbedingungen erf\u00fcllen. Das Umsatzerfordernis wird als Bonusbetrag * Lose pro Instrument aufgez\u00e4hlt. Beachten Sie, dass nur abgeschlossene Gesch\u00e4fte f\u00f6rderf\u00e4hig sind. Um den Bonus von Ihrem Konto abheben zu k\u00f6nnen, m\u00fcssen Sie die Umsatzbedingungen erf\u00fcllen: \u201eX Bonusbetrag * 1 = X Standardlose\u201c. Die Umschlagsanforderung betr\u00e4gt \u201eX Standardlose\u201c<\/p>\n<p>6. Wir raten unseren Kunden davon ab, die Versicherung zu aktivieren, wenn sie nicht \u00fcber einen l\u00e4ngeren Zeitraum hinweg handeln wollen und sich dar\u00fcber im Klaren sind, dass alle Fonds den folgenden Bedingungen unterliegen:<\/p>\n<div class=\"ml\">\n<ol type=\"a\">\n<li>Die Versicherungsfonds sind nicht \u00fcbertragbar. Das bedeutet, dass die Versicherung eines Kontos nicht auf ein anderes \u00fcbertragen werden kann.<\/li>\n<li>Sollte ein Kunde unter irgendwelchen Umst\u00e4nden des Fehlverhaltens oder der T\u00e4uschung verd\u00e4chtigt werden, beh\u00e4lt sich GFE das Recht vor, die Versicherungen, Promotionen oder Leistungen, die f\u00fcr das angegebene Handelskonto erbracht wurden oder erbracht werden sollen, zu stornieren.<\/li>\n<li>Im Falle eines Verdachts auf Betrug oder betr\u00fcgerische Aktivit\u00e4ten durch den Kunden oder im Namen des Kunden beh\u00e4lt sich GFE das Recht vor, alle Betr\u00e4ge, die \u00fcber die urspr\u00fcngliche Einzahlung hinausgehen, vom Konto einzubehalten und, falls das Unternehmen dies f\u00fcr notwendig h\u00e4lt, nach eigenem Ermessen rechtliche Schritte einzuleiten, um vom Kunden geschuldete Zahlungen einzutreiben.<\/li>\n<\/ol>\n<\/div>\n<p>**Sollten Sie Fragen zu einem der oben genannten Punkte haben, z\u00f6gern Sie nicht, Ihren Trading-Mentor zu kontaktieren, der Ihnen weitere Erkl\u00e4rungen geben wird.<\/p>\n<h3>Versicherung<\/h3>\n<p>Um sicherzustellen, dass alle unsere Trades nur begrenzte Verluste aufweisen, raten wir Ihnen, eine Stop-Loss-Order einzurichten. Die Stop-Loss-Order ist eine Versicherung gegen pl\u00f6tzliche Ver\u00e4nderungen oder Einbr\u00fcche im Markt, um die Verluste zu begrenzen.<\/p>\n<p>Das Limit f\u00fcr Ihre Position k\u00f6nnen Sie selbst festlegen. Es kann bis zu 1% betragen. In diesem Fall betr\u00e4gt der maximale Verlust, den Sie erleiden, 1 % des Handels, wenn sich der Markt gegen Sie bewegt.<\/p>\n<p>Denken Sie daran, dass der Hauptunterschied zwischen einer Limit-Order und einer Stop-Loss-Order darin besteht, dass die Limit-Order nur zu dem angegebenen Limitkurs oder besser ausgef\u00fchrt wird. Eine Stop-Order hingegen wird bei einem bestimmten Preis ausgel\u00f6st und zum aktuellen Marktpreis ausgef\u00fchrt, was bedeutet, dass sie zu einem bestimmten Preis ausgef\u00fchrt werden kann.<\/p>\n<p>Denken Sie daran, Ihre eigene Stop-Loss-Strategie zu w\u00e4hlen und sicherzustellen, dass sie zu Ihrem Handelsstil passt. Als Daytrader sollten Sie bei Ihren Gesch\u00e4ften immer eine Stop-Loss-Order verwenden. Eine gute Strategie f\u00fcr die Festlegung Ihres Stop Loss ist es, ihn an einem Ort zu platzieren, an dem Sie wissen, dass Sie sich in Bezug auf die Marktrichtung geirrt haben, wenn er eintritt.<\/p>\n<p>Wenn Sie weitere Informationen zum Setzen Ihres Stop Loss ben\u00f6tigen, wenden Sie sich bitte an unser GFE-Kundendienstteam, das Ihnen jederzeit zur Verf\u00fcgung steht.<\/p>\n<h3>Bonus-Missbrauch<\/h3>\n<p>GFE beh\u00e4lt sich das Recht vor, nach eigenem Ermessen Zahlungen einzubehalten und\/oder Sonderangebote und\/oder Bonusgelder f\u00fcr Benutzerkonten zu widerrufen, die offensichtlich Teil einer konspirativen Strategie sind oder St\u00f6rungen oder Ausf\u00e4lle der Software\/Systeme von GFE ausnutzen.<\/p>\n<p>Solche Angelegenheiten werden unter dem Begriff \u201eBonusmissbrauch\u201c verstanden, sind aber nicht auf das Folgende beschr\u00e4nkt:<\/p>\n<div class=\"ml\">\n<ol type=\"a\">\n<li>Mitglieder von GFE, die \u00fcber eine Vollmacht verf\u00fcgen und unter mehr als einem operativen Handelskonto auf der Plattform registriert sind; der Kontoname des Nutzers stimmt nicht mit dem Namen auf der\/den bei der Registrierung seines Kontos angegebenen Kreditkarte(n) \u00fcberein;<\/li>\n<li>Die gleiche Zahlungsmethode oder das gleiche \u00dcberweisungskonto wird von zwei verschiedenen Endnutzern auf der Plattform verwendet;<\/li>\n<li>Wenn ein Nutzer Geb\u00fchren (auch als \u201eR\u00fcckbuchung\u201c bezeichnet) f\u00fcr eingezahlte Betr\u00e4ge auf seinem Konto bestritten hat;<\/li>\n<li>Benutzer, die einzeln oder in einer Gruppe handeln, um mehrere Konten zu erstellen, um kostenlose Boni oder andere Sonderangebote in Anspruch zu nehmen, und\/oder die versuchen, ein Bonusangebot auf andere Weise zu missbrauchen;<\/li>\n<li>Verd\u00e4chtige Handelsaktivit\u00e4ten, die betr\u00fcgerisch, manipulativ, ein Fall von Cash Arbitrage oder ein anderer Versuch, risikolose Gewinne durch Boni und\/oder andere ungesetzliche Mittel zu erzielen, erscheinen;<\/li>\n<li>GFE beh\u00e4lt sich das Recht vor, nach eigenem Ermessen die folgenden Ma\u00dfnahmen zu ergreifen, wenn das Verhalten eines Nutzers als Bonus-Missbrauch angesehen wird: Einbehaltung und Entwertung aller Gewinne auf dem Benutzerkonto;<\/li>\n<li>Das Konto des Nutzers schlie\u00dfen; das gesamte Guthaben auf dem Konto des Nutzers einbehalten; dem Nutzer den Zugang\/ die Berechtigung zum Erhalt weiterer Bonus- oder Werbeangebote in der Zukunft vorenthalten.<\/li>\n<\/ol>\n<\/div>\n<h3>Zus\u00e4tzliche Bestimmungen<\/h3>\n<p>Soweit gesetzlich zul\u00e4ssig, haftet GFE nicht f\u00fcr den teilweisen oder vollst\u00e4ndigen Verlust von Gewinnen, Daten, Einnahmen und\/oder anderen Sch\u00e4den, ob finanziell, indirekt, speziell, als Folge oder mit Strafcharakter in Bezug auf Boni und\/oder Sonderangebote, die dieser Bonusrichtlinie unterliegen. Indem Sie mit GFE handeln, erkl\u00e4ren Sie sich damit einverstanden, dass GFE in keinem Fall haftbar gemacht werden kann und dass die vorstehenden Beschr\u00e4nkungen auch dann wirksam sind, wenn die oben genannten Bedingungen ihren wesentlichen Zweck verfehlen.<\/p>\n<p>Die in dieser Bonusrichtlinie aufgef\u00fchrten Bedingungen unterliegen den ICC-ADR-Regeln und werden nach diesen ausgelegt. Sie unterwerfen sich unwiderruflich der ausschlie\u00dflichen Gerichtsbarkeit des Gesetzes von St. Vincent und den Grenadinen in Bezug auf jegliche Streitigkeiten, die im Zusammenhang mit der Bonusrichtlinie von GFE entstehen k\u00f6nnten. Zur Vermeidung von Zweifeln hindert uns das Vorstehende weder daran noch beeintr\u00e4chtigt es unser Recht, ein Urteil eines solchen Gerichts zu vollstrecken oder eine einstweilige Verf\u00fcgung an einem anderen Ort oder in einer anderen Gerichtsbarkeit zu beantragen.<\/p>\n","protected":false},"excerpt":{"rendered":"<p>Die Website GFE at www.GFEMarkets.com (im Folgenden als \u201eWebsite\u201c, \u201ewir\u201c, \u201euns\u201c oder \u201eunser\u201c bezeichnet) wird von der GFE Management Ltd. mit der Registrierungsnummer 3432 LTD 2022 gehalten und verwaltet und hat ihren Sitz in First Floor, First St. Vincent Bank Ltd Building, James Street, Kingstown Street, Saint Vincent und die Grenadinen. GFE bietet seinen H\u00e4ndlern [&hellip;]<\/p>\n","protected":false},"author":19,"featured_media":0,"parent":0,"menu_order":0,"comment_status":"closed","ping_status":"closed","template":"","meta":{"footnotes":""},"class_list":["post-3133","page","type-page","status-publish","hentry"],"yoast_head":"<!-- This site is optimized with the Yoast SEO plugin v19.13 - https:\/\/yoast.com\/wordpress\/plugins\/seo\/ -->\n<title>GFE \u2013 Bonus Bedingungen und Konditionen<\/title>\n<meta name=\"description\" content=\"GFE erkl\u00e4rt ausdr\u00fccklich alle Bonusbedingungen. Informieren Sie sich hier \u00fcber die Bonusbedingungen von GFE.\" \/>\n<meta name=\"robots\" content=\"noindex, follow, max-snippet:-1, max-image-preview:large, max-video-preview:-1\" \/>\n<meta property=\"og:locale\" content=\"de_DE\" \/>\n<meta property=\"og:type\" content=\"article\" \/>\n<meta property=\"og:title\" content=\"GFE \u2013 Bonus Bedingungen und Konditionen\" \/>\n<meta property=\"og:description\" content=\"GFE erkl\u00e4rt ausdr\u00fccklich alle Bonusbedingungen. Informieren Sie sich hier \u00fcber die Bonusbedingungen von GFE.\" \/>\n<meta property=\"og:url\" content=\"https:\/\/gfemarket.rudetings.com\/de\/bonus-terms-and-conditions\/\" \/>\n<meta property=\"og:site_name\" content=\"GFE\" \/>\n<meta property=\"article:modified_time\" content=\"2022-06-15T09:41:47+00:00\" \/>\n<meta name=\"twitter:card\" content=\"summary_large_image\" \/>\n<meta name=\"twitter:title\" content=\"GFE \u2013 Bonus Bedingungen und Konditionen\" \/>\n<meta name=\"twitter:description\" content=\"GFE erkl\u00e4rt ausdr\u00fccklich alle Bonusbedingungen. Informieren Sie sich hier \u00fcber die Bonusbedingungen von GFE.\" \/>\n<meta name=\"twitter:label1\" content=\"Gesch\u00e4tzte Lesezeit\" \/>\n\t<meta name=\"twitter:data1\" content=\"9\u00a0Minuten\" \/>\n<script type=\"application\/ld+json\" class=\"yoast-schema-graph\">{\"@context\":\"https:\/\/schema.org\",\"@graph\":[{\"@type\":\"WebPage\",\"@id\":\"https:\/\/gfemarket.rudetings.com\/de\/bonus-terms-and-conditions\/\",\"url\":\"https:\/\/gfemarket.rudetings.com\/de\/bonus-terms-and-conditions\/\",\"name\":\"GFE \u2013 Bonus Bedingungen und Konditionen\",\"isPartOf\":{\"@id\":\"http:\/\/gfemarket.rudetings.com\/#website\"},\"datePublished\":\"2022-05-24T14:00:38+00:00\",\"dateModified\":\"2022-06-15T09:41:47+00:00\",\"description\":\"GFE erkl\u00e4rt ausdr\u00fccklich alle Bonusbedingungen. Informieren Sie sich hier \u00fcber die Bonusbedingungen von GFE.\",\"breadcrumb\":{\"@id\":\"https:\/\/gfemarket.rudetings.com\/de\/bonus-terms-and-conditions\/#breadcrumb\"},\"inLanguage\":\"de\",\"potentialAction\":[{\"@type\":\"ReadAction\",\"target\":[\"https:\/\/gfemarket.rudetings.com\/de\/bonus-terms-and-conditions\/\"]}]},{\"@type\":\"BreadcrumbList\",\"@id\":\"https:\/\/gfemarket.rudetings.com\/de\/bonus-terms-and-conditions\/#breadcrumb\",\"itemListElement\":[{\"@type\":\"ListItem\",\"position\":1,\"name\":\"Home\",\"item\":\"http:\/\/gfemarket.rudetings.com\/de\/\"},{\"@type\":\"ListItem\",\"position\":2,\"name\":\"Bonus Terms And Conditions\"}]},{\"@type\":\"WebSite\",\"@id\":\"http:\/\/gfemarket.rudetings.com\/#website\",\"url\":\"http:\/\/gfemarket.rudetings.com\/\",\"name\":\"GFE\",\"description\":\"GFE markets\",\"potentialAction\":[{\"@type\":\"SearchAction\",\"target\":{\"@type\":\"EntryPoint\",\"urlTemplate\":\"http:\/\/gfemarket.rudetings.com\/?s={search_term_string}\"},\"query-input\":\"required name=search_term_string\"}],\"inLanguage\":\"de\"}]}<\/script>\n<!-- \/ Yoast SEO plugin. -->","yoast_head_json":{"title":"GFE \u2013 Bonus Bedingungen und Konditionen","description":"GFE erkl\u00e4rt ausdr\u00fccklich alle Bonusbedingungen. Informieren Sie sich hier \u00fcber die Bonusbedingungen von GFE.","robots":{"index":"noindex","follow":"follow","max-snippet":"max-snippet:-1","max-image-preview":"max-image-preview:large","max-video-preview":"max-video-preview:-1"},"og_locale":"de_DE","og_type":"article","og_title":"GFE \u2013 Bonus Bedingungen und Konditionen","og_description":"GFE erkl\u00e4rt ausdr\u00fccklich alle Bonusbedingungen. Informieren Sie sich hier \u00fcber die Bonusbedingungen von GFE.","og_url":"https:\/\/gfemarket.rudetings.com\/de\/bonus-terms-and-conditions\/","og_site_name":"GFE","article_modified_time":"2022-06-15T09:41:47+00:00","twitter_card":"summary_large_image","twitter_title":"GFE \u2013 Bonus Bedingungen und Konditionen","twitter_description":"GFE erkl\u00e4rt ausdr\u00fccklich alle Bonusbedingungen. Informieren Sie sich hier \u00fcber die Bonusbedingungen von GFE.","twitter_misc":{"Gesch\u00e4tzte Lesezeit":"9\u00a0Minuten"},"schema":{"@context":"https:\/\/schema.org","@graph":[{"@type":"WebPage","@id":"https:\/\/gfemarket.rudetings.com\/de\/bonus-terms-and-conditions\/","url":"https:\/\/gfemarket.rudetings.com\/de\/bonus-terms-and-conditions\/","name":"GFE \u2013 Bonus Bedingungen und Konditionen","isPartOf":{"@id":"http:\/\/gfemarket.rudetings.com\/#website"},"datePublished":"2022-05-24T14:00:38+00:00","dateModified":"2022-06-15T09:41:47+00:00","description":"GFE erkl\u00e4rt ausdr\u00fccklich alle Bonusbedingungen. Informieren Sie sich hier \u00fcber die Bonusbedingungen von GFE.","breadcrumb":{"@id":"https:\/\/gfemarket.rudetings.com\/de\/bonus-terms-and-conditions\/#breadcrumb"},"inLanguage":"de","potentialAction":[{"@type":"ReadAction","target":["https:\/\/gfemarket.rudetings.com\/de\/bonus-terms-and-conditions\/"]}]},{"@type":"BreadcrumbList","@id":"https:\/\/gfemarket.rudetings.com\/de\/bonus-terms-and-conditions\/#breadcrumb","itemListElement":[{"@type":"ListItem","position":1,"name":"Home","item":"http:\/\/gfemarket.rudetings.com\/de\/"},{"@type":"ListItem","position":2,"name":"Bonus Terms And Conditions"}]},{"@type":"WebSite","@id":"http:\/\/gfemarket.rudetings.com\/#website","url":"http:\/\/gfemarket.rudetings.com\/","name":"GFE","description":"GFE markets","potentialAction":[{"@type":"SearchAction","target":{"@type":"EntryPoint","urlTemplate":"http:\/\/gfemarket.rudetings.com\/?s={search_term_string}"},"query-input":"required name=search_term_string"}],"inLanguage":"de"}]}},"_links":{"self":[{"href":"http:\/\/gfemarket.rudetings.com\/de\/wp-json\/wp\/v2\/pages\/3133","targetHints":{"allow":["GET"]}}],"collection":[{"href":"http:\/\/gfemarket.rudetings.com\/de\/wp-json\/wp\/v2\/pages"}],"about":[{"href":"http:\/\/gfemarket.rudetings.com\/de\/wp-json\/wp\/v2\/types\/page"}],"author":[{"embeddable":true,"href":"http:\/\/gfemarket.rudetings.com\/de\/wp-json\/wp\/v2\/users\/19"}],"replies":[{"embeddable":true,"href":"http:\/\/gfemarket.rudetings.com\/de\/wp-json\/wp\/v2\/comments?post=3133"}],"version-history":[{"count":5,"href":"http:\/\/gfemarket.rudetings.com\/de\/wp-json\/wp\/v2\/pages\/3133\/revisions"}],"predecessor-version":[{"id":4186,"href":"http:\/\/gfemarket.rudetings.com\/de\/wp-json\/wp\/v2\/pages\/3133\/revisions\/4186"}],"wp:attachment":[{"href":"http:\/\/gfemarket.rudetings.com\/de\/wp-json\/wp\/v2\/media?parent=3133"}],"curies":[{"name":"wp","href":"https:\/\/api.w.org\/{rel}","templated":true}]}}