{"id":3166,"date":"2022-05-12T03:17:48","date_gmt":"2022-05-12T03:17:48","guid":{"rendered":"https:\/\/dev.gfemarkets.com\/home-page\/"},"modified":"2022-06-07T14:50:06","modified_gmt":"2022-06-07T14:50:06","slug":"index","status":"publish","type":"page","link":"http:\/\/gfemarket.rudetings.com\/de\/","title":{"rendered":"Home page"},"content":{"rendered":"","protected":false},"excerpt":{"rendered":"","protected":false},"author":19,"featured_media":0,"parent":0,"menu_order":0,"comment_status":"closed","ping_status":"closed","template":"page-index.php","meta":{"footnotes":""},"class_list":["post-3166","page","type-page","status-publish","hentry"],"yoast_head":"<!-- This site is optimized with the Yoast SEO plugin v19.13 - https:\/\/yoast.com\/wordpress\/plugins\/seo\/ -->\n<title>Handeln Sie Devisen und CFDs mit GFE Markets<\/title>\n<meta name=\"description\" content=\"Handeln Sie die M\u00e4rkte effektiv mit GFE Markets. Hunderte von Handelsinstrumenten verf\u00fcgbar, von Forex bis Tesla-Aktien! Er\u00f6ffnen Sie Ihr Handelskonto hier!\" \/>\n<meta name=\"robots\" content=\"noindex, follow, max-snippet:-1, max-image-preview:large, max-video-preview:-1\" \/>\n<meta property=\"og:locale\" content=\"de_DE\" \/>\n<meta property=\"og:type\" content=\"article\" \/>\n<meta property=\"og:title\" content=\"Handeln Sie Devisen und CFDs mit GFE Markets\" \/>\n<meta property=\"og:description\" content=\"Handeln Sie die M\u00e4rkte effektiv mit GFE Markets. Hunderte von Handelsinstrumenten verf\u00fcgbar, von Forex bis Tesla-Aktien! Er\u00f6ffnen Sie Ihr Handelskonto hier!\" \/>\n<meta property=\"og:url\" content=\"http:\/\/gfemarket.rudetings.com\/de\/\" \/>\n<meta property=\"og:site_name\" content=\"GFE\" \/>\n<meta property=\"article:modified_time\" content=\"2022-06-07T14:50:06+00:00\" \/>\n<meta name=\"twitter:card\" content=\"summary_large_image\" \/>\n<meta name=\"twitter:title\" content=\"Handeln Sie Devisen und CFDs mit GFE Markets\" \/>\n<meta name=\"twitter:description\" content=\"Handeln Sie die M\u00e4rkte effektiv mit GFE Markets. Hunderte von Handelsinstrumenten verf\u00fcgbar, von Forex bis Tesla-Aktien! Er\u00f6ffnen Sie Ihr Handelskonto hier!\" \/>\n<script type=\"application\/ld+json\" class=\"yoast-schema-graph\">{\"@context\":\"https:\/\/schema.org\",\"@graph\":[{\"@type\":\"WebPage\",\"@id\":\"http:\/\/gfemarket.rudetings.com\/de\/\",\"url\":\"http:\/\/gfemarket.rudetings.com\/de\/\",\"name\":\"Handeln Sie Devisen und CFDs mit GFE Markets\",\"isPartOf\":{\"@id\":\"http:\/\/gfemarket.rudetings.com\/#website\"},\"datePublished\":\"2022-05-12T03:17:48+00:00\",\"dateModified\":\"2022-06-07T14:50:06+00:00\",\"description\":\"Handeln Sie die M\u00e4rkte effektiv mit GFE Markets. Hunderte von Handelsinstrumenten verf\u00fcgbar, von Forex bis Tesla-Aktien! Er\u00f6ffnen Sie Ihr Handelskonto hier!\",\"breadcrumb\":{\"@id\":\"http:\/\/gfemarket.rudetings.com\/de\/#breadcrumb\"},\"inLanguage\":\"de\",\"potentialAction\":[{\"@type\":\"ReadAction\",\"target\":[\"http:\/\/gfemarket.rudetings.com\/de\/\"]}]},{\"@type\":\"BreadcrumbList\",\"@id\":\"http:\/\/gfemarket.rudetings.com\/de\/#breadcrumb\",\"itemListElement\":[{\"@type\":\"ListItem\",\"position\":1,\"name\":\"Home\",\"item\":\"http:\/\/gfemarket.rudetings.com\/de\/\"},{\"@type\":\"ListItem\",\"position\":2,\"name\":\"Home page\"}]},{\"@type\":\"WebSite\",\"@id\":\"http:\/\/gfemarket.rudetings.com\/#website\",\"url\":\"http:\/\/gfemarket.rudetings.com\/\",\"name\":\"GFE\",\"description\":\"GFE markets\",\"potentialAction\":[{\"@type\":\"SearchAction\",\"target\":{\"@type\":\"EntryPoint\",\"urlTemplate\":\"http:\/\/gfemarket.rudetings.com\/?s={search_term_string}\"},\"query-input\":\"required name=search_term_string\"}],\"inLanguage\":\"de\"}]}<\/script>\n<!-- \/ Yoast SEO plugin. -->","yoast_head_json":{"title":"Handeln Sie Devisen und CFDs mit GFE Markets","description":"Handeln Sie die M\u00e4rkte effektiv mit GFE Markets. Hunderte von Handelsinstrumenten verf\u00fcgbar, von Forex bis Tesla-Aktien! Er\u00f6ffnen Sie Ihr Handelskonto hier!","robots":{"index":"noindex","follow":"follow","max-snippet":"max-snippet:-1","max-image-preview":"max-image-preview:large","max-video-preview":"max-video-preview:-1"},"og_locale":"de_DE","og_type":"article","og_title":"Handeln Sie Devisen und CFDs mit GFE Markets","og_description":"Handeln Sie die M\u00e4rkte effektiv mit GFE Markets. Hunderte von Handelsinstrumenten verf\u00fcgbar, von Forex bis Tesla-Aktien! Er\u00f6ffnen Sie Ihr Handelskonto hier!","og_url":"http:\/\/gfemarket.rudetings.com\/de\/","og_site_name":"GFE","article_modified_time":"2022-06-07T14:50:06+00:00","twitter_card":"summary_large_image","twitter_title":"Handeln Sie Devisen und CFDs mit GFE Markets","twitter_description":"Handeln Sie die M\u00e4rkte effektiv mit GFE Markets. Hunderte von Handelsinstrumenten verf\u00fcgbar, von Forex bis Tesla-Aktien! Er\u00f6ffnen Sie Ihr Handelskonto hier!","schema":{"@context":"https:\/\/schema.org","@graph":[{"@type":"WebPage","@id":"http:\/\/gfemarket.rudetings.com\/de\/","url":"http:\/\/gfemarket.rudetings.com\/de\/","name":"Handeln Sie Devisen und CFDs mit GFE Markets","isPartOf":{"@id":"http:\/\/gfemarket.rudetings.com\/#website"},"datePublished":"2022-05-12T03:17:48+00:00","dateModified":"2022-06-07T14:50:06+00:00","description":"Handeln Sie die M\u00e4rkte effektiv mit GFE Markets. Hunderte von Handelsinstrumenten verf\u00fcgbar, von Forex bis Tesla-Aktien! Er\u00f6ffnen Sie Ihr Handelskonto hier!","breadcrumb":{"@id":"http:\/\/gfemarket.rudetings.com\/de\/#breadcrumb"},"inLanguage":"de","potentialAction":[{"@type":"ReadAction","target":["http:\/\/gfemarket.rudetings.com\/de\/"]}]},{"@type":"BreadcrumbList","@id":"http:\/\/gfemarket.rudetings.com\/de\/#breadcrumb","itemListElement":[{"@type":"ListItem","position":1,"name":"Home","item":"http:\/\/gfemarket.rudetings.com\/de\/"},{"@type":"ListItem","position":2,"name":"Home page"}]},{"@type":"WebSite","@id":"http:\/\/gfemarket.rudetings.com\/#website","url":"http:\/\/gfemarket.rudetings.com\/","name":"GFE","description":"GFE markets","potentialAction":[{"@type":"SearchAction","target":{"@type":"EntryPoint","urlTemplate":"http:\/\/gfemarket.rudetings.com\/?s={search_term_string}"},"query-input":"required name=search_term_string"}],"inLanguage":"de"}]}},"_links":{"self":[{"href":"http:\/\/gfemarket.rudetings.com\/de\/wp-json\/wp\/v2\/pages\/3166","targetHints":{"allow":["GET"]}}],"collection":[{"href":"http:\/\/gfemarket.rudetings.com\/de\/wp-json\/wp\/v2\/pages"}],"about":[{"href":"http:\/\/gfemarket.rudetings.com\/de\/wp-json\/wp\/v2\/types\/page"}],"author":[{"embeddable":true,"href":"http:\/\/gfemarket.rudetings.com\/de\/wp-json\/wp\/v2\/users\/19"}],"replies":[{"embeddable":true,"href":"http:\/\/gfemarket.rudetings.com\/de\/wp-json\/wp\/v2\/comments?post=3166"}],"version-history":[{"count":3,"href":"http:\/\/gfemarket.rudetings.com\/de\/wp-json\/wp\/v2\/pages\/3166\/revisions"}],"predecessor-version":[{"id":3808,"href":"http:\/\/gfemarket.rudetings.com\/de\/wp-json\/wp\/v2\/pages\/3166\/revisions\/3808"}],"wp:attachment":[{"href":"http:\/\/gfemarket.rudetings.com\/de\/wp-json\/wp\/v2\/media?parent=3166"}],"curies":[{"name":"wp","href":"https:\/\/api.w.org\/{rel}","templated":true}]}}