{"id":3196,"date":"2022-05-21T05:04:57","date_gmt":"2022-05-21T05:04:57","guid":{"rendered":"https:\/\/dev.gfemarkets.com\/trade-the-markets\/"},"modified":"2022-06-07T19:45:01","modified_gmt":"2022-06-07T19:45:01","slug":"markets","status":"publish","type":"page","link":"http:\/\/gfemarket.rudetings.com\/de\/markets\/","title":{"rendered":"Trade the Markets"},"content":{"rendered":"","protected":false},"excerpt":{"rendered":"","protected":false},"author":19,"featured_media":0,"parent":0,"menu_order":0,"comment_status":"closed","ping_status":"closed","template":"page-markets.php","meta":{"footnotes":""},"class_list":["post-3196","page","type-page","status-publish","hentry"],"yoast_head":"<!-- This site is optimized with the Yoast SEO plugin v19.13 - https:\/\/yoast.com\/wordpress\/plugins\/seo\/ -->\n<title>Sehen Sie sich das Marktangebot von GFE an! W\u00e4hlen Sie Ihre bevorzugte Variante<\/title>\n<meta name=\"description\" content=\"Mit GFE Markets k\u00f6nnen Sie aus einer breiten Palette von M\u00e4rkten w\u00e4hlen und den handeln, der Ihnen gef\u00e4llt! W\u00e4hlen Sie den von Ihnen bevorzugten Verm\u00f6genswert und handeln Sie ihn mit GFE.\" \/>\n<meta name=\"robots\" content=\"noindex, follow, max-snippet:-1, max-image-preview:large, max-video-preview:-1\" \/>\n<meta property=\"og:locale\" content=\"de_DE\" \/>\n<meta property=\"og:type\" content=\"article\" \/>\n<meta property=\"og:title\" content=\"Sehen Sie sich das Marktangebot von GFE an! W\u00e4hlen Sie Ihre bevorzugte Variante\" \/>\n<meta property=\"og:description\" content=\"Mit GFE Markets k\u00f6nnen Sie aus einer breiten Palette von M\u00e4rkten w\u00e4hlen und den handeln, der Ihnen gef\u00e4llt! W\u00e4hlen Sie den von Ihnen bevorzugten Verm\u00f6genswert und handeln Sie ihn mit GFE.\" \/>\n<meta property=\"og:url\" content=\"https:\/\/gfemarket.rudetings.com\/de\/markets\/\" \/>\n<meta property=\"og:site_name\" content=\"GFE\" \/>\n<meta property=\"article:modified_time\" content=\"2022-06-07T19:45:01+00:00\" \/>\n<meta name=\"twitter:card\" content=\"summary_large_image\" \/>\n<meta name=\"twitter:title\" content=\"Sehen Sie sich das Marktangebot von GFE an! W\u00e4hlen Sie Ihre bevorzugte Variante\" \/>\n<meta name=\"twitter:description\" content=\"Mit GFE Markets k\u00f6nnen Sie aus einer breiten Palette von M\u00e4rkten w\u00e4hlen und den handeln, der Ihnen gef\u00e4llt! W\u00e4hlen Sie den von Ihnen bevorzugten Verm\u00f6genswert und handeln Sie ihn mit GFE.\" \/>\n<script type=\"application\/ld+json\" class=\"yoast-schema-graph\">{\"@context\":\"https:\/\/schema.org\",\"@graph\":[{\"@type\":\"WebPage\",\"@id\":\"https:\/\/gfemarket.rudetings.com\/de\/markets\/\",\"url\":\"https:\/\/gfemarket.rudetings.com\/de\/markets\/\",\"name\":\"Sehen Sie sich das Marktangebot von GFE an! W\u00e4hlen Sie Ihre bevorzugte Variante\",\"isPartOf\":{\"@id\":\"http:\/\/gfemarket.rudetings.com\/#website\"},\"datePublished\":\"2022-05-21T05:04:57+00:00\",\"dateModified\":\"2022-06-07T19:45:01+00:00\",\"description\":\"Mit GFE Markets k\u00f6nnen Sie aus einer breiten Palette von M\u00e4rkten w\u00e4hlen und den handeln, der Ihnen gef\u00e4llt! W\u00e4hlen Sie den von Ihnen bevorzugten Verm\u00f6genswert und handeln Sie ihn mit GFE.\",\"breadcrumb\":{\"@id\":\"https:\/\/gfemarket.rudetings.com\/de\/markets\/#breadcrumb\"},\"inLanguage\":\"de\",\"potentialAction\":[{\"@type\":\"ReadAction\",\"target\":[\"https:\/\/gfemarket.rudetings.com\/de\/markets\/\"]}]},{\"@type\":\"BreadcrumbList\",\"@id\":\"https:\/\/gfemarket.rudetings.com\/de\/markets\/#breadcrumb\",\"itemListElement\":[{\"@type\":\"ListItem\",\"position\":1,\"name\":\"Home\",\"item\":\"http:\/\/gfemarket.rudetings.com\/de\/\"},{\"@type\":\"ListItem\",\"position\":2,\"name\":\"Trade the Markets\"}]},{\"@type\":\"WebSite\",\"@id\":\"http:\/\/gfemarket.rudetings.com\/#website\",\"url\":\"http:\/\/gfemarket.rudetings.com\/\",\"name\":\"GFE\",\"description\":\"GFE markets\",\"potentialAction\":[{\"@type\":\"SearchAction\",\"target\":{\"@type\":\"EntryPoint\",\"urlTemplate\":\"http:\/\/gfemarket.rudetings.com\/?s={search_term_string}\"},\"query-input\":\"required name=search_term_string\"}],\"inLanguage\":\"de\"}]}<\/script>\n<!-- \/ Yoast SEO plugin. -->","yoast_head_json":{"title":"Sehen Sie sich das Marktangebot von GFE an! W\u00e4hlen Sie Ihre bevorzugte Variante","description":"Mit GFE Markets k\u00f6nnen Sie aus einer breiten Palette von M\u00e4rkten w\u00e4hlen und den handeln, der Ihnen gef\u00e4llt! W\u00e4hlen Sie den von Ihnen bevorzugten Verm\u00f6genswert und handeln Sie ihn mit GFE.","robots":{"index":"noindex","follow":"follow","max-snippet":"max-snippet:-1","max-image-preview":"max-image-preview:large","max-video-preview":"max-video-preview:-1"},"og_locale":"de_DE","og_type":"article","og_title":"Sehen Sie sich das Marktangebot von GFE an! W\u00e4hlen Sie Ihre bevorzugte Variante","og_description":"Mit GFE Markets k\u00f6nnen Sie aus einer breiten Palette von M\u00e4rkten w\u00e4hlen und den handeln, der Ihnen gef\u00e4llt! W\u00e4hlen Sie den von Ihnen bevorzugten Verm\u00f6genswert und handeln Sie ihn mit GFE.","og_url":"https:\/\/gfemarket.rudetings.com\/de\/markets\/","og_site_name":"GFE","article_modified_time":"2022-06-07T19:45:01+00:00","twitter_card":"summary_large_image","twitter_title":"Sehen Sie sich das Marktangebot von GFE an! W\u00e4hlen Sie Ihre bevorzugte Variante","twitter_description":"Mit GFE Markets k\u00f6nnen Sie aus einer breiten Palette von M\u00e4rkten w\u00e4hlen und den handeln, der Ihnen gef\u00e4llt! W\u00e4hlen Sie den von Ihnen bevorzugten Verm\u00f6genswert und handeln Sie ihn mit GFE.","schema":{"@context":"https:\/\/schema.org","@graph":[{"@type":"WebPage","@id":"https:\/\/gfemarket.rudetings.com\/de\/markets\/","url":"https:\/\/gfemarket.rudetings.com\/de\/markets\/","name":"Sehen Sie sich das Marktangebot von GFE an! W\u00e4hlen Sie Ihre bevorzugte Variante","isPartOf":{"@id":"http:\/\/gfemarket.rudetings.com\/#website"},"datePublished":"2022-05-21T05:04:57+00:00","dateModified":"2022-06-07T19:45:01+00:00","description":"Mit GFE Markets k\u00f6nnen Sie aus einer breiten Palette von M\u00e4rkten w\u00e4hlen und den handeln, der Ihnen gef\u00e4llt! W\u00e4hlen Sie den von Ihnen bevorzugten Verm\u00f6genswert und handeln Sie ihn mit GFE.","breadcrumb":{"@id":"https:\/\/gfemarket.rudetings.com\/de\/markets\/#breadcrumb"},"inLanguage":"de","potentialAction":[{"@type":"ReadAction","target":["https:\/\/gfemarket.rudetings.com\/de\/markets\/"]}]},{"@type":"BreadcrumbList","@id":"https:\/\/gfemarket.rudetings.com\/de\/markets\/#breadcrumb","itemListElement":[{"@type":"ListItem","position":1,"name":"Home","item":"http:\/\/gfemarket.rudetings.com\/de\/"},{"@type":"ListItem","position":2,"name":"Trade the Markets"}]},{"@type":"WebSite","@id":"http:\/\/gfemarket.rudetings.com\/#website","url":"http:\/\/gfemarket.rudetings.com\/","name":"GFE","description":"GFE markets","potentialAction":[{"@type":"SearchAction","target":{"@type":"EntryPoint","urlTemplate":"http:\/\/gfemarket.rudetings.com\/?s={search_term_string}"},"query-input":"required name=search_term_string"}],"inLanguage":"de"}]}},"_links":{"self":[{"href":"http:\/\/gfemarket.rudetings.com\/de\/wp-json\/wp\/v2\/pages\/3196","targetHints":{"allow":["GET"]}}],"collection":[{"href":"http:\/\/gfemarket.rudetings.com\/de\/wp-json\/wp\/v2\/pages"}],"about":[{"href":"http:\/\/gfemarket.rudetings.com\/de\/wp-json\/wp\/v2\/types\/page"}],"author":[{"embeddable":true,"href":"http:\/\/gfemarket.rudetings.com\/de\/wp-json\/wp\/v2\/users\/19"}],"replies":[{"embeddable":true,"href":"http:\/\/gfemarket.rudetings.com\/de\/wp-json\/wp\/v2\/comments?post=3196"}],"version-history":[{"count":3,"href":"http:\/\/gfemarket.rudetings.com\/de\/wp-json\/wp\/v2\/pages\/3196\/revisions"}],"predecessor-version":[{"id":3862,"href":"http:\/\/gfemarket.rudetings.com\/de\/wp-json\/wp\/v2\/pages\/3196\/revisions\/3862"}],"wp:attachment":[{"href":"http:\/\/gfemarket.rudetings.com\/de\/wp-json\/wp\/v2\/media?parent=3196"}],"curies":[{"name":"wp","href":"https:\/\/api.w.org\/{rel}","templated":true}]}}