{"id":3205,"date":"2022-05-13T09:58:22","date_gmt":"2022-05-13T09:58:22","guid":{"rendered":"https:\/\/dev.gfemarkets.com\/why-trade-with-gfe-markets\/"},"modified":"2022-06-07T15:12:49","modified_gmt":"2022-06-07T15:12:49","slug":"why-trade-with-gfe-markets","status":"publish","type":"page","link":"http:\/\/gfemarket.rudetings.com\/de\/why-trade-with-gfe-markets\/","title":{"rendered":"Why Trade With GFE Markets?"},"content":{"rendered":"","protected":false},"excerpt":{"rendered":"","protected":false},"author":19,"featured_media":0,"parent":0,"menu_order":0,"comment_status":"closed","ping_status":"closed","template":"page-why.php","meta":{"footnotes":""},"class_list":["post-3205","page","type-page","status-publish","hentry"],"yoast_head":"<!-- This site is optimized with the Yoast SEO plugin v19.13 - https:\/\/yoast.com\/wordpress\/plugins\/seo\/ -->\n<title>M\u00f6chten Sie an den M\u00e4rkten handeln? GFE Markets ist Ihre erste Wahl!<\/title>\n<meta name=\"description\" content=\"GFE Markets bedient inzwischen 100.000 H\u00e4ndler weltweit. Schauen Sie sich unser TrustPilot-Profil an, um zu sehen, warum wir als einer der besten Forex-Broker der Welt eingestuft sind!\" \/>\n<meta name=\"robots\" content=\"noindex, follow, max-snippet:-1, max-image-preview:large, max-video-preview:-1\" \/>\n<meta property=\"og:locale\" content=\"de_DE\" \/>\n<meta property=\"og:type\" content=\"article\" \/>\n<meta property=\"og:title\" content=\"M\u00f6chten Sie an den M\u00e4rkten handeln? GFE Markets ist Ihre erste Wahl!\" \/>\n<meta property=\"og:description\" content=\"GFE Markets bedient inzwischen 100.000 H\u00e4ndler weltweit. Schauen Sie sich unser TrustPilot-Profil an, um zu sehen, warum wir als einer der besten Forex-Broker der Welt eingestuft sind!\" \/>\n<meta property=\"og:url\" content=\"https:\/\/gfemarket.rudetings.com\/de\/why-trade-with-gfe-markets\/\" \/>\n<meta property=\"og:site_name\" content=\"GFE\" \/>\n<meta property=\"article:modified_time\" content=\"2022-06-07T15:12:49+00:00\" \/>\n<meta name=\"twitter:card\" content=\"summary_large_image\" \/>\n<meta name=\"twitter:title\" content=\"M\u00f6chten Sie an den M\u00e4rkten handeln? GFE Markets ist Ihre erste Wahl!\" \/>\n<meta name=\"twitter:description\" content=\"GFE Markets bedient inzwischen 100.000 H\u00e4ndler weltweit. Schauen Sie sich unser TrustPilot-Profil an, um zu sehen, warum wir als einer der besten Forex-Broker der Welt eingestuft sind!\" \/>\n<script type=\"application\/ld+json\" class=\"yoast-schema-graph\">{\"@context\":\"https:\/\/schema.org\",\"@graph\":[{\"@type\":\"WebPage\",\"@id\":\"https:\/\/gfemarket.rudetings.com\/de\/why-trade-with-gfe-markets\/\",\"url\":\"https:\/\/gfemarket.rudetings.com\/de\/why-trade-with-gfe-markets\/\",\"name\":\"M\u00f6chten Sie an den M\u00e4rkten handeln? GFE Markets ist Ihre erste Wahl!\",\"isPartOf\":{\"@id\":\"http:\/\/gfemarket.rudetings.com\/#website\"},\"datePublished\":\"2022-05-13T09:58:22+00:00\",\"dateModified\":\"2022-06-07T15:12:49+00:00\",\"description\":\"GFE Markets bedient inzwischen 100.000 H\u00e4ndler weltweit. Schauen Sie sich unser TrustPilot-Profil an, um zu sehen, warum wir als einer der besten Forex-Broker der Welt eingestuft sind!\",\"breadcrumb\":{\"@id\":\"https:\/\/gfemarket.rudetings.com\/de\/why-trade-with-gfe-markets\/#breadcrumb\"},\"inLanguage\":\"de\",\"potentialAction\":[{\"@type\":\"ReadAction\",\"target\":[\"https:\/\/gfemarket.rudetings.com\/de\/why-trade-with-gfe-markets\/\"]}]},{\"@type\":\"BreadcrumbList\",\"@id\":\"https:\/\/gfemarket.rudetings.com\/de\/why-trade-with-gfe-markets\/#breadcrumb\",\"itemListElement\":[{\"@type\":\"ListItem\",\"position\":1,\"name\":\"Home\",\"item\":\"http:\/\/gfemarket.rudetings.com\/de\/\"},{\"@type\":\"ListItem\",\"position\":2,\"name\":\"Why Trade With GFE Markets?\"}]},{\"@type\":\"WebSite\",\"@id\":\"http:\/\/gfemarket.rudetings.com\/#website\",\"url\":\"http:\/\/gfemarket.rudetings.com\/\",\"name\":\"GFE\",\"description\":\"GFE markets\",\"potentialAction\":[{\"@type\":\"SearchAction\",\"target\":{\"@type\":\"EntryPoint\",\"urlTemplate\":\"http:\/\/gfemarket.rudetings.com\/?s={search_term_string}\"},\"query-input\":\"required name=search_term_string\"}],\"inLanguage\":\"de\"}]}<\/script>\n<!-- \/ Yoast SEO plugin. -->","yoast_head_json":{"title":"M\u00f6chten Sie an den M\u00e4rkten handeln? GFE Markets ist Ihre erste Wahl!","description":"GFE Markets bedient inzwischen 100.000 H\u00e4ndler weltweit. Schauen Sie sich unser TrustPilot-Profil an, um zu sehen, warum wir als einer der besten Forex-Broker der Welt eingestuft sind!","robots":{"index":"noindex","follow":"follow","max-snippet":"max-snippet:-1","max-image-preview":"max-image-preview:large","max-video-preview":"max-video-preview:-1"},"og_locale":"de_DE","og_type":"article","og_title":"M\u00f6chten Sie an den M\u00e4rkten handeln? GFE Markets ist Ihre erste Wahl!","og_description":"GFE Markets bedient inzwischen 100.000 H\u00e4ndler weltweit. Schauen Sie sich unser TrustPilot-Profil an, um zu sehen, warum wir als einer der besten Forex-Broker der Welt eingestuft sind!","og_url":"https:\/\/gfemarket.rudetings.com\/de\/why-trade-with-gfe-markets\/","og_site_name":"GFE","article_modified_time":"2022-06-07T15:12:49+00:00","twitter_card":"summary_large_image","twitter_title":"M\u00f6chten Sie an den M\u00e4rkten handeln? GFE Markets ist Ihre erste Wahl!","twitter_description":"GFE Markets bedient inzwischen 100.000 H\u00e4ndler weltweit. Schauen Sie sich unser TrustPilot-Profil an, um zu sehen, warum wir als einer der besten Forex-Broker der Welt eingestuft sind!","schema":{"@context":"https:\/\/schema.org","@graph":[{"@type":"WebPage","@id":"https:\/\/gfemarket.rudetings.com\/de\/why-trade-with-gfe-markets\/","url":"https:\/\/gfemarket.rudetings.com\/de\/why-trade-with-gfe-markets\/","name":"M\u00f6chten Sie an den M\u00e4rkten handeln? GFE Markets ist Ihre erste Wahl!","isPartOf":{"@id":"http:\/\/gfemarket.rudetings.com\/#website"},"datePublished":"2022-05-13T09:58:22+00:00","dateModified":"2022-06-07T15:12:49+00:00","description":"GFE Markets bedient inzwischen 100.000 H\u00e4ndler weltweit. Schauen Sie sich unser TrustPilot-Profil an, um zu sehen, warum wir als einer der besten Forex-Broker der Welt eingestuft sind!","breadcrumb":{"@id":"https:\/\/gfemarket.rudetings.com\/de\/why-trade-with-gfe-markets\/#breadcrumb"},"inLanguage":"de","potentialAction":[{"@type":"ReadAction","target":["https:\/\/gfemarket.rudetings.com\/de\/why-trade-with-gfe-markets\/"]}]},{"@type":"BreadcrumbList","@id":"https:\/\/gfemarket.rudetings.com\/de\/why-trade-with-gfe-markets\/#breadcrumb","itemListElement":[{"@type":"ListItem","position":1,"name":"Home","item":"http:\/\/gfemarket.rudetings.com\/de\/"},{"@type":"ListItem","position":2,"name":"Why Trade With GFE Markets?"}]},{"@type":"WebSite","@id":"http:\/\/gfemarket.rudetings.com\/#website","url":"http:\/\/gfemarket.rudetings.com\/","name":"GFE","description":"GFE markets","potentialAction":[{"@type":"SearchAction","target":{"@type":"EntryPoint","urlTemplate":"http:\/\/gfemarket.rudetings.com\/?s={search_term_string}"},"query-input":"required name=search_term_string"}],"inLanguage":"de"}]}},"_links":{"self":[{"href":"http:\/\/gfemarket.rudetings.com\/de\/wp-json\/wp\/v2\/pages\/3205","targetHints":{"allow":["GET"]}}],"collection":[{"href":"http:\/\/gfemarket.rudetings.com\/de\/wp-json\/wp\/v2\/pages"}],"about":[{"href":"http:\/\/gfemarket.rudetings.com\/de\/wp-json\/wp\/v2\/types\/page"}],"author":[{"embeddable":true,"href":"http:\/\/gfemarket.rudetings.com\/de\/wp-json\/wp\/v2\/users\/19"}],"replies":[{"embeddable":true,"href":"http:\/\/gfemarket.rudetings.com\/de\/wp-json\/wp\/v2\/comments?post=3205"}],"version-history":[{"count":3,"href":"http:\/\/gfemarket.rudetings.com\/de\/wp-json\/wp\/v2\/pages\/3205\/revisions"}],"predecessor-version":[{"id":3820,"href":"http:\/\/gfemarket.rudetings.com\/de\/wp-json\/wp\/v2\/pages\/3205\/revisions\/3820"}],"wp:attachment":[{"href":"http:\/\/gfemarket.rudetings.com\/de\/wp-json\/wp\/v2\/media?parent=3205"}],"curies":[{"name":"wp","href":"https:\/\/api.w.org\/{rel}","templated":true}]}}