{"id":3208,"date":"2022-05-16T11:34:18","date_gmt":"2022-05-16T11:34:18","guid":{"rendered":"https:\/\/dev.gfemarkets.com\/withdrawing-your-winnings\/"},"modified":"2022-06-07T15:21:55","modified_gmt":"2022-06-07T15:21:55","slug":"withdrawals","status":"publish","type":"page","link":"http:\/\/gfemarket.rudetings.com\/de\/withdrawals\/","title":{"rendered":"Withdrawing Your Winnings"},"content":{"rendered":"","protected":false},"excerpt":{"rendered":"","protected":false},"author":19,"featured_media":0,"parent":0,"menu_order":0,"comment_status":"closed","ping_status":"closed","template":"page-withdrawals.php","meta":{"footnotes":""},"class_list":["post-3208","page","type-page","status-publish","hentry"],"yoast_head":"<!-- This site is optimized with the Yoast SEO plugin v19.13 - https:\/\/yoast.com\/wordpress\/plugins\/seo\/ -->\n<title>Auszahlung Ihrer Gelder von GFE Markets<\/title>\n<meta name=\"description\" content=\"Die Investition, die Sie bei GFE Markets get\u00e4tigt haben, geh\u00f6rt Ihnen. Ihre Gewinne geh\u00f6ren Ihnen. Wenn Sie Ihren Gewinn haben wollen, k\u00f6nnen Sie ihn anfordern und wir werden ihn sofort auszahlen!\" \/>\n<meta name=\"robots\" content=\"noindex, follow, max-snippet:-1, max-image-preview:large, max-video-preview:-1\" \/>\n<meta property=\"og:locale\" content=\"de_DE\" \/>\n<meta property=\"og:type\" content=\"article\" \/>\n<meta property=\"og:title\" content=\"Auszahlung Ihrer Gelder von GFE Markets\" \/>\n<meta property=\"og:description\" content=\"Die Investition, die Sie bei GFE Markets get\u00e4tigt haben, geh\u00f6rt Ihnen. Ihre Gewinne geh\u00f6ren Ihnen. Wenn Sie Ihren Gewinn haben wollen, k\u00f6nnen Sie ihn anfordern und wir werden ihn sofort auszahlen!\" \/>\n<meta property=\"og:url\" content=\"https:\/\/gfemarket.rudetings.com\/de\/withdrawals\/\" \/>\n<meta property=\"og:site_name\" content=\"GFE\" \/>\n<meta property=\"article:modified_time\" content=\"2022-06-07T15:21:55+00:00\" \/>\n<meta name=\"twitter:card\" content=\"summary_large_image\" \/>\n<meta name=\"twitter:title\" content=\"Auszahlung Ihrer Gelder von GFE Markets\" \/>\n<meta name=\"twitter:description\" content=\"Die Investition, die Sie bei GFE Markets get\u00e4tigt haben, geh\u00f6rt Ihnen. Ihre Gewinne geh\u00f6ren Ihnen. Wenn Sie Ihren Gewinn haben wollen, k\u00f6nnen Sie ihn anfordern und wir werden ihn sofort auszahlen!\" \/>\n<script type=\"application\/ld+json\" class=\"yoast-schema-graph\">{\"@context\":\"https:\/\/schema.org\",\"@graph\":[{\"@type\":\"WebPage\",\"@id\":\"https:\/\/gfemarket.rudetings.com\/de\/withdrawals\/\",\"url\":\"https:\/\/gfemarket.rudetings.com\/de\/withdrawals\/\",\"name\":\"Auszahlung Ihrer Gelder von GFE Markets\",\"isPartOf\":{\"@id\":\"http:\/\/gfemarket.rudetings.com\/#website\"},\"datePublished\":\"2022-05-16T11:34:18+00:00\",\"dateModified\":\"2022-06-07T15:21:55+00:00\",\"description\":\"Die Investition, die Sie bei GFE Markets get\u00e4tigt haben, geh\u00f6rt Ihnen. Ihre Gewinne geh\u00f6ren Ihnen. Wenn Sie Ihren Gewinn haben wollen, k\u00f6nnen Sie ihn anfordern und wir werden ihn sofort auszahlen!\",\"breadcrumb\":{\"@id\":\"https:\/\/gfemarket.rudetings.com\/de\/withdrawals\/#breadcrumb\"},\"inLanguage\":\"de\",\"potentialAction\":[{\"@type\":\"ReadAction\",\"target\":[\"https:\/\/gfemarket.rudetings.com\/de\/withdrawals\/\"]}]},{\"@type\":\"BreadcrumbList\",\"@id\":\"https:\/\/gfemarket.rudetings.com\/de\/withdrawals\/#breadcrumb\",\"itemListElement\":[{\"@type\":\"ListItem\",\"position\":1,\"name\":\"Home\",\"item\":\"http:\/\/gfemarket.rudetings.com\/de\/\"},{\"@type\":\"ListItem\",\"position\":2,\"name\":\"Withdrawing Your Winnings\"}]},{\"@type\":\"WebSite\",\"@id\":\"http:\/\/gfemarket.rudetings.com\/#website\",\"url\":\"http:\/\/gfemarket.rudetings.com\/\",\"name\":\"GFE\",\"description\":\"GFE markets\",\"potentialAction\":[{\"@type\":\"SearchAction\",\"target\":{\"@type\":\"EntryPoint\",\"urlTemplate\":\"http:\/\/gfemarket.rudetings.com\/?s={search_term_string}\"},\"query-input\":\"required name=search_term_string\"}],\"inLanguage\":\"de\"}]}<\/script>\n<!-- \/ Yoast SEO plugin. -->","yoast_head_json":{"title":"Auszahlung Ihrer Gelder von GFE Markets","description":"Die Investition, die Sie bei GFE Markets get\u00e4tigt haben, geh\u00f6rt Ihnen. Ihre Gewinne geh\u00f6ren Ihnen. Wenn Sie Ihren Gewinn haben wollen, k\u00f6nnen Sie ihn anfordern und wir werden ihn sofort auszahlen!","robots":{"index":"noindex","follow":"follow","max-snippet":"max-snippet:-1","max-image-preview":"max-image-preview:large","max-video-preview":"max-video-preview:-1"},"og_locale":"de_DE","og_type":"article","og_title":"Auszahlung Ihrer Gelder von GFE Markets","og_description":"Die Investition, die Sie bei GFE Markets get\u00e4tigt haben, geh\u00f6rt Ihnen. Ihre Gewinne geh\u00f6ren Ihnen. Wenn Sie Ihren Gewinn haben wollen, k\u00f6nnen Sie ihn anfordern und wir werden ihn sofort auszahlen!","og_url":"https:\/\/gfemarket.rudetings.com\/de\/withdrawals\/","og_site_name":"GFE","article_modified_time":"2022-06-07T15:21:55+00:00","twitter_card":"summary_large_image","twitter_title":"Auszahlung Ihrer Gelder von GFE Markets","twitter_description":"Die Investition, die Sie bei GFE Markets get\u00e4tigt haben, geh\u00f6rt Ihnen. Ihre Gewinne geh\u00f6ren Ihnen. Wenn Sie Ihren Gewinn haben wollen, k\u00f6nnen Sie ihn anfordern und wir werden ihn sofort auszahlen!","schema":{"@context":"https:\/\/schema.org","@graph":[{"@type":"WebPage","@id":"https:\/\/gfemarket.rudetings.com\/de\/withdrawals\/","url":"https:\/\/gfemarket.rudetings.com\/de\/withdrawals\/","name":"Auszahlung Ihrer Gelder von GFE Markets","isPartOf":{"@id":"http:\/\/gfemarket.rudetings.com\/#website"},"datePublished":"2022-05-16T11:34:18+00:00","dateModified":"2022-06-07T15:21:55+00:00","description":"Die Investition, die Sie bei GFE Markets get\u00e4tigt haben, geh\u00f6rt Ihnen. Ihre Gewinne geh\u00f6ren Ihnen. Wenn Sie Ihren Gewinn haben wollen, k\u00f6nnen Sie ihn anfordern und wir werden ihn sofort auszahlen!","breadcrumb":{"@id":"https:\/\/gfemarket.rudetings.com\/de\/withdrawals\/#breadcrumb"},"inLanguage":"de","potentialAction":[{"@type":"ReadAction","target":["https:\/\/gfemarket.rudetings.com\/de\/withdrawals\/"]}]},{"@type":"BreadcrumbList","@id":"https:\/\/gfemarket.rudetings.com\/de\/withdrawals\/#breadcrumb","itemListElement":[{"@type":"ListItem","position":1,"name":"Home","item":"http:\/\/gfemarket.rudetings.com\/de\/"},{"@type":"ListItem","position":2,"name":"Withdrawing Your Winnings"}]},{"@type":"WebSite","@id":"http:\/\/gfemarket.rudetings.com\/#website","url":"http:\/\/gfemarket.rudetings.com\/","name":"GFE","description":"GFE markets","potentialAction":[{"@type":"SearchAction","target":{"@type":"EntryPoint","urlTemplate":"http:\/\/gfemarket.rudetings.com\/?s={search_term_string}"},"query-input":"required name=search_term_string"}],"inLanguage":"de"}]}},"_links":{"self":[{"href":"http:\/\/gfemarket.rudetings.com\/de\/wp-json\/wp\/v2\/pages\/3208","targetHints":{"allow":["GET"]}}],"collection":[{"href":"http:\/\/gfemarket.rudetings.com\/de\/wp-json\/wp\/v2\/pages"}],"about":[{"href":"http:\/\/gfemarket.rudetings.com\/de\/wp-json\/wp\/v2\/types\/page"}],"author":[{"embeddable":true,"href":"http:\/\/gfemarket.rudetings.com\/de\/wp-json\/wp\/v2\/users\/19"}],"replies":[{"embeddable":true,"href":"http:\/\/gfemarket.rudetings.com\/de\/wp-json\/wp\/v2\/comments?post=3208"}],"version-history":[{"count":3,"href":"http:\/\/gfemarket.rudetings.com\/de\/wp-json\/wp\/v2\/pages\/3208\/revisions"}],"predecessor-version":[{"id":3823,"href":"http:\/\/gfemarket.rudetings.com\/de\/wp-json\/wp\/v2\/pages\/3208\/revisions\/3823"}],"wp:attachment":[{"href":"http:\/\/gfemarket.rudetings.com\/de\/wp-json\/wp\/v2\/media?parent=3208"}],"curies":[{"name":"wp","href":"https:\/\/api.w.org\/{rel}","templated":true}]}}