{"id":2971,"date":"2022-05-21T05:04:57","date_gmt":"2022-05-21T05:04:57","guid":{"rendered":"https:\/\/dev.gfemarkets.com\/trade-the-markets\/"},"modified":"2022-06-08T10:16:30","modified_gmt":"2022-06-08T10:16:30","slug":"markets","status":"publish","type":"page","link":"http:\/\/gfemarket.rudetings.com\/fr\/markets\/","title":{"rendered":"Trade the Markets"},"content":{"rendered":"","protected":false},"excerpt":{"rendered":"","protected":false},"author":19,"featured_media":0,"parent":0,"menu_order":0,"comment_status":"closed","ping_status":"closed","template":"page-markets.php","meta":{"footnotes":""},"class_list":["post-2971","page","type-page","status-publish","hentry"],"yoast_head":"<!-- This site is optimized with the Yoast SEO plugin v19.13 - https:\/\/yoast.com\/wordpress\/plugins\/seo\/ -->\n<title>D\u00e9couvrez la Gamme de March\u00e9s de GFE! Choisissez Celle Que Vous Pr\u00e9f\u00e9rez.<\/title>\n<meta name=\"description\" content=\"Avec GFE Markets vous \u00eates libre de choisir d&#039;une grande vari\u00e9t\u00e9 de march\u00e9s et de n\u00e9gocier celle que vous aimez! Choisissez l&#039;actif que vous pr\u00e9f\u00e9rez et faites le trading avec GFE.\" \/>\n<meta name=\"robots\" content=\"noindex, follow, max-snippet:-1, max-image-preview:large, max-video-preview:-1\" \/>\n<meta property=\"og:locale\" content=\"fr_FR\" \/>\n<meta property=\"og:type\" content=\"article\" \/>\n<meta property=\"og:title\" content=\"D\u00e9couvrez la Gamme de March\u00e9s de GFE! Choisissez Celle Que Vous Pr\u00e9f\u00e9rez.\" \/>\n<meta property=\"og:description\" content=\"Avec GFE Markets vous \u00eates libre de choisir d&#039;une grande vari\u00e9t\u00e9 de march\u00e9s et de n\u00e9gocier celle que vous aimez! Choisissez l&#039;actif que vous pr\u00e9f\u00e9rez et faites le trading avec GFE.\" \/>\n<meta property=\"og:url\" content=\"https:\/\/gfemarket.rudetings.com\/fr\/markets\/\" \/>\n<meta property=\"og:site_name\" content=\"GFE\" \/>\n<meta property=\"article:modified_time\" content=\"2022-06-08T10:16:30+00:00\" \/>\n<meta name=\"twitter:card\" content=\"summary_large_image\" \/>\n<meta name=\"twitter:title\" content=\"D\u00e9couvrez la Gamme de March\u00e9s de GFE! Choisissez Celle Que Vous Pr\u00e9f\u00e9rez.\" \/>\n<meta name=\"twitter:description\" content=\"Avec GFE Markets vous \u00eates libre de choisir d&#039;une grande vari\u00e9t\u00e9 de march\u00e9s et de n\u00e9gocier celle que vous aimez! Choisissez l&#039;actif que vous pr\u00e9f\u00e9rez et faites le trading avec GFE.\" \/>\n<script type=\"application\/ld+json\" class=\"yoast-schema-graph\">{\"@context\":\"https:\/\/schema.org\",\"@graph\":[{\"@type\":\"WebPage\",\"@id\":\"https:\/\/gfemarket.rudetings.com\/fr\/markets\/\",\"url\":\"https:\/\/gfemarket.rudetings.com\/fr\/markets\/\",\"name\":\"D\u00e9couvrez la Gamme de March\u00e9s de GFE! Choisissez Celle Que Vous Pr\u00e9f\u00e9rez.\",\"isPartOf\":{\"@id\":\"http:\/\/gfemarket.rudetings.com\/#website\"},\"datePublished\":\"2022-05-21T05:04:57+00:00\",\"dateModified\":\"2022-06-08T10:16:30+00:00\",\"description\":\"Avec GFE Markets vous \u00eates libre de choisir d'une grande vari\u00e9t\u00e9 de march\u00e9s et de n\u00e9gocier celle que vous aimez! Choisissez l'actif que vous pr\u00e9f\u00e9rez et faites le trading avec GFE.\",\"breadcrumb\":{\"@id\":\"https:\/\/gfemarket.rudetings.com\/fr\/markets\/#breadcrumb\"},\"inLanguage\":\"fr-FR\",\"potentialAction\":[{\"@type\":\"ReadAction\",\"target\":[\"https:\/\/gfemarket.rudetings.com\/fr\/markets\/\"]}]},{\"@type\":\"BreadcrumbList\",\"@id\":\"https:\/\/gfemarket.rudetings.com\/fr\/markets\/#breadcrumb\",\"itemListElement\":[{\"@type\":\"ListItem\",\"position\":1,\"name\":\"Home\",\"item\":\"http:\/\/gfemarket.rudetings.com\/fr\/\"},{\"@type\":\"ListItem\",\"position\":2,\"name\":\"Trade the Markets\"}]},{\"@type\":\"WebSite\",\"@id\":\"http:\/\/gfemarket.rudetings.com\/#website\",\"url\":\"http:\/\/gfemarket.rudetings.com\/\",\"name\":\"GFE\",\"description\":\"GFE markets\",\"potentialAction\":[{\"@type\":\"SearchAction\",\"target\":{\"@type\":\"EntryPoint\",\"urlTemplate\":\"http:\/\/gfemarket.rudetings.com\/?s={search_term_string}\"},\"query-input\":\"required name=search_term_string\"}],\"inLanguage\":\"fr-FR\"}]}<\/script>\n<!-- \/ Yoast SEO plugin. -->","yoast_head_json":{"title":"D\u00e9couvrez la Gamme de March\u00e9s de GFE! Choisissez Celle Que Vous Pr\u00e9f\u00e9rez.","description":"Avec GFE Markets vous \u00eates libre de choisir d'une grande vari\u00e9t\u00e9 de march\u00e9s et de n\u00e9gocier celle que vous aimez! Choisissez l'actif que vous pr\u00e9f\u00e9rez et faites le trading avec GFE.","robots":{"index":"noindex","follow":"follow","max-snippet":"max-snippet:-1","max-image-preview":"max-image-preview:large","max-video-preview":"max-video-preview:-1"},"og_locale":"fr_FR","og_type":"article","og_title":"D\u00e9couvrez la Gamme de March\u00e9s de GFE! Choisissez Celle Que Vous Pr\u00e9f\u00e9rez.","og_description":"Avec GFE Markets vous \u00eates libre de choisir d'une grande vari\u00e9t\u00e9 de march\u00e9s et de n\u00e9gocier celle que vous aimez! Choisissez l'actif que vous pr\u00e9f\u00e9rez et faites le trading avec GFE.","og_url":"https:\/\/gfemarket.rudetings.com\/fr\/markets\/","og_site_name":"GFE","article_modified_time":"2022-06-08T10:16:30+00:00","twitter_card":"summary_large_image","twitter_title":"D\u00e9couvrez la Gamme de March\u00e9s de GFE! Choisissez Celle Que Vous Pr\u00e9f\u00e9rez.","twitter_description":"Avec GFE Markets vous \u00eates libre de choisir d'une grande vari\u00e9t\u00e9 de march\u00e9s et de n\u00e9gocier celle que vous aimez! Choisissez l'actif que vous pr\u00e9f\u00e9rez et faites le trading avec GFE.","schema":{"@context":"https:\/\/schema.org","@graph":[{"@type":"WebPage","@id":"https:\/\/gfemarket.rudetings.com\/fr\/markets\/","url":"https:\/\/gfemarket.rudetings.com\/fr\/markets\/","name":"D\u00e9couvrez la Gamme de March\u00e9s de GFE! Choisissez Celle Que Vous Pr\u00e9f\u00e9rez.","isPartOf":{"@id":"http:\/\/gfemarket.rudetings.com\/#website"},"datePublished":"2022-05-21T05:04:57+00:00","dateModified":"2022-06-08T10:16:30+00:00","description":"Avec GFE Markets vous \u00eates libre de choisir d'une grande vari\u00e9t\u00e9 de march\u00e9s et de n\u00e9gocier celle que vous aimez! Choisissez l'actif que vous pr\u00e9f\u00e9rez et faites le trading avec GFE.","breadcrumb":{"@id":"https:\/\/gfemarket.rudetings.com\/fr\/markets\/#breadcrumb"},"inLanguage":"fr-FR","potentialAction":[{"@type":"ReadAction","target":["https:\/\/gfemarket.rudetings.com\/fr\/markets\/"]}]},{"@type":"BreadcrumbList","@id":"https:\/\/gfemarket.rudetings.com\/fr\/markets\/#breadcrumb","itemListElement":[{"@type":"ListItem","position":1,"name":"Home","item":"http:\/\/gfemarket.rudetings.com\/fr\/"},{"@type":"ListItem","position":2,"name":"Trade the Markets"}]},{"@type":"WebSite","@id":"http:\/\/gfemarket.rudetings.com\/#website","url":"http:\/\/gfemarket.rudetings.com\/","name":"GFE","description":"GFE markets","potentialAction":[{"@type":"SearchAction","target":{"@type":"EntryPoint","urlTemplate":"http:\/\/gfemarket.rudetings.com\/?s={search_term_string}"},"query-input":"required name=search_term_string"}],"inLanguage":"fr-FR"}]}},"_links":{"self":[{"href":"http:\/\/gfemarket.rudetings.com\/fr\/wp-json\/wp\/v2\/pages\/2971","targetHints":{"allow":["GET"]}}],"collection":[{"href":"http:\/\/gfemarket.rudetings.com\/fr\/wp-json\/wp\/v2\/pages"}],"about":[{"href":"http:\/\/gfemarket.rudetings.com\/fr\/wp-json\/wp\/v2\/types\/page"}],"author":[{"embeddable":true,"href":"http:\/\/gfemarket.rudetings.com\/fr\/wp-json\/wp\/v2\/users\/19"}],"replies":[{"embeddable":true,"href":"http:\/\/gfemarket.rudetings.com\/fr\/wp-json\/wp\/v2\/comments?post=2971"}],"version-history":[{"count":4,"href":"http:\/\/gfemarket.rudetings.com\/fr\/wp-json\/wp\/v2\/pages\/2971\/revisions"}],"predecessor-version":[{"id":4039,"href":"http:\/\/gfemarket.rudetings.com\/fr\/wp-json\/wp\/v2\/pages\/2971\/revisions\/4039"}],"wp:attachment":[{"href":"http:\/\/gfemarket.rudetings.com\/fr\/wp-json\/wp\/v2\/media?parent=2971"}],"curies":[{"name":"wp","href":"https:\/\/api.w.org\/{rel}","templated":true}]}}