{"id":2983,"date":"2022-05-16T11:34:18","date_gmt":"2022-05-16T11:34:18","guid":{"rendered":"https:\/\/dev.gfemarkets.com\/withdrawing-your-winnings\/"},"modified":"2022-06-08T09:03:40","modified_gmt":"2022-06-08T09:03:40","slug":"withdrawals","status":"publish","type":"page","link":"http:\/\/gfemarket.rudetings.com\/fr\/withdrawals\/","title":{"rendered":"Withdrawing Your Winnings"},"content":{"rendered":"","protected":false},"excerpt":{"rendered":"","protected":false},"author":19,"featured_media":0,"parent":0,"menu_order":0,"comment_status":"closed","ping_status":"closed","template":"page-withdrawals.php","meta":{"footnotes":""},"class_list":["post-2983","page","type-page","status-publish","hentry"],"yoast_head":"<!-- This site is optimized with the Yoast SEO plugin v19.13 - https:\/\/yoast.com\/wordpress\/plugins\/seo\/ -->\n<title>Retirer vos fonds des March\u00e9s GFE<\/title>\n<meta name=\"description\" content=\"L`investissement que vous avez \u00e9ffectu\u00e9 aux march\u00e9s GFE, sont les votres. Vos gains sont les votres. Quand vous souhaitez les retirer, vous pouvez le demander et vous serez sur le champs, honor\u00e9!\" \/>\n<meta name=\"robots\" content=\"noindex, follow, max-snippet:-1, max-image-preview:large, max-video-preview:-1\" \/>\n<meta property=\"og:locale\" content=\"fr_FR\" \/>\n<meta property=\"og:type\" content=\"article\" \/>\n<meta property=\"og:title\" content=\"Retirer vos fonds des March\u00e9s GFE\" \/>\n<meta property=\"og:description\" content=\"L`investissement que vous avez \u00e9ffectu\u00e9 aux march\u00e9s GFE, sont les votres. Vos gains sont les votres. Quand vous souhaitez les retirer, vous pouvez le demander et vous serez sur le champs, honor\u00e9!\" \/>\n<meta property=\"og:url\" content=\"https:\/\/gfemarket.rudetings.com\/fr\/withdrawals\/\" \/>\n<meta property=\"og:site_name\" content=\"GFE\" \/>\n<meta property=\"article:modified_time\" content=\"2022-06-08T09:03:40+00:00\" \/>\n<meta name=\"twitter:card\" content=\"summary_large_image\" \/>\n<meta name=\"twitter:title\" content=\"Retirer vos fonds des March\u00e9s GFE\" \/>\n<meta name=\"twitter:description\" content=\"L`investissement que vous avez \u00e9ffectu\u00e9 aux march\u00e9s GFE, sont les votres. Vos gains sont les votres. Quand vous souhaitez les retirer, vous pouvez le demander et vous serez sur le champs, honor\u00e9!\" \/>\n<script type=\"application\/ld+json\" class=\"yoast-schema-graph\">{\"@context\":\"https:\/\/schema.org\",\"@graph\":[{\"@type\":\"WebPage\",\"@id\":\"https:\/\/gfemarket.rudetings.com\/fr\/withdrawals\/\",\"url\":\"https:\/\/gfemarket.rudetings.com\/fr\/withdrawals\/\",\"name\":\"Retirer vos fonds des March\u00e9s GFE\",\"isPartOf\":{\"@id\":\"http:\/\/gfemarket.rudetings.com\/#website\"},\"datePublished\":\"2022-05-16T11:34:18+00:00\",\"dateModified\":\"2022-06-08T09:03:40+00:00\",\"description\":\"L`investissement que vous avez \u00e9ffectu\u00e9 aux march\u00e9s GFE, sont les votres. Vos gains sont les votres. Quand vous souhaitez les retirer, vous pouvez le demander et vous serez sur le champs, honor\u00e9!\",\"breadcrumb\":{\"@id\":\"https:\/\/gfemarket.rudetings.com\/fr\/withdrawals\/#breadcrumb\"},\"inLanguage\":\"fr-FR\",\"potentialAction\":[{\"@type\":\"ReadAction\",\"target\":[\"https:\/\/gfemarket.rudetings.com\/fr\/withdrawals\/\"]}]},{\"@type\":\"BreadcrumbList\",\"@id\":\"https:\/\/gfemarket.rudetings.com\/fr\/withdrawals\/#breadcrumb\",\"itemListElement\":[{\"@type\":\"ListItem\",\"position\":1,\"name\":\"Home\",\"item\":\"http:\/\/gfemarket.rudetings.com\/fr\/\"},{\"@type\":\"ListItem\",\"position\":2,\"name\":\"Withdrawing Your Winnings\"}]},{\"@type\":\"WebSite\",\"@id\":\"http:\/\/gfemarket.rudetings.com\/#website\",\"url\":\"http:\/\/gfemarket.rudetings.com\/\",\"name\":\"GFE\",\"description\":\"GFE markets\",\"potentialAction\":[{\"@type\":\"SearchAction\",\"target\":{\"@type\":\"EntryPoint\",\"urlTemplate\":\"http:\/\/gfemarket.rudetings.com\/?s={search_term_string}\"},\"query-input\":\"required name=search_term_string\"}],\"inLanguage\":\"fr-FR\"}]}<\/script>\n<!-- \/ Yoast SEO plugin. -->","yoast_head_json":{"title":"Retirer vos fonds des March\u00e9s GFE","description":"L`investissement que vous avez \u00e9ffectu\u00e9 aux march\u00e9s GFE, sont les votres. Vos gains sont les votres. Quand vous souhaitez les retirer, vous pouvez le demander et vous serez sur le champs, honor\u00e9!","robots":{"index":"noindex","follow":"follow","max-snippet":"max-snippet:-1","max-image-preview":"max-image-preview:large","max-video-preview":"max-video-preview:-1"},"og_locale":"fr_FR","og_type":"article","og_title":"Retirer vos fonds des March\u00e9s GFE","og_description":"L`investissement que vous avez \u00e9ffectu\u00e9 aux march\u00e9s GFE, sont les votres. Vos gains sont les votres. Quand vous souhaitez les retirer, vous pouvez le demander et vous serez sur le champs, honor\u00e9!","og_url":"https:\/\/gfemarket.rudetings.com\/fr\/withdrawals\/","og_site_name":"GFE","article_modified_time":"2022-06-08T09:03:40+00:00","twitter_card":"summary_large_image","twitter_title":"Retirer vos fonds des March\u00e9s GFE","twitter_description":"L`investissement que vous avez \u00e9ffectu\u00e9 aux march\u00e9s GFE, sont les votres. Vos gains sont les votres. Quand vous souhaitez les retirer, vous pouvez le demander et vous serez sur le champs, honor\u00e9!","schema":{"@context":"https:\/\/schema.org","@graph":[{"@type":"WebPage","@id":"https:\/\/gfemarket.rudetings.com\/fr\/withdrawals\/","url":"https:\/\/gfemarket.rudetings.com\/fr\/withdrawals\/","name":"Retirer vos fonds des March\u00e9s GFE","isPartOf":{"@id":"http:\/\/gfemarket.rudetings.com\/#website"},"datePublished":"2022-05-16T11:34:18+00:00","dateModified":"2022-06-08T09:03:40+00:00","description":"L`investissement que vous avez \u00e9ffectu\u00e9 aux march\u00e9s GFE, sont les votres. Vos gains sont les votres. Quand vous souhaitez les retirer, vous pouvez le demander et vous serez sur le champs, honor\u00e9!","breadcrumb":{"@id":"https:\/\/gfemarket.rudetings.com\/fr\/withdrawals\/#breadcrumb"},"inLanguage":"fr-FR","potentialAction":[{"@type":"ReadAction","target":["https:\/\/gfemarket.rudetings.com\/fr\/withdrawals\/"]}]},{"@type":"BreadcrumbList","@id":"https:\/\/gfemarket.rudetings.com\/fr\/withdrawals\/#breadcrumb","itemListElement":[{"@type":"ListItem","position":1,"name":"Home","item":"http:\/\/gfemarket.rudetings.com\/fr\/"},{"@type":"ListItem","position":2,"name":"Withdrawing Your Winnings"}]},{"@type":"WebSite","@id":"http:\/\/gfemarket.rudetings.com\/#website","url":"http:\/\/gfemarket.rudetings.com\/","name":"GFE","description":"GFE markets","potentialAction":[{"@type":"SearchAction","target":{"@type":"EntryPoint","urlTemplate":"http:\/\/gfemarket.rudetings.com\/?s={search_term_string}"},"query-input":"required name=search_term_string"}],"inLanguage":"fr-FR"}]}},"_links":{"self":[{"href":"http:\/\/gfemarket.rudetings.com\/fr\/wp-json\/wp\/v2\/pages\/2983","targetHints":{"allow":["GET"]}}],"collection":[{"href":"http:\/\/gfemarket.rudetings.com\/fr\/wp-json\/wp\/v2\/pages"}],"about":[{"href":"http:\/\/gfemarket.rudetings.com\/fr\/wp-json\/wp\/v2\/types\/page"}],"author":[{"embeddable":true,"href":"http:\/\/gfemarket.rudetings.com\/fr\/wp-json\/wp\/v2\/users\/19"}],"replies":[{"embeddable":true,"href":"http:\/\/gfemarket.rudetings.com\/fr\/wp-json\/wp\/v2\/comments?post=2983"}],"version-history":[{"count":3,"href":"http:\/\/gfemarket.rudetings.com\/fr\/wp-json\/wp\/v2\/pages\/2983\/revisions"}],"predecessor-version":[{"id":3733,"href":"http:\/\/gfemarket.rudetings.com\/fr\/wp-json\/wp\/v2\/pages\/2983\/revisions\/3733"}],"wp:attachment":[{"href":"http:\/\/gfemarket.rudetings.com\/fr\/wp-json\/wp\/v2\/media?parent=2983"}],"curies":[{"name":"wp","href":"https:\/\/api.w.org\/{rel}","templated":true}]}}