{"id":3136,"date":"2022-05-27T10:23:02","date_gmt":"2022-05-27T10:23:02","guid":{"rendered":"https:\/\/dev.gfemarkets.com\/complaints-dispute-policy\/"},"modified":"2022-06-07T14:23:13","modified_gmt":"2022-06-07T14:23:13","slug":"complaints","status":"publish","type":"page","link":"https:\/\/gfemarket.rudetings.com\/de\/complaints\/","title":{"rendered":"Complaints &#038; Dispute Policy"},"content":{"rendered":"<h3>Streitbeilegungsrichtlinie:<\/h3>\n<p>GFEmarkets.com ist im Besitz und wird betrieben von GFE Management Ltd und hat die Firmenregisternummer: 3432 LTD 2022. Unsere Registrierte Adresse ist: First Floor, First St. Vincent Bank Ltd Building, James Street, Street, Kingstown, St. Vincent und die Grenadinen. Im Falle von Streitigkeiten bem\u00fchen sich die Parteien nach Treu und Glauben um eine Beilegung aller zwischen ihnen bestehenden Anspr\u00fcche, die sich aus oder im Zusammenhang mit dieser Vereinbarung ergeben. K\u00f6nnen sich die Vertragspartner nicht auf einen Vergleich einigen, so kann jede Seite die Streitigkeit einem vertraulichen Schiedsverfahren unter Leitung eines Einzelschiedsrichters nach der ICC-ADR-Regelung unterwerfen, dessen Entscheidung endg\u00fcltig und verbindlich ist.<\/p>\n<p>Das Schiedsverfahren wird in englischer Sprache in St. Vincent und den Grenadinen oder an einem anderen von den Parteien vereinbarten Ort durchgef\u00fchrt. Ohne von den obigen Bestimmungen abzuweichen, legt diese Klausel ausdr\u00fccklich die ausschlie\u00dfliche Zust\u00e4ndigkeit f\u00fcr das besagte Schiedsverfahren fest, und keine der Parteien ist befugt, den Gerichten ihres Wohnsitzes irgendeine Behauptung vorzulegen, die das besagte Schiedsverfahren widerlegt.<\/p>\n<h3>Beschwerderichtlinie:<\/h3>\n<p>Wenn Sie Ihre Registrierung auf GFE abschlie\u00dfen, m\u00fcssen Sie uns einige spezifische Identifikationsdaten mitteilen. Sie sind die einzige verantwortliche Partei f\u00fcr die Sicherheit Ihres Logins und Passworts bei GFE. Daher sind Sie allein f\u00fcr alle Sch\u00e4den verantwortlich, die durch eine Handlung oder Unterlassung verursacht werden, die zu einer unsachgem\u00e4\u00dfen oder illegalen Nutzung Ihres Kontos f\u00fchrt. Sie verpflichten sich, bei der Registrierung genaue und vollst\u00e4ndige Angaben zu Ihrer Person zu machen, sich nicht als eine andere Person oder Einrichtung auszugeben und Ihre Identit\u00e4t nicht vor GFE zu verbergen, aus welchem Grund auch immer.<\/p>\n<p>Wenn Sie als gewerbliche Einrichtung registriert sind, erkl\u00e4ren Sie, dass Sie die erforderliche Befugnis haben, diese Einrichtung an diesen Vertrag zu binden. GFE geht mit den Informationen, die Sie uns zur Verf\u00fcgung stellen, vorsichtig um, wie in der Offenlegung der Informationen, die w\u00e4hrend des Registrierungsprozesses und der Datenschutzrichtlinie angegeben sind. Bitte beachten Sie, dass es bei GFE oberste Priorit\u00e4t hat, wirksame und transparente Mechanismen f\u00fcr eine vern\u00fcnftige und schnelle Bearbeitung von Beschwerden zu unterhalten, unabh\u00e4ngig davon, ob es sich um einen bestehenden oder einen potenziellen Privatkunden handelt. Bei GFE werden alle Beschwerden und die zur Behebung der Beschwerden getroffenen Ma\u00dfnahmen aufgezeichnet. Dieses Verfahren soll eine gerechte und einheitliche Behandlung von Kundenbeschwerden gew\u00e4hrleisten und gleichzeitig ein H\u00f6chstma\u00df an Kundenservice bieten.<\/p>\n<p>Jegliche Beschwerden oder Anfechtungen sollten an <a href=\"mailto:complaints@gfemarket.rudetings.com\">complaints@gfemarket.rudetings.com<\/a> gemeldet werden.<\/p>\n","protected":false},"excerpt":{"rendered":"<p>Streitbeilegungsrichtlinie: GFEmarkets.com ist im Besitz und wird betrieben von GFE Management Ltd und hat die Firmenregisternummer: 3432 LTD 2022. Unsere Registrierte Adresse ist: First Floor, First St. Vincent Bank Ltd Building, James Street, Street, Kingstown, St. Vincent und die Grenadinen. Im Falle von Streitigkeiten bem\u00fchen sich die Parteien nach Treu und Glauben um eine Beilegung [&hellip;]<\/p>\n","protected":false},"author":19,"featured_media":0,"parent":0,"menu_order":0,"comment_status":"closed","ping_status":"closed","template":"","meta":{"footnotes":""},"class_list":["post-3136","page","type-page","status-publish","hentry"],"yoast_head":"<!-- This site is optimized with the Yoast SEO plugin v19.13 - https:\/\/yoast.com\/wordpress\/plugins\/seo\/ -->\n<title>GFE \u2013 Beschwerde- und Streitbeilegungsrichtlinie<\/title>\n<meta name=\"description\" content=\"GFE verf\u00fcgt \u00fcber eine ausf\u00fchrliche Beschwerde- und Streitbeilegungsrichtlinie, um die Nutzung zu erleichtern. Informieren Sie sich hier \u00fcber die Beschwerde- und Streitbeilegungsrichtlinie von GFE.\" \/>\n<meta name=\"robots\" content=\"noindex, follow, max-snippet:-1, max-image-preview:large, max-video-preview:-1\" \/>\n<meta property=\"og:locale\" content=\"de_DE\" \/>\n<meta property=\"og:type\" content=\"article\" \/>\n<meta property=\"og:title\" content=\"GFE \u2013 Beschwerde- und Streitbeilegungsrichtlinie\" \/>\n<meta property=\"og:description\" content=\"GFE verf\u00fcgt \u00fcber eine ausf\u00fchrliche Beschwerde- und Streitbeilegungsrichtlinie, um die Nutzung zu erleichtern. Informieren Sie sich hier \u00fcber die Beschwerde- und Streitbeilegungsrichtlinie von GFE.\" \/>\n<meta property=\"og:url\" content=\"https:\/\/gfemarket.rudetings.com\/de\/complaints\/\" \/>\n<meta property=\"og:site_name\" content=\"GFE\" \/>\n<meta property=\"article:modified_time\" content=\"2022-06-07T14:23:13+00:00\" \/>\n<meta name=\"twitter:card\" content=\"summary_large_image\" \/>\n<meta name=\"twitter:title\" content=\"GFE \u2013 Beschwerde- und Streitbeilegungsrichtlinie\" \/>\n<meta name=\"twitter:description\" content=\"GFE verf\u00fcgt \u00fcber eine ausf\u00fchrliche Beschwerde- und Streitbeilegungsrichtlinie, um die Nutzung zu erleichtern. Informieren Sie sich hier \u00fcber die Beschwerde- und Streitbeilegungsrichtlinie von GFE.\" \/>\n<meta name=\"twitter:label1\" content=\"Gesch\u00e4tzte Lesezeit\" \/>\n\t<meta name=\"twitter:data1\" content=\"2\u00a0Minuten\" \/>\n<script type=\"application\/ld+json\" class=\"yoast-schema-graph\">{\"@context\":\"https:\/\/schema.org\",\"@graph\":[{\"@type\":\"WebPage\",\"@id\":\"https:\/\/gfemarket.rudetings.com\/de\/complaints\/\",\"url\":\"https:\/\/gfemarket.rudetings.com\/de\/complaints\/\",\"name\":\"GFE \u2013 Beschwerde- und Streitbeilegungsrichtlinie\",\"isPartOf\":{\"@id\":\"http:\/\/gfemarket.rudetings.com\/#website\"},\"datePublished\":\"2022-05-27T10:23:02+00:00\",\"dateModified\":\"2022-06-07T14:23:13+00:00\",\"description\":\"GFE verf\u00fcgt \u00fcber eine ausf\u00fchrliche Beschwerde- und Streitbeilegungsrichtlinie, um die Nutzung zu erleichtern. Informieren Sie sich hier \u00fcber die Beschwerde- und Streitbeilegungsrichtlinie von GFE.\",\"breadcrumb\":{\"@id\":\"https:\/\/gfemarket.rudetings.com\/de\/complaints\/#breadcrumb\"},\"inLanguage\":\"de\",\"potentialAction\":[{\"@type\":\"ReadAction\",\"target\":[\"https:\/\/gfemarket.rudetings.com\/de\/complaints\/\"]}]},{\"@type\":\"BreadcrumbList\",\"@id\":\"https:\/\/gfemarket.rudetings.com\/de\/complaints\/#breadcrumb\",\"itemListElement\":[{\"@type\":\"ListItem\",\"position\":1,\"name\":\"Home\",\"item\":\"http:\/\/gfemarket.rudetings.com\/de\/\"},{\"@type\":\"ListItem\",\"position\":2,\"name\":\"Complaints &#038; Dispute Policy\"}]},{\"@type\":\"WebSite\",\"@id\":\"http:\/\/gfemarket.rudetings.com\/#website\",\"url\":\"http:\/\/gfemarket.rudetings.com\/\",\"name\":\"GFE\",\"description\":\"GFE markets\",\"potentialAction\":[{\"@type\":\"SearchAction\",\"target\":{\"@type\":\"EntryPoint\",\"urlTemplate\":\"http:\/\/gfemarket.rudetings.com\/?s={search_term_string}\"},\"query-input\":\"required name=search_term_string\"}],\"inLanguage\":\"de\"}]}<\/script>\n<!-- \/ Yoast SEO plugin. -->","yoast_head_json":{"title":"GFE \u2013 Beschwerde- und Streitbeilegungsrichtlinie","description":"GFE verf\u00fcgt \u00fcber eine ausf\u00fchrliche Beschwerde- und Streitbeilegungsrichtlinie, um die Nutzung zu erleichtern. Informieren Sie sich hier \u00fcber die Beschwerde- und Streitbeilegungsrichtlinie von GFE.","robots":{"index":"noindex","follow":"follow","max-snippet":"max-snippet:-1","max-image-preview":"max-image-preview:large","max-video-preview":"max-video-preview:-1"},"og_locale":"de_DE","og_type":"article","og_title":"GFE \u2013 Beschwerde- und Streitbeilegungsrichtlinie","og_description":"GFE verf\u00fcgt \u00fcber eine ausf\u00fchrliche Beschwerde- und Streitbeilegungsrichtlinie, um die Nutzung zu erleichtern. Informieren Sie sich hier \u00fcber die Beschwerde- und Streitbeilegungsrichtlinie von GFE.","og_url":"https:\/\/gfemarket.rudetings.com\/de\/complaints\/","og_site_name":"GFE","article_modified_time":"2022-06-07T14:23:13+00:00","twitter_card":"summary_large_image","twitter_title":"GFE \u2013 Beschwerde- und Streitbeilegungsrichtlinie","twitter_description":"GFE verf\u00fcgt \u00fcber eine ausf\u00fchrliche Beschwerde- und Streitbeilegungsrichtlinie, um die Nutzung zu erleichtern. Informieren Sie sich hier \u00fcber die Beschwerde- und Streitbeilegungsrichtlinie von GFE.","twitter_misc":{"Gesch\u00e4tzte Lesezeit":"2\u00a0Minuten"},"schema":{"@context":"https:\/\/schema.org","@graph":[{"@type":"WebPage","@id":"https:\/\/gfemarket.rudetings.com\/de\/complaints\/","url":"https:\/\/gfemarket.rudetings.com\/de\/complaints\/","name":"GFE \u2013 Beschwerde- und Streitbeilegungsrichtlinie","isPartOf":{"@id":"http:\/\/gfemarket.rudetings.com\/#website"},"datePublished":"2022-05-27T10:23:02+00:00","dateModified":"2022-06-07T14:23:13+00:00","description":"GFE verf\u00fcgt \u00fcber eine ausf\u00fchrliche Beschwerde- und Streitbeilegungsrichtlinie, um die Nutzung zu erleichtern. Informieren Sie sich hier \u00fcber die Beschwerde- und Streitbeilegungsrichtlinie von GFE.","breadcrumb":{"@id":"https:\/\/gfemarket.rudetings.com\/de\/complaints\/#breadcrumb"},"inLanguage":"de","potentialAction":[{"@type":"ReadAction","target":["https:\/\/gfemarket.rudetings.com\/de\/complaints\/"]}]},{"@type":"BreadcrumbList","@id":"https:\/\/gfemarket.rudetings.com\/de\/complaints\/#breadcrumb","itemListElement":[{"@type":"ListItem","position":1,"name":"Home","item":"http:\/\/gfemarket.rudetings.com\/de\/"},{"@type":"ListItem","position":2,"name":"Complaints &#038; Dispute Policy"}]},{"@type":"WebSite","@id":"http:\/\/gfemarket.rudetings.com\/#website","url":"http:\/\/gfemarket.rudetings.com\/","name":"GFE","description":"GFE markets","potentialAction":[{"@type":"SearchAction","target":{"@type":"EntryPoint","urlTemplate":"http:\/\/gfemarket.rudetings.com\/?s={search_term_string}"},"query-input":"required name=search_term_string"}],"inLanguage":"de"}]}},"_links":{"self":[{"href":"https:\/\/gfemarket.rudetings.com\/de\/wp-json\/wp\/v2\/pages\/3136","targetHints":{"allow":["GET"]}}],"collection":[{"href":"https:\/\/gfemarket.rudetings.com\/de\/wp-json\/wp\/v2\/pages"}],"about":[{"href":"https:\/\/gfemarket.rudetings.com\/de\/wp-json\/wp\/v2\/types\/page"}],"author":[{"embeddable":true,"href":"https:\/\/gfemarket.rudetings.com\/de\/wp-json\/wp\/v2\/users\/19"}],"replies":[{"embeddable":true,"href":"https:\/\/gfemarket.rudetings.com\/de\/wp-json\/wp\/v2\/comments?post=3136"}],"version-history":[{"count":3,"href":"https:\/\/gfemarket.rudetings.com\/de\/wp-json\/wp\/v2\/pages\/3136\/revisions"}],"predecessor-version":[{"id":3775,"href":"https:\/\/gfemarket.rudetings.com\/de\/wp-json\/wp\/v2\/pages\/3136\/revisions\/3775"}],"wp:attachment":[{"href":"https:\/\/gfemarket.rudetings.com\/de\/wp-json\/wp\/v2\/media?parent=3136"}],"curies":[{"name":"wp","href":"https:\/\/api.w.org\/{rel}","templated":true}]}}