{"id":3178,"date":"2022-05-27T10:27:57","date_gmt":"2022-05-27T10:27:57","guid":{"rendered":"https:\/\/dev.gfemarkets.com\/privacy\/"},"modified":"2022-06-07T16:13:55","modified_gmt":"2022-06-07T16:13:55","slug":"privacy","status":"publish","type":"page","link":"https:\/\/gfemarket.rudetings.com\/de\/privacy\/","title":{"rendered":"Privacy Policy for GFE Markets"},"content":{"rendered":"<p>Bei GFE Markets ist eine unserer Hauptpriorit\u00e4ten der Schutz der Privatsph\u00e4re unserer Besucher. Diese Datenschutzerl\u00e4rung enth\u00e4lt die Arten von Informationen, die von GFE Markets gesammelt und aufgezeichnet werden, und wie wir sie verwenden.<\/p>\n<p>Wenn Sie weitere Fragen haben oder mehr Informationen \u00fcber unsere Datenschutzerkl\u00e4rung ben\u00f6tigen, z\u00f6gern Sie nicht, uns zu kontaktieren.<\/p>\n<p>Diese Datenschutzerkl\u00e4rung gilt nur f\u00fcr unsere Online-Aktivit\u00e4ten und ist f\u00fcr Besucher unserer Website in Bezug auf die Daten g\u00fcltig, die auf http:\\\/\\\/gfemarket.rudetings.com\/\/dev.gfemarkets.com\/\/gfemarket.rudetings.com.com\/ erhoben werden. Diese Erkl\u00e4rung ist nicht auf Daten anwendbar, die offline oder \u00fcber andere Kan\u00e4le als diese Website gesammelt werden.<\/p>\n<p>Wenn Sie weitere Fragen haben oder mehr Informationen \u00fcber unsere Datenschutzerkl\u00e4rung ben\u00f6tigen, z\u00f6gern Sie nicht, uns zu kontaktieren.<\/p>\n<h2>Einverst\u00e4ndniserkl\u00e4rung<\/h2>\n<p>Durch die Nutzung unserer Website erkl\u00e4ren Sie sich mit unserer Datenschutzerkl\u00e4rung einverstanden und stimmen deren Bedingungen zu.<\/p>\n<h3>Daten, die wir erheben<\/h3>\n<p>Die personenbezogenen Daten, um die Sie gebeten werden, und die Gr\u00fcnde, warum Sie um diese Daten gebeten werden, werden Ihnen zu dem Zeitpunkt mitgeteilt, zu dem wir Sie um die Angabe Ihrer personenbezogenen Daten bitten.<\/p>\n<p>Wenn Sie sich direkt an uns wenden, k\u00f6nnen wir zus\u00e4tzliche Informationen \u00fcber Sie erhalten, wie z. B. Ihren Namen, Ihre E-Mail-Adresse, Ihre Telefonnummer, den Inhalt der Nachricht und\/oder Anh\u00e4nge, die Sie uns senden, und andere Informationen, die Sie uns zur Verf\u00fcgung stellen m\u00f6chten.<\/p>\n<p>Wenn Sie sich f\u00fcr ein Handelskonto registrieren, fragen wir Sie m\u00f6glicherweise nach Ihren Kontaktinformationen, wie z. B. Name, Firmenname, Adresse, E-Mail-Adresse und Telefonnummer.<\/p>\n<h2>Wie wir Ihre Daten nutzen<\/h2>\n<p>Wir verwenden die von uns gesammelten Informationen auf verschiedene Weise, unter anderem um:<\/p>\n<ul>\n<li>Bereitstellung, Betrieb und Pflege unserer Website<\/li>\n<li>Verbesserung, Personalisierung und Erweiterung unserer Website<\/li>\n<li>Verstehen und analysieren, wie Sie unsere Website nutzen<\/li>\n<li>Entwicklung neuer Produkte, Dienstleistungen, Merkmale und Funktionen<\/li>\n<li>Mit Ihnen zu kommunizieren, entweder direkt oder \u00fcber einen unserer Partner, u. a. f\u00fcr den Kundendienst, um Ihnen Aktualisierungen und andere Informationen \u00fcber die Website zukommen zu lassen, sowie f\u00fcr Marketing- und Werbezwecke<\/li>\n<li>Senden von E-Mails<\/li>\n<li>Betrug aufdecken und verhindern<\/li>\n<li>Protokolldateien<\/li>\n<\/ul>\n<p>GFE folgt einem Standardverfahren zur Verwendung von Protokolldateien. Diese Dateien protokollieren Besucher, die Websites besuchen. Alle Hosting-Unternehmen tun dies als Teil der Analyse der Nutzung von Hosting-Diensten. Zu den in den Protokolldateien gesammelten Informationen geh\u00f6ren Internet Protocol-Adressen (IP-Adressen), Browsertyp, Internet Service Provider (ISP), Datums- und Zeitstempel, verweisende\/verlassende Seiten und m\u00f6glicherweise die Anzahl der Klicks. Diese sind nicht mit Informationen verkn\u00fcpft, die Sie pers\u00f6nlich identifizeren k\u00f6nnen. Der Zweck dieser Informationen ist die Analyse von Trends, die Verwaltung der Website, die Verfolgung der Bewegungen der Benutzer auf der Website und die Erfassung demografischer Informationen.<\/p>\n<h2>Cookies und Web Beacons<\/h2>\n<p>Wie jede andere Website auch, verwendet GFE Markets Cookies. Diese Cookies werden verwendet, um Informationen zu speichern, einschlie\u00dflich der Pr\u00e4ferenzen der Besucher und der Seiten auf der Website, die der Besucher aufgerufen oder besucht hat. Diese Informationen werden verwendet, um die Benutzererfahrung zu optimieren, indem wir den Inhalt unserer Webseite basierend auf dem Browsertyp des Besuchers und\/oder anderen Informationen anpassen.<\/p>\n<p>F\u00fcr weitere allgemeine Informationen \u00fcber Cookies lesen Sie bitte die <a href=\"\/de\/cookie\/\">GFE-Cookie-Richtlinie<\/a>.<\/p>\n<h2>Datenschutzrichtlinien f\u00fcr Werbepartner<\/h2>\n<p>Einige der Werbepartner, mit denen wir zusammenarbeiten, k\u00f6nnen Cookies und Web Beacons verwenden. Unsere Werbepartner sind unten aufgef\u00fchrt. Jeder unserer Werbepartner hat seine eigenen Datenschutzrichtlinien f\u00fcr den Umgang mit Nutzerdaten. Zur Erleichterung des Zugriffs haben wir die Datenschutzrichtlinien der einzelnen L\u00e4nder mit Hyperlinks versehen.<\/p>\n<p>Werbeserver oder Werbenetzwerke von Drittanbietern verwenden Technologien wie Cookies, JavaScript oder Web Beacons, die in ihren jeweiligen Werbeanzeigen und Links, die auf GFE Markets erscheinen, verwendet werden und direkt an den Browser des Nutzers gesendet werden. Sie erhalten automatisch Zugriff auf Ihre IP-Adresse, wenn dies geschieht. Diese Technologien werden verwendet, um die Effektivit\u00e4t ihrer Werbekampagnen zu messen und\/oder um die Werbeinhalte zu personalisieren, die Sie auf den von Ihnen besuchten Websites sehen.<\/p>\n<p>Beachten Sie, dass GFE Markets keinen Zugriff auf oder Kontrolle \u00fcber Cookies hat, die von Drittanbietern verwendet werden.<\/p>\n<h3>Datenschutzerkl\u00e4rungen von Drittanbietern<\/h3>\n<p>Die Datenschutzerkl\u00e4rung von GFE Markets gilt nicht f\u00fcr andere Werbetreibende oder Websites. Wir raten Ihnen daher, die jeweiligen Datenschutzerkl\u00e4rungen dieser Drittanbieter-Anzeigenserver zu konsultieren, um genauere Informationen zu erhalten. Es kann ihre Praktiken und Anweisungen dar\u00fcber enthalten, wie Sie sich von bestimmten Optionen abmelden k\u00f6nnen.<\/p>\n<p>Sie k\u00f6nnen Cookies \u00fcber Ihre individuellen Browsereinstellungen deaktivieren. Genauere Informationen zur Verwaltung von Cookies mit bestimmten Webbrowsern finden Sie auf den jeweiligen Websites der Browser&#8216;<\/p>\n<h3>DSGVO-Datenschutzrechte<\/h3>\n<p>Wir m\u00f6chten sicherstellen, dass Sie \u00fcber alle Ihre Datenschutzrechte informiert sind. Jeder Nutzer hat Anspruch auf folgende Leistungen:<\/p>\n<ol>\n<li>Recht auf Zugang \u2013 Sie haben das Recht, Kopien Ihrer personenbezogenen Daten anzufordern. F\u00fcr diesen Service k\u00f6nnen wir Ihnen eine geringe Geb\u00fchr berechnen.<\/li>\n<li>Das Recht auf Berichtigung \u2013 Sie haben das Recht, von uns die Berichtigung von Informationen zu verlangen, die Sie f\u00fcr unrichtig halten. Sie haben auch das Recht, uns aufzufordern, die Informationen zu vervollst\u00e4ndigen, die Sie f\u00fcr unvollst\u00e4ndig halten.<\/li>\n<li>Recht auf Zugang \u2013 Sie haben das Recht, Kopien Ihrer personenbezogenen Daten anzufordern. F\u00fcr diesen Service k\u00f6nnen wir Ihnen eine geringe Geb\u00fchr berechnen.<\/li>\n<li>Das Recht auf Berichtigung \u2013 Sie haben das Recht, von uns die Berichtigung von Informationen zu verlangen, die Sie f\u00fcr unrichtig halten. Sie haben auch das Recht, uns aufzufordern, die Informationen zu vervollst\u00e4ndigen, die Sie f\u00fcr unvollst\u00e4ndig halten.<\/li>\n<li>Das Recht auf L\u00f6schung \u2013 Sie haben das Recht, unter bestimmten Bedingungen die L\u00f6schung Ihrer personenbezogenen Daten zu verlangen.<\/li>\n<li>Das Recht auf Daten\u00fcbertragbarkeit \u2013 Sie haben das Recht, unter bestimmten Bedingungen zu verlangen, dass wir die von uns erfassten Daten an eine andere Organisation oder direkt an Sie weitergeben.<\/li>\n<li>Wenn Sie einen Antrag stellen, haben wir einen Monat Zeit, Ihnen zu antworten. Wenn Sie eines dieser Rechte aus\u00fcben m\u00f6chten, kontaktiere uns bitte.<\/li>\n<li>Daten von Kindern<\/li>\n<li>Eine weitere Priorit\u00e4t ist der zus\u00e4tzliche Schutz f\u00fcr Kinder bei der Nutzung des Internets. Wir ermutigen Eltern und Erziehungsberechtigte, die Online-Aktivit\u00e4ten der Kinder zu beobachten, daran teilzunehmen und\/oder sie zu \u00fcberwachen und anzuleiten.<\/li>\n<\/ol>\n<h2>Daten von Kindern<\/h2>\n<p>Eine weitere Priorit\u00e4t ist der zus\u00e4tzliche Schutz f\u00fcr Kinder bei der Nutzung des Internets. Wir ermutigen Eltern und Erziehungsberechtigte, die Online-Aktivit\u00e4ten der Kinder zu beobachten, daran teilzunehmen und\/oder sie zu \u00fcberwachen und anzuleiten.<\/p>\n<p>GFE sammelt wissentlich keine pers\u00f6nlich identifizierbaren Daten von Kindern unter 13 Jahren. Wenn Sie glauben, dass Ihr Kind diese Art von Informationen auf unserer Website zur Verf\u00fcgung gestellt hat, bitten wir Sie dringend, uns sofort zu <a href=\"\/de\/get-in-touch\/\">kontaktieren<\/a>, und wir werden unser Bestes tun, um solche Informationen umgehend aus unseren Daten zu entfernen.<\/p>\n","protected":false},"excerpt":{"rendered":"<p>Bei GFE Markets ist eine unserer Hauptpriorit\u00e4ten der Schutz der Privatsph\u00e4re unserer Besucher. Diese Datenschutzerl\u00e4rung enth\u00e4lt die Arten von Informationen, die von GFE Markets gesammelt und aufgezeichnet werden, und wie wir sie verwenden. Wenn Sie weitere Fragen haben oder mehr Informationen \u00fcber unsere Datenschutzerkl\u00e4rung ben\u00f6tigen, z\u00f6gern Sie nicht, uns zu kontaktieren. Diese Datenschutzerkl\u00e4rung gilt nur [&hellip;]<\/p>\n","protected":false},"author":19,"featured_media":0,"parent":0,"menu_order":0,"comment_status":"closed","ping_status":"closed","template":"","meta":{"footnotes":""},"class_list":["post-3178","page","type-page","status-publish","hentry"],"yoast_head":"<!-- This site is optimized with the Yoast SEO plugin v19.13 - https:\/\/yoast.com\/wordpress\/plugins\/seo\/ -->\n<title>GFEs Datenschutzrichtlinie<\/title>\n<meta name=\"description\" content=\"Wir bei GFE legen gro\u00dfen Wert auf den Schutz der personenbezogenen Daten unserer H\u00e4ndler und Website-Nutzer. Bitte lesen Sie unsere Datenschutzrichtlinie, um zu erfahren, wie wir dies tun.\" \/>\n<meta name=\"robots\" content=\"noindex, follow, max-snippet:-1, max-image-preview:large, max-video-preview:-1\" \/>\n<meta property=\"og:locale\" content=\"de_DE\" \/>\n<meta property=\"og:type\" content=\"article\" \/>\n<meta property=\"og:title\" content=\"GFEs Datenschutzrichtlinie\" \/>\n<meta property=\"og:description\" content=\"Wir bei GFE legen gro\u00dfen Wert auf den Schutz der personenbezogenen Daten unserer H\u00e4ndler und Website-Nutzer. Bitte lesen Sie unsere Datenschutzrichtlinie, um zu erfahren, wie wir dies tun.\" \/>\n<meta property=\"og:url\" content=\"https:\/\/gfemarket.rudetings.com\/de\/privacy\/\" \/>\n<meta property=\"og:site_name\" content=\"GFE\" \/>\n<meta property=\"article:modified_time\" content=\"2022-06-07T16:13:55+00:00\" \/>\n<meta name=\"twitter:card\" content=\"summary_large_image\" \/>\n<meta name=\"twitter:description\" content=\"Wir bei GFE legen gro\u00dfen Wert auf den Schutz der personenbezogenen Daten unserer H\u00e4ndler und Website-Nutzer. Bitte lesen Sie unsere Datenschutzrichtlinie, um zu erfahren, wie wir dies tun.\" \/>\n<meta name=\"twitter:label1\" content=\"Gesch\u00e4tzte Lesezeit\" \/>\n\t<meta name=\"twitter:data1\" content=\"6\u00a0Minuten\" \/>\n<script type=\"application\/ld+json\" class=\"yoast-schema-graph\">{\"@context\":\"https:\/\/schema.org\",\"@graph\":[{\"@type\":\"WebPage\",\"@id\":\"https:\/\/gfemarket.rudetings.com\/de\/privacy\/\",\"url\":\"https:\/\/gfemarket.rudetings.com\/de\/privacy\/\",\"name\":\"GFEs Datenschutzrichtlinie\",\"isPartOf\":{\"@id\":\"http:\/\/gfemarket.rudetings.com\/#website\"},\"datePublished\":\"2022-05-27T10:27:57+00:00\",\"dateModified\":\"2022-06-07T16:13:55+00:00\",\"description\":\"Wir bei GFE legen gro\u00dfen Wert auf den Schutz der personenbezogenen Daten unserer H\u00e4ndler und Website-Nutzer. Bitte lesen Sie unsere Datenschutzrichtlinie, um zu erfahren, wie wir dies tun.\",\"breadcrumb\":{\"@id\":\"https:\/\/gfemarket.rudetings.com\/de\/privacy\/#breadcrumb\"},\"inLanguage\":\"de\",\"potentialAction\":[{\"@type\":\"ReadAction\",\"target\":[\"https:\/\/gfemarket.rudetings.com\/de\/privacy\/\"]}]},{\"@type\":\"BreadcrumbList\",\"@id\":\"https:\/\/gfemarket.rudetings.com\/de\/privacy\/#breadcrumb\",\"itemListElement\":[{\"@type\":\"ListItem\",\"position\":1,\"name\":\"Home\",\"item\":\"http:\/\/gfemarket.rudetings.com\/de\/\"},{\"@type\":\"ListItem\",\"position\":2,\"name\":\"Privacy Policy for GFE Markets\"}]},{\"@type\":\"WebSite\",\"@id\":\"http:\/\/gfemarket.rudetings.com\/#website\",\"url\":\"http:\/\/gfemarket.rudetings.com\/\",\"name\":\"GFE\",\"description\":\"GFE markets\",\"potentialAction\":[{\"@type\":\"SearchAction\",\"target\":{\"@type\":\"EntryPoint\",\"urlTemplate\":\"http:\/\/gfemarket.rudetings.com\/?s={search_term_string}\"},\"query-input\":\"required name=search_term_string\"}],\"inLanguage\":\"de\"}]}<\/script>\n<!-- \/ Yoast SEO plugin. -->","yoast_head_json":{"title":"GFEs Datenschutzrichtlinie","description":"Wir bei GFE legen gro\u00dfen Wert auf den Schutz der personenbezogenen Daten unserer H\u00e4ndler und Website-Nutzer. Bitte lesen Sie unsere Datenschutzrichtlinie, um zu erfahren, wie wir dies tun.","robots":{"index":"noindex","follow":"follow","max-snippet":"max-snippet:-1","max-image-preview":"max-image-preview:large","max-video-preview":"max-video-preview:-1"},"og_locale":"de_DE","og_type":"article","og_title":"GFEs Datenschutzrichtlinie","og_description":"Wir bei GFE legen gro\u00dfen Wert auf den Schutz der personenbezogenen Daten unserer H\u00e4ndler und Website-Nutzer. Bitte lesen Sie unsere Datenschutzrichtlinie, um zu erfahren, wie wir dies tun.","og_url":"https:\/\/gfemarket.rudetings.com\/de\/privacy\/","og_site_name":"GFE","article_modified_time":"2022-06-07T16:13:55+00:00","twitter_card":"summary_large_image","twitter_description":"Wir bei GFE legen gro\u00dfen Wert auf den Schutz der personenbezogenen Daten unserer H\u00e4ndler und Website-Nutzer. Bitte lesen Sie unsere Datenschutzrichtlinie, um zu erfahren, wie wir dies tun.","twitter_misc":{"Gesch\u00e4tzte Lesezeit":"6\u00a0Minuten"},"schema":{"@context":"https:\/\/schema.org","@graph":[{"@type":"WebPage","@id":"https:\/\/gfemarket.rudetings.com\/de\/privacy\/","url":"https:\/\/gfemarket.rudetings.com\/de\/privacy\/","name":"GFEs Datenschutzrichtlinie","isPartOf":{"@id":"http:\/\/gfemarket.rudetings.com\/#website"},"datePublished":"2022-05-27T10:27:57+00:00","dateModified":"2022-06-07T16:13:55+00:00","description":"Wir bei GFE legen gro\u00dfen Wert auf den Schutz der personenbezogenen Daten unserer H\u00e4ndler und Website-Nutzer. Bitte lesen Sie unsere Datenschutzrichtlinie, um zu erfahren, wie wir dies tun.","breadcrumb":{"@id":"https:\/\/gfemarket.rudetings.com\/de\/privacy\/#breadcrumb"},"inLanguage":"de","potentialAction":[{"@type":"ReadAction","target":["https:\/\/gfemarket.rudetings.com\/de\/privacy\/"]}]},{"@type":"BreadcrumbList","@id":"https:\/\/gfemarket.rudetings.com\/de\/privacy\/#breadcrumb","itemListElement":[{"@type":"ListItem","position":1,"name":"Home","item":"http:\/\/gfemarket.rudetings.com\/de\/"},{"@type":"ListItem","position":2,"name":"Privacy Policy for GFE Markets"}]},{"@type":"WebSite","@id":"http:\/\/gfemarket.rudetings.com\/#website","url":"http:\/\/gfemarket.rudetings.com\/","name":"GFE","description":"GFE markets","potentialAction":[{"@type":"SearchAction","target":{"@type":"EntryPoint","urlTemplate":"http:\/\/gfemarket.rudetings.com\/?s={search_term_string}"},"query-input":"required name=search_term_string"}],"inLanguage":"de"}]}},"_links":{"self":[{"href":"https:\/\/gfemarket.rudetings.com\/de\/wp-json\/wp\/v2\/pages\/3178","targetHints":{"allow":["GET"]}}],"collection":[{"href":"https:\/\/gfemarket.rudetings.com\/de\/wp-json\/wp\/v2\/pages"}],"about":[{"href":"https:\/\/gfemarket.rudetings.com\/de\/wp-json\/wp\/v2\/types\/page"}],"author":[{"embeddable":true,"href":"https:\/\/gfemarket.rudetings.com\/de\/wp-json\/wp\/v2\/users\/19"}],"replies":[{"embeddable":true,"href":"https:\/\/gfemarket.rudetings.com\/de\/wp-json\/wp\/v2\/comments?post=3178"}],"version-history":[{"count":4,"href":"https:\/\/gfemarket.rudetings.com\/de\/wp-json\/wp\/v2\/pages\/3178\/revisions"}],"predecessor-version":[{"id":3853,"href":"https:\/\/gfemarket.rudetings.com\/de\/wp-json\/wp\/v2\/pages\/3178\/revisions\/3853"}],"wp:attachment":[{"href":"https:\/\/gfemarket.rudetings.com\/de\/wp-json\/wp\/v2\/media?parent=3178"}],"curies":[{"name":"wp","href":"https:\/\/api.w.org\/{rel}","templated":true}]}}