{"id":3184,"date":"2022-05-24T14:01:44","date_gmt":"2022-05-24T14:01:44","guid":{"rendered":"https:\/\/dev.gfemarkets.com\/risk-disclosure\/"},"modified":"2022-06-07T15:40:10","modified_gmt":"2022-06-07T15:40:10","slug":"risk-disclosure","status":"publish","type":"page","link":"https:\/\/gfemarket.rudetings.com\/de\/risk-disclosure\/","title":{"rendered":"Risk Disclosure"},"content":{"rendered":"<p>Wenn Sie mit CFDs handeln m\u00f6chten, sollten Sie unter anderem abw\u00e4gen, ob Sie ein hohes Risiko f\u00fcr Ihr Finanzverm\u00f6gen verkraften k\u00f6nnen oder nicht. Bitte beachten Sie, dass Sie nicht in CFDs investieren sollten, wenn Sie kein erfahrener Anleger sind und nicht in der Lage sind, Verluste zu verkraften. Sie sollten auch wissen, dass der Handel mit Aktien ohne Marge weniger Risiko birgt als der Handel mit gehebelten CFDS.<\/p>\n<p>Die M\u00e4rkte sind von Natur aus volatil, und das macht den Handel mit CFDs so riskant. Der Handel mit CFDs auf ein beliebiges zugrunde liegendes Produkt ist automatisch mit einem hohen Risiko verbunden, vor allem, wenn eine zus\u00e4tzliche Hebelwirkung (Margin) eingesetzt wird.<\/p>\n<p>Der CFD-Handel eignet sich aufgrund des hohen Risikos, die gesamte Investition zu verlieren, nicht f\u00fcr alle Anleger oder H\u00e4ndler und ist daher m\u00f6glicherweise nicht f\u00fcr alle Anleger geeignet. Sie sollten kein Geld investieren, dessen Verlust Sie sich nicht leisten k\u00f6nnen. Vergewissern Sie sich, dass Sie sich \u00fcber alle Risiken des CFD-Handels im Klaren sind, bevor Sie Ihre Handelsreise beginnen. Wir empfehlen Ihnen dringend, einen unabh\u00e4ngigen, sachkundigen und voll lizenzierten Finanzberater zu konsultieren, bevor Sie mit dem Handel von CFDs beginnen.<\/p>\n<p>Wir lehnen jegliche Haftung f\u00fcr die folgenden Umst\u00e4nde ab:<br \/>\nVerluste oder Sch\u00e4den, die ganz oder teilweise durch CFD-Transaktionen verursacht wurden, daraus resultieren oder damit verbunden sind, oder direkte, indirekte, besondere, Folge- oder Nebensch\u00e4den jeglicher Art.<\/p>\n<p>Es besteht ein bemerkenswertes und beachtliches Ma\u00df an Gefahr, wenn man das Anlageverhalten anderer H\u00e4ndler nachahmt, selbst wenn diese sehr erfahren sind. Wie beim Handel mit anderen Verm\u00f6genswerten und auf anderen Plattformen besteht auch beim Handel auf GFE ein Risiko, da Sie m\u00f6glicherweise den Handelsentscheidungen von unerfahrenen\/unprofessionellen H\u00e4ndlern folgen. Denken Sie daran, dass nicht alle H\u00e4ndler das gleiche Ziel und die gleichen Absichten haben wie Sie, und dass ihr finanzieller Status sich sehr von dem Ihren unterscheiden kann, was der Grund daf\u00fcr sein k\u00f6nnte, dass sie das mit dem CFD-Handel verbundene Gesamtrisiko tolerieren, w\u00e4hrend Sie es nicht k\u00f6nnen.<\/p>\n<p>Das Verhalten eines GFE-Mitglieds in der Vergangenheit sagt nicht unbedingt etwas \u00fcber seine zuk\u00fcnftige Leistung aus. Alle Inhalte, die Sie auf der GFE-Handelsplattform finden, gelten nicht als Ratschl\u00e4ge oder Anleitungen und repr\u00e4sentieren nicht GFE, da es jedem Mitglied der Gemeinschaft freisteht, das hinzuzuf\u00fcgen, was es m\u00f6chte.<\/p>\n","protected":false},"excerpt":{"rendered":"<p>Wenn Sie mit CFDs handeln m\u00f6chten, sollten Sie unter anderem abw\u00e4gen, ob Sie ein hohes Risiko f\u00fcr Ihr Finanzverm\u00f6gen verkraften k\u00f6nnen oder nicht. Bitte beachten Sie, dass Sie nicht in CFDs investieren sollten, wenn Sie kein erfahrener Anleger sind und nicht in der Lage sind, Verluste zu verkraften. Sie sollten auch wissen, dass der Handel [&hellip;]<\/p>\n","protected":false},"author":19,"featured_media":0,"parent":0,"menu_order":0,"comment_status":"closed","ping_status":"closed","template":"","meta":{"footnotes":""},"class_list":["post-3184","page","type-page","status-publish","hentry"],"yoast_head":"<!-- This site is optimized with the Yoast SEO plugin v19.13 - https:\/\/yoast.com\/wordpress\/plugins\/seo\/ -->\n<title>GFE Markets \u2013 Risikohinweis<\/title>\n<meta name=\"description\" content=\"GFE Markets kl\u00e4rt seine Kunden \u00fcber alle Risiken auf, denen sie beim Handel ausgesetzt sein k\u00f6nnten. Lesen Sie hier die Risikohinweise von GFE Markets.\" \/>\n<meta name=\"robots\" content=\"noindex, follow, max-snippet:-1, max-image-preview:large, max-video-preview:-1\" \/>\n<meta property=\"og:locale\" content=\"de_DE\" \/>\n<meta property=\"og:type\" content=\"article\" \/>\n<meta property=\"og:title\" content=\"GFE Markets \u2013 Risikohinweis\" \/>\n<meta property=\"og:description\" content=\"GFE Markets kl\u00e4rt seine Kunden \u00fcber alle Risiken auf, denen sie beim Handel ausgesetzt sein k\u00f6nnten. Lesen Sie hier die Risikohinweise von GFE Markets.\" \/>\n<meta property=\"og:url\" content=\"https:\/\/gfemarket.rudetings.com\/de\/risk-disclosure\/\" \/>\n<meta property=\"og:site_name\" content=\"GFE\" \/>\n<meta property=\"article:modified_time\" content=\"2022-06-07T15:40:10+00:00\" \/>\n<meta name=\"twitter:card\" content=\"summary_large_image\" \/>\n<meta name=\"twitter:title\" content=\"GFE Markets \u2013 Risikohinweis\" \/>\n<meta name=\"twitter:description\" content=\"GFE Markets kl\u00e4rt seine Kunden \u00fcber alle Risiken auf, denen sie beim Handel ausgesetzt sein k\u00f6nnten. Lesen Sie hier die Risikohinweise von GFE Markets.\" \/>\n<meta name=\"twitter:label1\" content=\"Gesch\u00e4tzte Lesezeit\" \/>\n\t<meta name=\"twitter:data1\" content=\"2\u00a0Minuten\" \/>\n<script type=\"application\/ld+json\" class=\"yoast-schema-graph\">{\"@context\":\"https:\/\/schema.org\",\"@graph\":[{\"@type\":\"WebPage\",\"@id\":\"https:\/\/gfemarket.rudetings.com\/de\/risk-disclosure\/\",\"url\":\"https:\/\/gfemarket.rudetings.com\/de\/risk-disclosure\/\",\"name\":\"GFE Markets \u2013 Risikohinweis\",\"isPartOf\":{\"@id\":\"http:\/\/gfemarket.rudetings.com\/#website\"},\"datePublished\":\"2022-05-24T14:01:44+00:00\",\"dateModified\":\"2022-06-07T15:40:10+00:00\",\"description\":\"GFE Markets kl\u00e4rt seine Kunden \u00fcber alle Risiken auf, denen sie beim Handel ausgesetzt sein k\u00f6nnten. Lesen Sie hier die Risikohinweise von GFE Markets.\",\"breadcrumb\":{\"@id\":\"https:\/\/gfemarket.rudetings.com\/de\/risk-disclosure\/#breadcrumb\"},\"inLanguage\":\"de\",\"potentialAction\":[{\"@type\":\"ReadAction\",\"target\":[\"https:\/\/gfemarket.rudetings.com\/de\/risk-disclosure\/\"]}]},{\"@type\":\"BreadcrumbList\",\"@id\":\"https:\/\/gfemarket.rudetings.com\/de\/risk-disclosure\/#breadcrumb\",\"itemListElement\":[{\"@type\":\"ListItem\",\"position\":1,\"name\":\"Home\",\"item\":\"http:\/\/gfemarket.rudetings.com\/de\/\"},{\"@type\":\"ListItem\",\"position\":2,\"name\":\"Risk Disclosure\"}]},{\"@type\":\"WebSite\",\"@id\":\"http:\/\/gfemarket.rudetings.com\/#website\",\"url\":\"http:\/\/gfemarket.rudetings.com\/\",\"name\":\"GFE\",\"description\":\"GFE markets\",\"potentialAction\":[{\"@type\":\"SearchAction\",\"target\":{\"@type\":\"EntryPoint\",\"urlTemplate\":\"http:\/\/gfemarket.rudetings.com\/?s={search_term_string}\"},\"query-input\":\"required name=search_term_string\"}],\"inLanguage\":\"de\"}]}<\/script>\n<!-- \/ Yoast SEO plugin. -->","yoast_head_json":{"title":"GFE Markets \u2013 Risikohinweis","description":"GFE Markets kl\u00e4rt seine Kunden \u00fcber alle Risiken auf, denen sie beim Handel ausgesetzt sein k\u00f6nnten. Lesen Sie hier die Risikohinweise von GFE Markets.","robots":{"index":"noindex","follow":"follow","max-snippet":"max-snippet:-1","max-image-preview":"max-image-preview:large","max-video-preview":"max-video-preview:-1"},"og_locale":"de_DE","og_type":"article","og_title":"GFE Markets \u2013 Risikohinweis","og_description":"GFE Markets kl\u00e4rt seine Kunden \u00fcber alle Risiken auf, denen sie beim Handel ausgesetzt sein k\u00f6nnten. Lesen Sie hier die Risikohinweise von GFE Markets.","og_url":"https:\/\/gfemarket.rudetings.com\/de\/risk-disclosure\/","og_site_name":"GFE","article_modified_time":"2022-06-07T15:40:10+00:00","twitter_card":"summary_large_image","twitter_title":"GFE Markets \u2013 Risikohinweis","twitter_description":"GFE Markets kl\u00e4rt seine Kunden \u00fcber alle Risiken auf, denen sie beim Handel ausgesetzt sein k\u00f6nnten. Lesen Sie hier die Risikohinweise von GFE Markets.","twitter_misc":{"Gesch\u00e4tzte Lesezeit":"2\u00a0Minuten"},"schema":{"@context":"https:\/\/schema.org","@graph":[{"@type":"WebPage","@id":"https:\/\/gfemarket.rudetings.com\/de\/risk-disclosure\/","url":"https:\/\/gfemarket.rudetings.com\/de\/risk-disclosure\/","name":"GFE Markets \u2013 Risikohinweis","isPartOf":{"@id":"http:\/\/gfemarket.rudetings.com\/#website"},"datePublished":"2022-05-24T14:01:44+00:00","dateModified":"2022-06-07T15:40:10+00:00","description":"GFE Markets kl\u00e4rt seine Kunden \u00fcber alle Risiken auf, denen sie beim Handel ausgesetzt sein k\u00f6nnten. Lesen Sie hier die Risikohinweise von GFE Markets.","breadcrumb":{"@id":"https:\/\/gfemarket.rudetings.com\/de\/risk-disclosure\/#breadcrumb"},"inLanguage":"de","potentialAction":[{"@type":"ReadAction","target":["https:\/\/gfemarket.rudetings.com\/de\/risk-disclosure\/"]}]},{"@type":"BreadcrumbList","@id":"https:\/\/gfemarket.rudetings.com\/de\/risk-disclosure\/#breadcrumb","itemListElement":[{"@type":"ListItem","position":1,"name":"Home","item":"http:\/\/gfemarket.rudetings.com\/de\/"},{"@type":"ListItem","position":2,"name":"Risk Disclosure"}]},{"@type":"WebSite","@id":"http:\/\/gfemarket.rudetings.com\/#website","url":"http:\/\/gfemarket.rudetings.com\/","name":"GFE","description":"GFE markets","potentialAction":[{"@type":"SearchAction","target":{"@type":"EntryPoint","urlTemplate":"http:\/\/gfemarket.rudetings.com\/?s={search_term_string}"},"query-input":"required name=search_term_string"}],"inLanguage":"de"}]}},"_links":{"self":[{"href":"https:\/\/gfemarket.rudetings.com\/de\/wp-json\/wp\/v2\/pages\/3184","targetHints":{"allow":["GET"]}}],"collection":[{"href":"https:\/\/gfemarket.rudetings.com\/de\/wp-json\/wp\/v2\/pages"}],"about":[{"href":"https:\/\/gfemarket.rudetings.com\/de\/wp-json\/wp\/v2\/types\/page"}],"author":[{"embeddable":true,"href":"https:\/\/gfemarket.rudetings.com\/de\/wp-json\/wp\/v2\/users\/19"}],"replies":[{"embeddable":true,"href":"https:\/\/gfemarket.rudetings.com\/de\/wp-json\/wp\/v2\/comments?post=3184"}],"version-history":[{"count":3,"href":"https:\/\/gfemarket.rudetings.com\/de\/wp-json\/wp\/v2\/pages\/3184\/revisions"}],"predecessor-version":[{"id":3835,"href":"https:\/\/gfemarket.rudetings.com\/de\/wp-json\/wp\/v2\/pages\/3184\/revisions\/3835"}],"wp:attachment":[{"href":"https:\/\/gfemarket.rudetings.com\/de\/wp-json\/wp\/v2\/media?parent=3184"}],"curies":[{"name":"wp","href":"https:\/\/api.w.org\/{rel}","templated":true}]}}