{"id":3190,"date":"2022-05-30T07:09:58","date_gmt":"2022-05-30T07:09:58","guid":{"rendered":"https:\/\/dev.gfemarkets.com\/platform\/"},"modified":"2022-06-07T20:04:07","modified_gmt":"2022-06-07T20:04:07","slug":"platform","status":"publish","type":"page","link":"https:\/\/gfemarket.rudetings.com\/de\/platform\/","title":{"rendered":"Trade"},"content":{"rendered":"","protected":false},"excerpt":{"rendered":"","protected":false},"author":19,"featured_media":0,"parent":0,"menu_order":0,"comment_status":"closed","ping_status":"closed","template":"page-trade.php","meta":{"footnotes":""},"class_list":["post-3190","page","type-page","status-publish","hentry"],"yoast_head":"<!-- This site is optimized with the Yoast SEO plugin v19.13 - https:\/\/yoast.com\/wordpress\/plugins\/seo\/ -->\n<title>Handeln Sie jetzt auf der ma\u00dfgeschneiderten Handelsplattform von GFE<\/title>\n<meta name=\"description\" content=\"Die GFE Handelsplattform ist die ultimative Handelsplattform f\u00fcr Anf\u00e4nger, Fortgeschrittene und Experten! Beginnen Sie jetzt mit dem Handel auf der GFE-Handelsplattform!\" \/>\n<meta name=\"robots\" content=\"noindex, follow, max-snippet:-1, max-image-preview:large, max-video-preview:-1\" \/>\n<meta property=\"og:locale\" content=\"de_DE\" \/>\n<meta property=\"og:type\" content=\"article\" \/>\n<meta property=\"og:title\" content=\"Handeln Sie jetzt auf der ma\u00dfgeschneiderten Handelsplattform von GFE\" \/>\n<meta property=\"og:description\" content=\"Die GFE Handelsplattform ist die ultimative Handelsplattform f\u00fcr Anf\u00e4nger, Fortgeschrittene und Experten! Beginnen Sie jetzt mit dem Handel auf der GFE-Handelsplattform!\" \/>\n<meta property=\"og:url\" content=\"https:\/\/gfemarket.rudetings.com\/de\/platform\/\" \/>\n<meta property=\"og:site_name\" content=\"GFE\" \/>\n<meta property=\"article:modified_time\" content=\"2022-06-07T20:04:07+00:00\" \/>\n<meta name=\"twitter:card\" content=\"summary_large_image\" \/>\n<meta name=\"twitter:title\" content=\"Handeln Sie jetzt auf der ma\u00dfgeschneiderten Handelsplattform von GFE\" \/>\n<meta name=\"twitter:description\" content=\"Die GFE Handelsplattform ist die ultimative Handelsplattform f\u00fcr Anf\u00e4nger, Fortgeschrittene und Experten! Beginnen Sie jetzt mit dem Handel auf der GFE-Handelsplattform!\" \/>\n<script type=\"application\/ld+json\" class=\"yoast-schema-graph\">{\"@context\":\"https:\/\/schema.org\",\"@graph\":[{\"@type\":\"WebPage\",\"@id\":\"https:\/\/gfemarket.rudetings.com\/de\/platform\/\",\"url\":\"https:\/\/gfemarket.rudetings.com\/de\/platform\/\",\"name\":\"Handeln Sie jetzt auf der ma\u00dfgeschneiderten Handelsplattform von GFE\",\"isPartOf\":{\"@id\":\"http:\/\/gfemarket.rudetings.com\/#website\"},\"datePublished\":\"2022-05-30T07:09:58+00:00\",\"dateModified\":\"2022-06-07T20:04:07+00:00\",\"description\":\"Die GFE Handelsplattform ist die ultimative Handelsplattform f\u00fcr Anf\u00e4nger, Fortgeschrittene und Experten! Beginnen Sie jetzt mit dem Handel auf der GFE-Handelsplattform!\",\"breadcrumb\":{\"@id\":\"https:\/\/gfemarket.rudetings.com\/de\/platform\/#breadcrumb\"},\"inLanguage\":\"de\",\"potentialAction\":[{\"@type\":\"ReadAction\",\"target\":[\"https:\/\/gfemarket.rudetings.com\/de\/platform\/\"]}]},{\"@type\":\"BreadcrumbList\",\"@id\":\"https:\/\/gfemarket.rudetings.com\/de\/platform\/#breadcrumb\",\"itemListElement\":[{\"@type\":\"ListItem\",\"position\":1,\"name\":\"Home\",\"item\":\"http:\/\/gfemarket.rudetings.com\/de\/\"},{\"@type\":\"ListItem\",\"position\":2,\"name\":\"Trade\"}]},{\"@type\":\"WebSite\",\"@id\":\"http:\/\/gfemarket.rudetings.com\/#website\",\"url\":\"http:\/\/gfemarket.rudetings.com\/\",\"name\":\"GFE\",\"description\":\"GFE markets\",\"potentialAction\":[{\"@type\":\"SearchAction\",\"target\":{\"@type\":\"EntryPoint\",\"urlTemplate\":\"http:\/\/gfemarket.rudetings.com\/?s={search_term_string}\"},\"query-input\":\"required name=search_term_string\"}],\"inLanguage\":\"de\"}]}<\/script>\n<!-- \/ Yoast SEO plugin. -->","yoast_head_json":{"title":"Handeln Sie jetzt auf der ma\u00dfgeschneiderten Handelsplattform von GFE","description":"Die GFE Handelsplattform ist die ultimative Handelsplattform f\u00fcr Anf\u00e4nger, Fortgeschrittene und Experten! Beginnen Sie jetzt mit dem Handel auf der GFE-Handelsplattform!","robots":{"index":"noindex","follow":"follow","max-snippet":"max-snippet:-1","max-image-preview":"max-image-preview:large","max-video-preview":"max-video-preview:-1"},"og_locale":"de_DE","og_type":"article","og_title":"Handeln Sie jetzt auf der ma\u00dfgeschneiderten Handelsplattform von GFE","og_description":"Die GFE Handelsplattform ist die ultimative Handelsplattform f\u00fcr Anf\u00e4nger, Fortgeschrittene und Experten! Beginnen Sie jetzt mit dem Handel auf der GFE-Handelsplattform!","og_url":"https:\/\/gfemarket.rudetings.com\/de\/platform\/","og_site_name":"GFE","article_modified_time":"2022-06-07T20:04:07+00:00","twitter_card":"summary_large_image","twitter_title":"Handeln Sie jetzt auf der ma\u00dfgeschneiderten Handelsplattform von GFE","twitter_description":"Die GFE Handelsplattform ist die ultimative Handelsplattform f\u00fcr Anf\u00e4nger, Fortgeschrittene und Experten! Beginnen Sie jetzt mit dem Handel auf der GFE-Handelsplattform!","schema":{"@context":"https:\/\/schema.org","@graph":[{"@type":"WebPage","@id":"https:\/\/gfemarket.rudetings.com\/de\/platform\/","url":"https:\/\/gfemarket.rudetings.com\/de\/platform\/","name":"Handeln Sie jetzt auf der ma\u00dfgeschneiderten Handelsplattform von GFE","isPartOf":{"@id":"http:\/\/gfemarket.rudetings.com\/#website"},"datePublished":"2022-05-30T07:09:58+00:00","dateModified":"2022-06-07T20:04:07+00:00","description":"Die GFE Handelsplattform ist die ultimative Handelsplattform f\u00fcr Anf\u00e4nger, Fortgeschrittene und Experten! Beginnen Sie jetzt mit dem Handel auf der GFE-Handelsplattform!","breadcrumb":{"@id":"https:\/\/gfemarket.rudetings.com\/de\/platform\/#breadcrumb"},"inLanguage":"de","potentialAction":[{"@type":"ReadAction","target":["https:\/\/gfemarket.rudetings.com\/de\/platform\/"]}]},{"@type":"BreadcrumbList","@id":"https:\/\/gfemarket.rudetings.com\/de\/platform\/#breadcrumb","itemListElement":[{"@type":"ListItem","position":1,"name":"Home","item":"http:\/\/gfemarket.rudetings.com\/de\/"},{"@type":"ListItem","position":2,"name":"Trade"}]},{"@type":"WebSite","@id":"http:\/\/gfemarket.rudetings.com\/#website","url":"http:\/\/gfemarket.rudetings.com\/","name":"GFE","description":"GFE markets","potentialAction":[{"@type":"SearchAction","target":{"@type":"EntryPoint","urlTemplate":"http:\/\/gfemarket.rudetings.com\/?s={search_term_string}"},"query-input":"required name=search_term_string"}],"inLanguage":"de"}]}},"_links":{"self":[{"href":"https:\/\/gfemarket.rudetings.com\/de\/wp-json\/wp\/v2\/pages\/3190","targetHints":{"allow":["GET"]}}],"collection":[{"href":"https:\/\/gfemarket.rudetings.com\/de\/wp-json\/wp\/v2\/pages"}],"about":[{"href":"https:\/\/gfemarket.rudetings.com\/de\/wp-json\/wp\/v2\/types\/page"}],"author":[{"embeddable":true,"href":"https:\/\/gfemarket.rudetings.com\/de\/wp-json\/wp\/v2\/users\/19"}],"replies":[{"embeddable":true,"href":"https:\/\/gfemarket.rudetings.com\/de\/wp-json\/wp\/v2\/comments?post=3190"}],"version-history":[{"count":2,"href":"https:\/\/gfemarket.rudetings.com\/de\/wp-json\/wp\/v2\/pages\/3190\/revisions"}],"predecessor-version":[{"id":3868,"href":"https:\/\/gfemarket.rudetings.com\/de\/wp-json\/wp\/v2\/pages\/3190\/revisions\/3868"}],"wp:attachment":[{"href":"https:\/\/gfemarket.rudetings.com\/de\/wp-json\/wp\/v2\/media?parent=3190"}],"curies":[{"name":"wp","href":"https:\/\/api.w.org\/{rel}","templated":true}]}}