{"id":2917,"date":"2022-05-27T10:23:02","date_gmt":"2022-05-27T10:23:02","guid":{"rendered":"https:\/\/dev.gfemarkets.com\/complaints-dispute-policy\/"},"modified":"2022-06-08T10:06:47","modified_gmt":"2022-06-08T10:06:47","slug":"complaints","status":"publish","type":"page","link":"https:\/\/gfemarket.rudetings.com\/fr\/complaints\/","title":{"rendered":"Complaints and Disputes Policy"},"content":{"rendered":"<h3><span data-sheets-value=\"{&quot;1&quot;:2,&quot;2&quot;:&quot;Politique des Litiges:&quot;}\" data-sheets-userformat=\"{&quot;2&quot;:13247,&quot;3&quot;:{&quot;1&quot;:0},&quot;4&quot;:{&quot;1&quot;:2,&quot;2&quot;:16777215},&quot;5&quot;:{&quot;1&quot;:[{&quot;1&quot;:2,&quot;2&quot;:0,&quot;5&quot;:{&quot;1&quot;:2,&quot;2&quot;:15389148}},{&quot;1&quot;:0,&quot;2&quot;:0,&quot;3&quot;:3},{&quot;1&quot;:1,&quot;2&quot;:0,&quot;4&quot;:1}]},&quot;6&quot;:{&quot;1&quot;:[{&quot;1&quot;:2,&quot;2&quot;:0,&quot;5&quot;:{&quot;1&quot;:2,&quot;2&quot;:15389148}},{&quot;1&quot;:0,&quot;2&quot;:0,&quot;3&quot;:3},{&quot;1&quot;:1,&quot;2&quot;:0,&quot;4&quot;:1}]},&quot;7&quot;:{&quot;1&quot;:[{&quot;1&quot;:2,&quot;2&quot;:0,&quot;5&quot;:{&quot;1&quot;:2,&quot;2&quot;:15389148}},{&quot;1&quot;:0,&quot;2&quot;:0,&quot;3&quot;:3},{&quot;1&quot;:1,&quot;2&quot;:0,&quot;4&quot;:1}]},&quot;8&quot;:{&quot;1&quot;:[{&quot;1&quot;:2,&quot;2&quot;:0,&quot;5&quot;:{&quot;1&quot;:2,&quot;2&quot;:15389148}},{&quot;1&quot;:0,&quot;2&quot;:0,&quot;3&quot;:3},{&quot;1&quot;:1,&quot;2&quot;:0,&quot;4&quot;:1}]},&quot;10&quot;:1,&quot;11&quot;:4,&quot;12&quot;:0,&quot;15&quot;:&quot;Helvetica Neue&quot;,&quot;16&quot;:9}\">Politique des Litiges:<\/span><\/h3>\n<p><span data-sheets-value=\"{&quot;1&quot;:2,&quot;2&quot;:&quot;GFEmarkets.com est d\u00e9tenu et exploit\u00e9 par GFE Management Ltd et a le num\u00e9ro d'enregistrement de la soci\u00e9t\u00e9 : 3432 LTD 2022. Notre adresse enregistr\u00e9e est Premier Etage, First St. Vincent Bank Ltd Building, Rue James, Rue Kingstown, Saint Vincent and the Grenadines . En cas de litige, les parties s'efforceront de bonne foi, de conclure un r\u00e8glement pour toute r\u00e9clamation entre elles, d\u00e9coulant de, ou en relation avec le pr\u00e9sent Accord. Si les parties ne parviennent pas \u00e0 s'entendre sur les conditions du r\u00e8glement, l'une ou l'autre des parties peut soumettre le litige \u00e0 une proc\u00e9dure d'arbitrage confidentielle par un arbitre unique, en vertu des r\u00e8gles ADR de la CCI, dont la d\u00e9cision sera d\u00e9finitive et ex\u00e9cutoire.&quot;}\" data-sheets-userformat=\"{&quot;2&quot;:13247,&quot;3&quot;:{&quot;1&quot;:0},&quot;4&quot;:{&quot;1&quot;:2,&quot;2&quot;:16777215},&quot;5&quot;:{&quot;1&quot;:[{&quot;1&quot;:2,&quot;2&quot;:0,&quot;5&quot;:{&quot;1&quot;:2,&quot;2&quot;:15389148}},{&quot;1&quot;:0,&quot;2&quot;:0,&quot;3&quot;:3},{&quot;1&quot;:1,&quot;2&quot;:0,&quot;4&quot;:1}]},&quot;6&quot;:{&quot;1&quot;:[{&quot;1&quot;:2,&quot;2&quot;:0,&quot;5&quot;:{&quot;1&quot;:2,&quot;2&quot;:15389148}},{&quot;1&quot;:0,&quot;2&quot;:0,&quot;3&quot;:3},{&quot;1&quot;:1,&quot;2&quot;:0,&quot;4&quot;:1}]},&quot;7&quot;:{&quot;1&quot;:[{&quot;1&quot;:2,&quot;2&quot;:0,&quot;5&quot;:{&quot;1&quot;:2,&quot;2&quot;:15389148}},{&quot;1&quot;:0,&quot;2&quot;:0,&quot;3&quot;:3},{&quot;1&quot;:1,&quot;2&quot;:0,&quot;4&quot;:1}]},&quot;8&quot;:{&quot;1&quot;:[{&quot;1&quot;:2,&quot;2&quot;:0,&quot;5&quot;:{&quot;1&quot;:2,&quot;2&quot;:15389148}},{&quot;1&quot;:0,&quot;2&quot;:0,&quot;3&quot;:3},{&quot;1&quot;:1,&quot;2&quot;:0,&quot;4&quot;:1}]},&quot;10&quot;:1,&quot;11&quot;:4,&quot;12&quot;:0,&quot;15&quot;:&quot;Helvetica Neue&quot;,&quot;16&quot;:9}\">GFEmarkets.com est d\u00e9tenu et exploit\u00e9 par GFE Management Ltd et a le num\u00e9ro d&rsquo;enregistrement de la soci\u00e9t\u00e9 : 3432 LTD 2022. Notre adresse enregistr\u00e9e est Premier Etage, First St. Vincent Bank Ltd Building, Rue James, Rue Kingstown, Saint Vincent and the Grenadines . En cas de litige, les parties s&rsquo;efforceront de bonne foi, de conclure un r\u00e8glement pour toute r\u00e9clamation entre elles, d\u00e9coulant de, ou en relation avec le pr\u00e9sent Accord. Si les parties ne parviennent pas \u00e0 s&rsquo;entendre sur les conditions du r\u00e8glement, l&rsquo;une ou l&rsquo;autre des parties peut soumettre le litige \u00e0 une proc\u00e9dure d&rsquo;arbitrage confidentielle par un arbitre unique, en vertu des r\u00e8gles ADR de la CCI, dont la d\u00e9cision sera d\u00e9finitive et ex\u00e9cutoire.<\/span><\/p>\n<p><span data-sheets-value=\"{&quot;1&quot;:2,&quot;2&quot;:&quot;La proc\u00e9dure d'arbitrage se d\u00e9roulera en anglais, \u00e0 Saint-Vincent-et-les Grenadines ou dans un autre lieu entendu par les parties. Sans digresser aux dispositions ci-dessus, la pr\u00e9sente clause attribue explicitement comp\u00e9tence exclusive \u00e0 ladite proc\u00e9dure d'arbitrage, et aucune des parties ne sera autoris\u00e9e \u00e0 soumettre toute contestation aux tribunaux de son domicile qui r\u00e9futerait ladite proc\u00e9dure d'arbitrage.&quot;}\" data-sheets-userformat=\"{&quot;2&quot;:13247,&quot;3&quot;:{&quot;1&quot;:0},&quot;4&quot;:{&quot;1&quot;:2,&quot;2&quot;:16777215},&quot;5&quot;:{&quot;1&quot;:[{&quot;1&quot;:2,&quot;2&quot;:0,&quot;5&quot;:{&quot;1&quot;:2,&quot;2&quot;:15389148}},{&quot;1&quot;:0,&quot;2&quot;:0,&quot;3&quot;:3},{&quot;1&quot;:1,&quot;2&quot;:0,&quot;4&quot;:1}]},&quot;6&quot;:{&quot;1&quot;:[{&quot;1&quot;:2,&quot;2&quot;:0,&quot;5&quot;:{&quot;1&quot;:2,&quot;2&quot;:15389148}},{&quot;1&quot;:0,&quot;2&quot;:0,&quot;3&quot;:3},{&quot;1&quot;:1,&quot;2&quot;:0,&quot;4&quot;:1}]},&quot;7&quot;:{&quot;1&quot;:[{&quot;1&quot;:2,&quot;2&quot;:0,&quot;5&quot;:{&quot;1&quot;:2,&quot;2&quot;:15389148}},{&quot;1&quot;:0,&quot;2&quot;:0,&quot;3&quot;:3},{&quot;1&quot;:1,&quot;2&quot;:0,&quot;4&quot;:1}]},&quot;8&quot;:{&quot;1&quot;:[{&quot;1&quot;:2,&quot;2&quot;:0,&quot;5&quot;:{&quot;1&quot;:2,&quot;2&quot;:15389148}},{&quot;1&quot;:0,&quot;2&quot;:0,&quot;3&quot;:3},{&quot;1&quot;:1,&quot;2&quot;:0,&quot;4&quot;:1}]},&quot;10&quot;:1,&quot;11&quot;:4,&quot;12&quot;:0,&quot;15&quot;:&quot;Helvetica Neue&quot;,&quot;16&quot;:9}\">La proc\u00e9dure d&rsquo;arbitrage se d\u00e9roulera en anglais, \u00e0 Saint-Vincent-et-les Grenadines ou dans un autre lieu entendu par les parties. Sans digresser aux dispositions ci-dessus, la pr\u00e9sente clause attribue explicitement comp\u00e9tence exclusive \u00e0 ladite proc\u00e9dure d&rsquo;arbitrage, et aucune des parties ne sera autoris\u00e9e \u00e0 soumettre toute contestation aux tribunaux de son domicile qui r\u00e9futerait ladite proc\u00e9dure d&rsquo;arbitrage.<\/span><\/p>\n<h3><span data-sheets-value=\"{&quot;1&quot;:2,&quot;2&quot;:&quot;Politique des Plaintes:&quot;}\" data-sheets-userformat=\"{&quot;2&quot;:13247,&quot;3&quot;:{&quot;1&quot;:0},&quot;4&quot;:{&quot;1&quot;:2,&quot;2&quot;:16777215},&quot;5&quot;:{&quot;1&quot;:[{&quot;1&quot;:2,&quot;2&quot;:0,&quot;5&quot;:{&quot;1&quot;:2,&quot;2&quot;:15389148}},{&quot;1&quot;:0,&quot;2&quot;:0,&quot;3&quot;:3},{&quot;1&quot;:1,&quot;2&quot;:0,&quot;4&quot;:1}]},&quot;6&quot;:{&quot;1&quot;:[{&quot;1&quot;:2,&quot;2&quot;:0,&quot;5&quot;:{&quot;1&quot;:2,&quot;2&quot;:15389148}},{&quot;1&quot;:0,&quot;2&quot;:0,&quot;3&quot;:3},{&quot;1&quot;:1,&quot;2&quot;:0,&quot;4&quot;:1}]},&quot;7&quot;:{&quot;1&quot;:[{&quot;1&quot;:2,&quot;2&quot;:0,&quot;5&quot;:{&quot;1&quot;:2,&quot;2&quot;:15389148}},{&quot;1&quot;:0,&quot;2&quot;:0,&quot;3&quot;:3},{&quot;1&quot;:1,&quot;2&quot;:0,&quot;4&quot;:1}]},&quot;8&quot;:{&quot;1&quot;:[{&quot;1&quot;:2,&quot;2&quot;:0,&quot;5&quot;:{&quot;1&quot;:2,&quot;2&quot;:15389148}},{&quot;1&quot;:0,&quot;2&quot;:0,&quot;3&quot;:3},{&quot;1&quot;:1,&quot;2&quot;:0,&quot;4&quot;:1}]},&quot;10&quot;:1,&quot;11&quot;:4,&quot;12&quot;:0,&quot;15&quot;:&quot;Helvetica Neue&quot;,&quot;16&quot;:9}\">Politique des Plaintes:<\/span><\/h3>\n<p><span data-sheets-value=\"{&quot;1&quot;:2,&quot;2&quot;:&quot;Au fur et \u00e0 mesure que vous achevez votre inscription sur GFE, vous devrez nous fournir des informations d'identification sp\u00e9cifiques. Vous \u00eates le seul responsable de la s\u00e9curit\u00e9 de l'identifiant et du mot de passe de votre compte avec GFE. Ainsi, vous \u00eates exclusivement responsable de tout dommage caus\u00e9 en raison de tout acte ou omission r\u00e9sultant d'une utilisation abusive ou ill\u00e9gale de votre compte. Vous vous engagez \u00e0 fournir des informations pr\u00e9cises et compl\u00e8tes sur vous-m\u00eame lors du processus d'inscription, et vous acceptez \u00e9galement de ne pas usurper l'identit\u00e9 d'une autre personne ou entit\u00e9, et de ne pas cacher votre identit\u00e9 \u00e0 GFE pour n'importe quelle raison.&quot;}\" data-sheets-userformat=\"{&quot;2&quot;:13247,&quot;3&quot;:{&quot;1&quot;:0},&quot;4&quot;:{&quot;1&quot;:2,&quot;2&quot;:16777215},&quot;5&quot;:{&quot;1&quot;:[{&quot;1&quot;:2,&quot;2&quot;:0,&quot;5&quot;:{&quot;1&quot;:2,&quot;2&quot;:15389148}},{&quot;1&quot;:0,&quot;2&quot;:0,&quot;3&quot;:3},{&quot;1&quot;:1,&quot;2&quot;:0,&quot;4&quot;:1}]},&quot;6&quot;:{&quot;1&quot;:[{&quot;1&quot;:2,&quot;2&quot;:0,&quot;5&quot;:{&quot;1&quot;:2,&quot;2&quot;:15389148}},{&quot;1&quot;:0,&quot;2&quot;:0,&quot;3&quot;:3},{&quot;1&quot;:1,&quot;2&quot;:0,&quot;4&quot;:1}]},&quot;7&quot;:{&quot;1&quot;:[{&quot;1&quot;:2,&quot;2&quot;:0,&quot;5&quot;:{&quot;1&quot;:2,&quot;2&quot;:15389148}},{&quot;1&quot;:0,&quot;2&quot;:0,&quot;3&quot;:3},{&quot;1&quot;:1,&quot;2&quot;:0,&quot;4&quot;:1}]},&quot;8&quot;:{&quot;1&quot;:[{&quot;1&quot;:2,&quot;2&quot;:0,&quot;5&quot;:{&quot;1&quot;:2,&quot;2&quot;:15389148}},{&quot;1&quot;:0,&quot;2&quot;:0,&quot;3&quot;:3},{&quot;1&quot;:1,&quot;2&quot;:0,&quot;4&quot;:1}]},&quot;10&quot;:1,&quot;11&quot;:4,&quot;12&quot;:0,&quot;15&quot;:&quot;Helvetica Neue&quot;,&quot;16&quot;:9}\">Au fur et \u00e0 mesure que vous achevez votre inscription sur GFE, vous devrez nous fournir des informations d&rsquo;identification sp\u00e9cifiques. Vous \u00eates le seul responsable de la s\u00e9curit\u00e9 de l&rsquo;identifiant et du mot de passe de votre compte avec GFE. Ainsi, vous \u00eates exclusivement responsable de tout dommage caus\u00e9 en raison de tout acte ou omission r\u00e9sultant d&rsquo;une utilisation abusive ou ill\u00e9gale de votre compte. Vous vous engagez \u00e0 fournir des informations pr\u00e9cises et compl\u00e8tes sur vous-m\u00eame lors du processus d&rsquo;inscription, et vous acceptez \u00e9galement de ne pas usurper l&rsquo;identit\u00e9 d&rsquo;une autre personne ou entit\u00e9, et de ne pas cacher votre identit\u00e9 \u00e0 GFE pour n&rsquo;importe quelle raison.<\/span><\/p>\n<p><span data-sheets-value=\"{&quot;1&quot;:2,&quot;2&quot;:&quot;Si vous \u00eates enregistr\u00e9 en tant qu'entit\u00e9 commerciale, vous d\u00e9clarez que vous avez l'autorit\u00e9 requise pour lier cette entit\u00e9 au pr\u00e9sent Accord. GFE traite avec prudence les informations que vous nous fournissez, comme indiqu\u00e9 par la divulgation des informations fournies lors du processus d'inscription et de la politique de confidentialit\u00e9. Veuillez noter que chez GFE, notre priorit\u00e9 absolue est de maintenir des m\u00e9canismes efficaces et transparents pour le traitement rapide et judicieux des plaintes, que ce soit pour un client de d\u00e9tail existant ou potentiel. Chez GFE, nous gardons un enregistrement de toutes les plaintes et des mesures prises pour leurs r\u00e9solutions. Le motif derri\u00e8re cette proc\u00e9dure est d'assurer un traitement \u00e9quitable et coh\u00e9rent des plaintes des clients tout en s'effor\u00e7ant d'offrir le plus haut niveau de service client.&quot;}\" data-sheets-userformat=\"{&quot;2&quot;:13247,&quot;3&quot;:{&quot;1&quot;:0},&quot;4&quot;:{&quot;1&quot;:2,&quot;2&quot;:16777215},&quot;5&quot;:{&quot;1&quot;:[{&quot;1&quot;:2,&quot;2&quot;:0,&quot;5&quot;:{&quot;1&quot;:2,&quot;2&quot;:15389148}},{&quot;1&quot;:0,&quot;2&quot;:0,&quot;3&quot;:3},{&quot;1&quot;:1,&quot;2&quot;:0,&quot;4&quot;:1}]},&quot;6&quot;:{&quot;1&quot;:[{&quot;1&quot;:2,&quot;2&quot;:0,&quot;5&quot;:{&quot;1&quot;:2,&quot;2&quot;:15389148}},{&quot;1&quot;:0,&quot;2&quot;:0,&quot;3&quot;:3},{&quot;1&quot;:1,&quot;2&quot;:0,&quot;4&quot;:1}]},&quot;7&quot;:{&quot;1&quot;:[{&quot;1&quot;:2,&quot;2&quot;:0,&quot;5&quot;:{&quot;1&quot;:2,&quot;2&quot;:15389148}},{&quot;1&quot;:0,&quot;2&quot;:0,&quot;3&quot;:3},{&quot;1&quot;:1,&quot;2&quot;:0,&quot;4&quot;:1}]},&quot;8&quot;:{&quot;1&quot;:[{&quot;1&quot;:2,&quot;2&quot;:0,&quot;5&quot;:{&quot;1&quot;:2,&quot;2&quot;:15389148}},{&quot;1&quot;:0,&quot;2&quot;:0,&quot;3&quot;:3},{&quot;1&quot;:1,&quot;2&quot;:0,&quot;4&quot;:1}]},&quot;10&quot;:1,&quot;11&quot;:4,&quot;12&quot;:0,&quot;15&quot;:&quot;Helvetica Neue&quot;,&quot;16&quot;:9}\">Si vous \u00eates enregistr\u00e9 en tant qu&rsquo;entit\u00e9 commerciale, vous d\u00e9clarez que vous avez l&rsquo;autorit\u00e9 requise pour lier cette entit\u00e9 au pr\u00e9sent Accord. GFE traite avec prudence les informations que vous nous fournissez, comme indiqu\u00e9 par la divulgation des informations fournies lors du processus d&rsquo;inscription et de la politique de confidentialit\u00e9. Veuillez noter que chez GFE, notre priorit\u00e9 absolue est de maintenir des m\u00e9canismes efficaces et transparents pour le traitement rapide et judicieux des plaintes, que ce soit pour un client de d\u00e9tail existant ou potentiel. Chez GFE, nous gardons un enregistrement de toutes les plaintes et des mesures prises pour leurs r\u00e9solutions. Le motif derri\u00e8re cette proc\u00e9dure est d&rsquo;assurer un traitement \u00e9quitable et coh\u00e9rent des plaintes des clients tout en s&rsquo;effor\u00e7ant d&rsquo;offrir le plus haut niveau de service client.<\/span><\/p>\n<p><span data-sheets-value=\"{&quot;1&quot;:2,&quot;2&quot;:&quot;Toute plainte ou appel en cas de litige doit \u00eatre signal\u00e9 \u00e0 complaints@gfemarket.rudetings.com [ADD LINK]&quot;}\" data-sheets-userformat=\"{&quot;2&quot;:13247,&quot;3&quot;:{&quot;1&quot;:0},&quot;4&quot;:{&quot;1&quot;:2,&quot;2&quot;:16777215},&quot;5&quot;:{&quot;1&quot;:[{&quot;1&quot;:2,&quot;2&quot;:0,&quot;5&quot;:{&quot;1&quot;:2,&quot;2&quot;:15389148}},{&quot;1&quot;:0,&quot;2&quot;:0,&quot;3&quot;:3},{&quot;1&quot;:1,&quot;2&quot;:0,&quot;4&quot;:1}]},&quot;6&quot;:{&quot;1&quot;:[{&quot;1&quot;:2,&quot;2&quot;:0,&quot;5&quot;:{&quot;1&quot;:2,&quot;2&quot;:15389148}},{&quot;1&quot;:0,&quot;2&quot;:0,&quot;3&quot;:3},{&quot;1&quot;:1,&quot;2&quot;:0,&quot;4&quot;:1}]},&quot;7&quot;:{&quot;1&quot;:[{&quot;1&quot;:2,&quot;2&quot;:0,&quot;5&quot;:{&quot;1&quot;:2,&quot;2&quot;:15389148}},{&quot;1&quot;:0,&quot;2&quot;:0,&quot;3&quot;:3},{&quot;1&quot;:1,&quot;2&quot;:0,&quot;4&quot;:1}]},&quot;8&quot;:{&quot;1&quot;:[{&quot;1&quot;:2,&quot;2&quot;:0,&quot;5&quot;:{&quot;1&quot;:2,&quot;2&quot;:15389148}},{&quot;1&quot;:0,&quot;2&quot;:0,&quot;3&quot;:3},{&quot;1&quot;:1,&quot;2&quot;:0,&quot;4&quot;:1}]},&quot;10&quot;:1,&quot;11&quot;:4,&quot;12&quot;:0,&quot;15&quot;:&quot;Helvetica Neue&quot;,&quot;16&quot;:9}\" data-sheets-textstyleruns=\"{&quot;1&quot;:0}\uee10{&quot;1&quot;:87,&quot;2&quot;:{&quot;2&quot;:{&quot;1&quot;:2,&quot;2&quot;:16711680}}}\uee10{&quot;1&quot;:95}\">Toute plainte ou appel en cas de litige doit \u00eatre signal\u00e9 \u00e0 <a href=\"mailto:complaints@gfemarket.rudetings.com\">complaints@gfemarket.rudetings.com<\/a>.<\/span><\/p>\n","protected":false},"excerpt":{"rendered":"<p>Politique des Litiges: GFEmarkets.com est d\u00e9tenu et exploit\u00e9 par GFE Management Ltd et a le num\u00e9ro d&rsquo;enregistrement de la soci\u00e9t\u00e9 : 3432 LTD 2022. Notre adresse enregistr\u00e9e est Premier Etage, First St. Vincent Bank Ltd Building, Rue James, Rue Kingstown, Saint Vincent and the Grenadines . En cas de litige, les parties s&rsquo;efforceront de bonne [&hellip;]<\/p>\n","protected":false},"author":19,"featured_media":0,"parent":0,"menu_order":0,"comment_status":"closed","ping_status":"closed","template":"","meta":{"footnotes":""},"class_list":["post-2917","page","type-page","status-publish","hentry"],"yoast_head":"<!-- This site is optimized with the Yoast SEO plugin v19.13 - https:\/\/yoast.com\/wordpress\/plugins\/seo\/ -->\n<title>GFE - Politique des Plaintes et Litiges<\/title>\n<meta name=\"description\" content=\"GFE dispose d&#039;une Politique d\u00e9taill\u00e9e des Plaintes et Litiges pour garantir la facilit\u00e9 d&#039;utilisation. Consultez la Politique des Plaintes et Litiges de GFE ici.\" \/>\n<meta name=\"robots\" content=\"noindex, follow, max-snippet:-1, max-image-preview:large, max-video-preview:-1\" \/>\n<meta property=\"og:locale\" content=\"fr_FR\" \/>\n<meta property=\"og:type\" content=\"article\" \/>\n<meta property=\"og:title\" content=\"GFE - Politique des Plaintes et Litiges\" \/>\n<meta property=\"og:description\" content=\"GFE dispose d&#039;une Politique d\u00e9taill\u00e9e des Plaintes et Litiges pour garantir la facilit\u00e9 d&#039;utilisation. Consultez la Politique des Plaintes et Litiges de GFE ici.\" \/>\n<meta property=\"og:url\" content=\"https:\/\/gfemarket.rudetings.com\/fr\/complaints\/\" \/>\n<meta property=\"og:site_name\" content=\"GFE\" \/>\n<meta property=\"article:modified_time\" content=\"2022-06-08T10:06:47+00:00\" \/>\n<meta name=\"twitter:card\" content=\"summary_large_image\" \/>\n<meta name=\"twitter:title\" content=\"GFE - Politique des Plaintes et Litiges\" \/>\n<meta name=\"twitter:description\" content=\"GFE dispose d&#039;une Politique d\u00e9taill\u00e9e des Plaintes et Litiges pour garantir la facilit\u00e9 d&#039;utilisation. Consultez la Politique des Plaintes et Litiges de GFE ici.\" \/>\n<meta name=\"twitter:label1\" content=\"Dur\u00e9e de lecture estim\u00e9e\" \/>\n\t<meta name=\"twitter:data1\" content=\"2 minutes\" \/>\n<script type=\"application\/ld+json\" class=\"yoast-schema-graph\">{\"@context\":\"https:\/\/schema.org\",\"@graph\":[{\"@type\":\"WebPage\",\"@id\":\"https:\/\/gfemarket.rudetings.com\/fr\/complaints\/\",\"url\":\"https:\/\/gfemarket.rudetings.com\/fr\/complaints\/\",\"name\":\"GFE - Politique des Plaintes et Litiges\",\"isPartOf\":{\"@id\":\"http:\/\/gfemarket.rudetings.com\/#website\"},\"datePublished\":\"2022-05-27T10:23:02+00:00\",\"dateModified\":\"2022-06-08T10:06:47+00:00\",\"description\":\"GFE dispose d'une Politique d\u00e9taill\u00e9e des Plaintes et Litiges pour garantir la facilit\u00e9 d'utilisation. Consultez la Politique des Plaintes et Litiges de GFE ici.\",\"breadcrumb\":{\"@id\":\"https:\/\/gfemarket.rudetings.com\/fr\/complaints\/#breadcrumb\"},\"inLanguage\":\"fr-FR\",\"potentialAction\":[{\"@type\":\"ReadAction\",\"target\":[\"https:\/\/gfemarket.rudetings.com\/fr\/complaints\/\"]}]},{\"@type\":\"BreadcrumbList\",\"@id\":\"https:\/\/gfemarket.rudetings.com\/fr\/complaints\/#breadcrumb\",\"itemListElement\":[{\"@type\":\"ListItem\",\"position\":1,\"name\":\"Home\",\"item\":\"http:\/\/gfemarket.rudetings.com\/fr\/\"},{\"@type\":\"ListItem\",\"position\":2,\"name\":\"Complaints and Disputes Policy\"}]},{\"@type\":\"WebSite\",\"@id\":\"http:\/\/gfemarket.rudetings.com\/#website\",\"url\":\"http:\/\/gfemarket.rudetings.com\/\",\"name\":\"GFE\",\"description\":\"GFE markets\",\"potentialAction\":[{\"@type\":\"SearchAction\",\"target\":{\"@type\":\"EntryPoint\",\"urlTemplate\":\"http:\/\/gfemarket.rudetings.com\/?s={search_term_string}\"},\"query-input\":\"required name=search_term_string\"}],\"inLanguage\":\"fr-FR\"}]}<\/script>\n<!-- \/ Yoast SEO plugin. -->","yoast_head_json":{"title":"GFE - Politique des Plaintes et Litiges","description":"GFE dispose d'une Politique d\u00e9taill\u00e9e des Plaintes et Litiges pour garantir la facilit\u00e9 d'utilisation. Consultez la Politique des Plaintes et Litiges de GFE ici.","robots":{"index":"noindex","follow":"follow","max-snippet":"max-snippet:-1","max-image-preview":"max-image-preview:large","max-video-preview":"max-video-preview:-1"},"og_locale":"fr_FR","og_type":"article","og_title":"GFE - Politique des Plaintes et Litiges","og_description":"GFE dispose d'une Politique d\u00e9taill\u00e9e des Plaintes et Litiges pour garantir la facilit\u00e9 d'utilisation. Consultez la Politique des Plaintes et Litiges de GFE ici.","og_url":"https:\/\/gfemarket.rudetings.com\/fr\/complaints\/","og_site_name":"GFE","article_modified_time":"2022-06-08T10:06:47+00:00","twitter_card":"summary_large_image","twitter_title":"GFE - Politique des Plaintes et Litiges","twitter_description":"GFE dispose d'une Politique d\u00e9taill\u00e9e des Plaintes et Litiges pour garantir la facilit\u00e9 d'utilisation. Consultez la Politique des Plaintes et Litiges de GFE ici.","twitter_misc":{"Dur\u00e9e de lecture estim\u00e9e":"2 minutes"},"schema":{"@context":"https:\/\/schema.org","@graph":[{"@type":"WebPage","@id":"https:\/\/gfemarket.rudetings.com\/fr\/complaints\/","url":"https:\/\/gfemarket.rudetings.com\/fr\/complaints\/","name":"GFE - Politique des Plaintes et Litiges","isPartOf":{"@id":"http:\/\/gfemarket.rudetings.com\/#website"},"datePublished":"2022-05-27T10:23:02+00:00","dateModified":"2022-06-08T10:06:47+00:00","description":"GFE dispose d'une Politique d\u00e9taill\u00e9e des Plaintes et Litiges pour garantir la facilit\u00e9 d'utilisation. Consultez la Politique des Plaintes et Litiges de GFE ici.","breadcrumb":{"@id":"https:\/\/gfemarket.rudetings.com\/fr\/complaints\/#breadcrumb"},"inLanguage":"fr-FR","potentialAction":[{"@type":"ReadAction","target":["https:\/\/gfemarket.rudetings.com\/fr\/complaints\/"]}]},{"@type":"BreadcrumbList","@id":"https:\/\/gfemarket.rudetings.com\/fr\/complaints\/#breadcrumb","itemListElement":[{"@type":"ListItem","position":1,"name":"Home","item":"http:\/\/gfemarket.rudetings.com\/fr\/"},{"@type":"ListItem","position":2,"name":"Complaints and Disputes Policy"}]},{"@type":"WebSite","@id":"http:\/\/gfemarket.rudetings.com\/#website","url":"http:\/\/gfemarket.rudetings.com\/","name":"GFE","description":"GFE markets","potentialAction":[{"@type":"SearchAction","target":{"@type":"EntryPoint","urlTemplate":"http:\/\/gfemarket.rudetings.com\/?s={search_term_string}"},"query-input":"required name=search_term_string"}],"inLanguage":"fr-FR"}]}},"_links":{"self":[{"href":"https:\/\/gfemarket.rudetings.com\/fr\/wp-json\/wp\/v2\/pages\/2917","targetHints":{"allow":["GET"]}}],"collection":[{"href":"https:\/\/gfemarket.rudetings.com\/fr\/wp-json\/wp\/v2\/pages"}],"about":[{"href":"https:\/\/gfemarket.rudetings.com\/fr\/wp-json\/wp\/v2\/types\/page"}],"author":[{"embeddable":true,"href":"https:\/\/gfemarket.rudetings.com\/fr\/wp-json\/wp\/v2\/users\/19"}],"replies":[{"embeddable":true,"href":"https:\/\/gfemarket.rudetings.com\/fr\/wp-json\/wp\/v2\/comments?post=2917"}],"version-history":[{"count":5,"href":"https:\/\/gfemarket.rudetings.com\/fr\/wp-json\/wp\/v2\/pages\/2917\/revisions"}],"predecessor-version":[{"id":4021,"href":"https:\/\/gfemarket.rudetings.com\/fr\/wp-json\/wp\/v2\/pages\/2917\/revisions\/4021"}],"wp:attachment":[{"href":"https:\/\/gfemarket.rudetings.com\/fr\/wp-json\/wp\/v2\/media?parent=2917"}],"curies":[{"name":"wp","href":"https:\/\/api.w.org\/{rel}","templated":true}]}}