{"id":2926,"date":"2022-05-25T10:28:45","date_gmt":"2022-05-25T10:28:45","guid":{"rendered":"https:\/\/dev.gfemarkets.com\/dispute-centre\/"},"modified":"2022-06-28T12:45:32","modified_gmt":"2022-06-28T12:45:32","slug":"dispute-centre","status":"publish","type":"page","link":"https:\/\/gfemarket.rudetings.com\/fr\/dispute-centre\/","title":{"rendered":"Dispute Centre"},"content":{"rendered":"","protected":false},"excerpt":{"rendered":"","protected":false},"author":19,"featured_media":0,"parent":0,"menu_order":0,"comment_status":"closed","ping_status":"closed","template":"page-dispute.php","meta":{"footnotes":""},"class_list":["post-2926","page","type-page","status-publish","hentry"],"yoast_head":"<!-- This site is optimized with the Yoast SEO plugin v19.13 - https:\/\/yoast.com\/wordpress\/plugins\/seo\/ -->\n<title>Le Centre de Disputes des March\u00e9s GFE<\/title>\n<meta name=\"description\" content=\"Notre Centre de Disputes est pr\u00e9sent pour r\u00e9soudre n&#039;importe quel probl\u00e8me ou d\u00e9fi survenant de la part de nos clients. Toutes les disputes sont trait\u00e9s rapidement et respectueusement.\" \/>\n<meta name=\"robots\" content=\"noindex, follow, max-snippet:-1, max-image-preview:large, max-video-preview:-1\" \/>\n<meta property=\"og:locale\" content=\"fr_FR\" \/>\n<meta property=\"og:type\" content=\"article\" \/>\n<meta property=\"og:title\" content=\"Le Centre de Disputes des March\u00e9s GFE\" \/>\n<meta property=\"og:description\" content=\"Notre Centre de Disputes est pr\u00e9sent pour r\u00e9soudre n&#039;importe quel probl\u00e8me ou d\u00e9fi survenant de la part de nos clients. Toutes les disputes sont trait\u00e9s rapidement et respectueusement.\" \/>\n<meta property=\"og:url\" content=\"https:\/\/gfemarket.rudetings.com\/fr\/dispute-centre\/\" \/>\n<meta property=\"og:site_name\" content=\"GFE\" \/>\n<meta property=\"article:modified_time\" content=\"2022-06-28T12:45:32+00:00\" \/>\n<meta name=\"twitter:card\" content=\"summary_large_image\" \/>\n<meta name=\"twitter:title\" content=\"Le Centre de Disputes des March\u00e9s GFE\" \/>\n<script type=\"application\/ld+json\" class=\"yoast-schema-graph\">{\"@context\":\"https:\/\/schema.org\",\"@graph\":[{\"@type\":\"WebPage\",\"@id\":\"https:\/\/gfemarket.rudetings.com\/fr\/dispute-centre\/\",\"url\":\"https:\/\/gfemarket.rudetings.com\/fr\/dispute-centre\/\",\"name\":\"Le Centre de Disputes des March\u00e9s GFE\",\"isPartOf\":{\"@id\":\"http:\/\/gfemarket.rudetings.com\/#website\"},\"datePublished\":\"2022-05-25T10:28:45+00:00\",\"dateModified\":\"2022-06-28T12:45:32+00:00\",\"description\":\"Notre Centre de Disputes est pr\u00e9sent pour r\u00e9soudre n'importe quel probl\u00e8me ou d\u00e9fi survenant de la part de nos clients. Toutes les disputes sont trait\u00e9s rapidement et respectueusement.\",\"breadcrumb\":{\"@id\":\"https:\/\/gfemarket.rudetings.com\/fr\/dispute-centre\/#breadcrumb\"},\"inLanguage\":\"fr-FR\",\"potentialAction\":[{\"@type\":\"ReadAction\",\"target\":[\"https:\/\/gfemarket.rudetings.com\/fr\/dispute-centre\/\"]}]},{\"@type\":\"BreadcrumbList\",\"@id\":\"https:\/\/gfemarket.rudetings.com\/fr\/dispute-centre\/#breadcrumb\",\"itemListElement\":[{\"@type\":\"ListItem\",\"position\":1,\"name\":\"Home\",\"item\":\"http:\/\/gfemarket.rudetings.com\/fr\/\"},{\"@type\":\"ListItem\",\"position\":2,\"name\":\"Dispute Centre\"}]},{\"@type\":\"WebSite\",\"@id\":\"http:\/\/gfemarket.rudetings.com\/#website\",\"url\":\"http:\/\/gfemarket.rudetings.com\/\",\"name\":\"GFE\",\"description\":\"GFE markets\",\"potentialAction\":[{\"@type\":\"SearchAction\",\"target\":{\"@type\":\"EntryPoint\",\"urlTemplate\":\"http:\/\/gfemarket.rudetings.com\/?s={search_term_string}\"},\"query-input\":\"required name=search_term_string\"}],\"inLanguage\":\"fr-FR\"}]}<\/script>\n<!-- \/ Yoast SEO plugin. -->","yoast_head_json":{"title":"Le Centre de Disputes des March\u00e9s GFE","description":"Notre Centre de Disputes est pr\u00e9sent pour r\u00e9soudre n'importe quel probl\u00e8me ou d\u00e9fi survenant de la part de nos clients. Toutes les disputes sont trait\u00e9s rapidement et respectueusement.","robots":{"index":"noindex","follow":"follow","max-snippet":"max-snippet:-1","max-image-preview":"max-image-preview:large","max-video-preview":"max-video-preview:-1"},"og_locale":"fr_FR","og_type":"article","og_title":"Le Centre de Disputes des March\u00e9s GFE","og_description":"Notre Centre de Disputes est pr\u00e9sent pour r\u00e9soudre n'importe quel probl\u00e8me ou d\u00e9fi survenant de la part de nos clients. Toutes les disputes sont trait\u00e9s rapidement et respectueusement.","og_url":"https:\/\/gfemarket.rudetings.com\/fr\/dispute-centre\/","og_site_name":"GFE","article_modified_time":"2022-06-28T12:45:32+00:00","twitter_card":"summary_large_image","twitter_title":"Le Centre de Disputes des March\u00e9s GFE","schema":{"@context":"https:\/\/schema.org","@graph":[{"@type":"WebPage","@id":"https:\/\/gfemarket.rudetings.com\/fr\/dispute-centre\/","url":"https:\/\/gfemarket.rudetings.com\/fr\/dispute-centre\/","name":"Le Centre de Disputes des March\u00e9s GFE","isPartOf":{"@id":"http:\/\/gfemarket.rudetings.com\/#website"},"datePublished":"2022-05-25T10:28:45+00:00","dateModified":"2022-06-28T12:45:32+00:00","description":"Notre Centre de Disputes est pr\u00e9sent pour r\u00e9soudre n'importe quel probl\u00e8me ou d\u00e9fi survenant de la part de nos clients. Toutes les disputes sont trait\u00e9s rapidement et respectueusement.","breadcrumb":{"@id":"https:\/\/gfemarket.rudetings.com\/fr\/dispute-centre\/#breadcrumb"},"inLanguage":"fr-FR","potentialAction":[{"@type":"ReadAction","target":["https:\/\/gfemarket.rudetings.com\/fr\/dispute-centre\/"]}]},{"@type":"BreadcrumbList","@id":"https:\/\/gfemarket.rudetings.com\/fr\/dispute-centre\/#breadcrumb","itemListElement":[{"@type":"ListItem","position":1,"name":"Home","item":"http:\/\/gfemarket.rudetings.com\/fr\/"},{"@type":"ListItem","position":2,"name":"Dispute Centre"}]},{"@type":"WebSite","@id":"http:\/\/gfemarket.rudetings.com\/#website","url":"http:\/\/gfemarket.rudetings.com\/","name":"GFE","description":"GFE markets","potentialAction":[{"@type":"SearchAction","target":{"@type":"EntryPoint","urlTemplate":"http:\/\/gfemarket.rudetings.com\/?s={search_term_string}"},"query-input":"required name=search_term_string"}],"inLanguage":"fr-FR"}]}},"_links":{"self":[{"href":"https:\/\/gfemarket.rudetings.com\/fr\/wp-json\/wp\/v2\/pages\/2926","targetHints":{"allow":["GET"]}}],"collection":[{"href":"https:\/\/gfemarket.rudetings.com\/fr\/wp-json\/wp\/v2\/pages"}],"about":[{"href":"https:\/\/gfemarket.rudetings.com\/fr\/wp-json\/wp\/v2\/types\/page"}],"author":[{"embeddable":true,"href":"https:\/\/gfemarket.rudetings.com\/fr\/wp-json\/wp\/v2\/users\/19"}],"replies":[{"embeddable":true,"href":"https:\/\/gfemarket.rudetings.com\/fr\/wp-json\/wp\/v2\/comments?post=2926"}],"version-history":[{"count":5,"href":"https:\/\/gfemarket.rudetings.com\/fr\/wp-json\/wp\/v2\/pages\/2926\/revisions"}],"predecessor-version":[{"id":4729,"href":"https:\/\/gfemarket.rudetings.com\/fr\/wp-json\/wp\/v2\/pages\/2926\/revisions\/4729"}],"wp:attachment":[{"href":"https:\/\/gfemarket.rudetings.com\/fr\/wp-json\/wp\/v2\/media?parent=2926"}],"curies":[{"name":"wp","href":"https:\/\/api.w.org\/{rel}","templated":true}]}}