{"id":2962,"date":"2022-05-24T14:01:44","date_gmt":"2022-05-24T14:01:44","guid":{"rendered":"https:\/\/dev.gfemarkets.com\/risk-disclosure\/"},"modified":"2022-06-08T09:14:35","modified_gmt":"2022-06-08T09:14:35","slug":"risk-disclosure","status":"publish","type":"page","link":"https:\/\/gfemarket.rudetings.com\/fr\/risk-disclosure\/","title":{"rendered":"Risk Disclosure"},"content":{"rendered":"<p>Lorsque vous souhaitez trader des CFDs, l&rsquo;une des choses que vous devez consid\u00e9rer est de savoir si vous pouvez ou non tol\u00e9rer un risque \u00e9lev\u00e9 pour vos actifs financiers. Veuillez noter que si vous n&rsquo;\u00eates pas un investisseur exp\u00e9riment\u00e9 et que vous n&rsquo;avez pas la capacit\u00e9 de supporter des pertes, vous ne devriez pas investir dans les CFDs. Vous devez \u00e9galement savoir que le trading d&rsquo;actions sans aucune marge comporte moins de risques que le trading de CFDS avec effet de levier.<\/p>\n<p>Par d\u00e9faut, les march\u00e9s sont volatils, et c&rsquo;est principalement ce qui rend le trading de CFDs si risqu\u00e9. Le trading de CFDs sur n&rsquo;importe quel produit sous-jacent est automatiquement reli\u00e9 \u00e0 un niveau de risque \u00e9lev\u00e9, en particulier lorsqu&rsquo;il y a un effet de levier suppl\u00e9mentaire (marge).<\/p>\n<p>Le trading de CFD ne convient pas \u00e0 tous les investisseurs ou traders \u00e0 cause du risque \u00e9lev\u00e9 de la perte totale de votre investissement, et il pourrait alors ne pas convenir \u00e0 tous les investisseurs. Vous ne devriez pas investir de l&rsquo;argent que vous ne pouvez pas vous permettre de perdre. Assurez-vous d&rsquo;\u00eatre pleinement conscient de tous les risques li\u00e9s au trading de CFD avant de commencer votre parcours de trading. Nous vous recommandons vivement de consulter un conseiller financier ind\u00e9pendant, comp\u00e9tent et enti\u00e8rement agr\u00e9\u00e9 avant de commencer \u00e0 trader des CFDs.<\/p>\n<p>Nous refusons totalement d&rsquo;\u00eatre tenus responsables de toutes circonstances suivantes :<br \/>\nperte ou dommage en tout ou en partie caus\u00e9 par, r\u00e9sultant de ou li\u00e9 \u00e0 toute transaction en rapport avec les CFDs ou ;<br \/>\ndommages directs, indirects, sp\u00e9ciaux, cons\u00e9cutifs ou accidentels quels qu&rsquo;ils soient.<\/p>\n<p>Il existe un niveau de p\u00e9ril remarquable et notable lorsque l&rsquo;on reproduit les attitudes d&rsquo;investissement d&rsquo;autres traders, m\u00eame s&rsquo;ils ont plein d&rsquo;exp\u00e9riences. Tout comme lorsque vous tradez n&rsquo;importe quel actif sur n&rsquo;importe quelle plate-forme, le trading sur GFE comporte un risque r\u00e9sultant de la possibilit\u00e9 que vous suiviez les d\u00e9cisions de trading de ceux qui sont \u00e9ventuellement inexp\u00e9riment\u00e9s\/non professionnels. N&rsquo;oubliez pas que tous les traders n&rsquo;ont pas le m\u00eame objectif final ou la m\u00eame intention que vous, et que leur situation financi\u00e8re peut \u00eatre tr\u00e8s diff\u00e9rente de la v\u00f4tre, ce qui pourrait \u00eatre la raison pour laquelle ils tol\u00e8rent le risque associ\u00e9 au trading de CFD, contrairement \u00e0 vous.<\/p>\n<p>Tout act pass\u00e9 d&rsquo;un membre de GFE ne montre pas n\u00e9cessairement ses futures performances. Tout contenu que vous trouvez sur la plateforme de trading de GFE n&rsquo;est pas consid\u00e9r\u00e9 comme un conseil ou une orientation et ne repr\u00e9sente pas GFE, car tout membre de la communaut\u00e9 est libre d&rsquo;ajouter ce qu&rsquo;il veut.<\/p>\n","protected":false},"excerpt":{"rendered":"<p>Lorsque vous souhaitez trader des CFDs, l&rsquo;une des choses que vous devez consid\u00e9rer est de savoir si vous pouvez ou non tol\u00e9rer un risque \u00e9lev\u00e9 pour vos actifs financiers. Veuillez noter que si vous n&rsquo;\u00eates pas un investisseur exp\u00e9riment\u00e9 et que vous n&rsquo;avez pas la capacit\u00e9 de supporter des pertes, vous ne devriez pas investir [&hellip;]<\/p>\n","protected":false},"author":19,"featured_media":0,"parent":0,"menu_order":0,"comment_status":"closed","ping_status":"closed","template":"","meta":{"footnotes":""},"class_list":["post-2962","page","type-page","status-publish","hentry"],"yoast_head":"<!-- This site is optimized with the Yoast SEO plugin v19.13 - https:\/\/yoast.com\/wordpress\/plugins\/seo\/ -->\n<title>Les March\u00e9s de GFE - Divulgation des Risques<\/title>\n<meta name=\"description\" content=\"Les March\u00e9s de GFE clarifie pour ses clients tous les risques auxquels ils pourraient \u00eatre confront\u00e9s lorsqu&#039;ils tradent. Consultez la divulgation des risques des March\u00e9s de GFE ici.\" \/>\n<meta name=\"robots\" content=\"noindex, follow, max-snippet:-1, max-image-preview:large, max-video-preview:-1\" \/>\n<meta property=\"og:locale\" content=\"fr_FR\" \/>\n<meta property=\"og:type\" content=\"article\" \/>\n<meta property=\"og:title\" content=\"Les March\u00e9s de GFE - Divulgation des Risques\" \/>\n<meta property=\"og:description\" content=\"Les March\u00e9s de GFE clarifie pour ses clients tous les risques auxquels ils pourraient \u00eatre confront\u00e9s lorsqu&#039;ils tradent. Consultez la divulgation des risques des March\u00e9s de GFE ici.\" \/>\n<meta property=\"og:url\" content=\"https:\/\/gfemarket.rudetings.com\/fr\/risk-disclosure\/\" \/>\n<meta property=\"og:site_name\" content=\"GFE\" \/>\n<meta property=\"article:modified_time\" content=\"2022-06-08T09:14:35+00:00\" \/>\n<meta name=\"twitter:card\" content=\"summary_large_image\" \/>\n<meta name=\"twitter:title\" content=\"Les March\u00e9s de GFE - Divulgation des Risques\" \/>\n<meta name=\"twitter:description\" content=\"Les March\u00e9s de GFE clarifie pour ses clients tous les risques auxquels ils pourraient \u00eatre confront\u00e9s lorsqu&#039;ils tradent. Consultez la divulgation des risques des March\u00e9s de GFE ici.\" \/>\n<meta name=\"twitter:label1\" content=\"Dur\u00e9e de lecture estim\u00e9e\" \/>\n\t<meta name=\"twitter:data1\" content=\"2 minutes\" \/>\n<script type=\"application\/ld+json\" class=\"yoast-schema-graph\">{\"@context\":\"https:\/\/schema.org\",\"@graph\":[{\"@type\":\"WebPage\",\"@id\":\"https:\/\/gfemarket.rudetings.com\/fr\/risk-disclosure\/\",\"url\":\"https:\/\/gfemarket.rudetings.com\/fr\/risk-disclosure\/\",\"name\":\"Les March\u00e9s de GFE - Divulgation des Risques\",\"isPartOf\":{\"@id\":\"http:\/\/gfemarket.rudetings.com\/#website\"},\"datePublished\":\"2022-05-24T14:01:44+00:00\",\"dateModified\":\"2022-06-08T09:14:35+00:00\",\"description\":\"Les March\u00e9s de GFE clarifie pour ses clients tous les risques auxquels ils pourraient \u00eatre confront\u00e9s lorsqu'ils tradent. Consultez la divulgation des risques des March\u00e9s de GFE ici.\",\"breadcrumb\":{\"@id\":\"https:\/\/gfemarket.rudetings.com\/fr\/risk-disclosure\/#breadcrumb\"},\"inLanguage\":\"fr-FR\",\"potentialAction\":[{\"@type\":\"ReadAction\",\"target\":[\"https:\/\/gfemarket.rudetings.com\/fr\/risk-disclosure\/\"]}]},{\"@type\":\"BreadcrumbList\",\"@id\":\"https:\/\/gfemarket.rudetings.com\/fr\/risk-disclosure\/#breadcrumb\",\"itemListElement\":[{\"@type\":\"ListItem\",\"position\":1,\"name\":\"Home\",\"item\":\"http:\/\/gfemarket.rudetings.com\/fr\/\"},{\"@type\":\"ListItem\",\"position\":2,\"name\":\"Risk Disclosure\"}]},{\"@type\":\"WebSite\",\"@id\":\"http:\/\/gfemarket.rudetings.com\/#website\",\"url\":\"http:\/\/gfemarket.rudetings.com\/\",\"name\":\"GFE\",\"description\":\"GFE markets\",\"potentialAction\":[{\"@type\":\"SearchAction\",\"target\":{\"@type\":\"EntryPoint\",\"urlTemplate\":\"http:\/\/gfemarket.rudetings.com\/?s={search_term_string}\"},\"query-input\":\"required name=search_term_string\"}],\"inLanguage\":\"fr-FR\"}]}<\/script>\n<!-- \/ Yoast SEO plugin. -->","yoast_head_json":{"title":"Les March\u00e9s de GFE - Divulgation des Risques","description":"Les March\u00e9s de GFE clarifie pour ses clients tous les risques auxquels ils pourraient \u00eatre confront\u00e9s lorsqu'ils tradent. Consultez la divulgation des risques des March\u00e9s de GFE ici.","robots":{"index":"noindex","follow":"follow","max-snippet":"max-snippet:-1","max-image-preview":"max-image-preview:large","max-video-preview":"max-video-preview:-1"},"og_locale":"fr_FR","og_type":"article","og_title":"Les March\u00e9s de GFE - Divulgation des Risques","og_description":"Les March\u00e9s de GFE clarifie pour ses clients tous les risques auxquels ils pourraient \u00eatre confront\u00e9s lorsqu'ils tradent. Consultez la divulgation des risques des March\u00e9s de GFE ici.","og_url":"https:\/\/gfemarket.rudetings.com\/fr\/risk-disclosure\/","og_site_name":"GFE","article_modified_time":"2022-06-08T09:14:35+00:00","twitter_card":"summary_large_image","twitter_title":"Les March\u00e9s de GFE - Divulgation des Risques","twitter_description":"Les March\u00e9s de GFE clarifie pour ses clients tous les risques auxquels ils pourraient \u00eatre confront\u00e9s lorsqu'ils tradent. Consultez la divulgation des risques des March\u00e9s de GFE ici.","twitter_misc":{"Dur\u00e9e de lecture estim\u00e9e":"2 minutes"},"schema":{"@context":"https:\/\/schema.org","@graph":[{"@type":"WebPage","@id":"https:\/\/gfemarket.rudetings.com\/fr\/risk-disclosure\/","url":"https:\/\/gfemarket.rudetings.com\/fr\/risk-disclosure\/","name":"Les March\u00e9s de GFE - Divulgation des Risques","isPartOf":{"@id":"http:\/\/gfemarket.rudetings.com\/#website"},"datePublished":"2022-05-24T14:01:44+00:00","dateModified":"2022-06-08T09:14:35+00:00","description":"Les March\u00e9s de GFE clarifie pour ses clients tous les risques auxquels ils pourraient \u00eatre confront\u00e9s lorsqu'ils tradent. Consultez la divulgation des risques des March\u00e9s de GFE ici.","breadcrumb":{"@id":"https:\/\/gfemarket.rudetings.com\/fr\/risk-disclosure\/#breadcrumb"},"inLanguage":"fr-FR","potentialAction":[{"@type":"ReadAction","target":["https:\/\/gfemarket.rudetings.com\/fr\/risk-disclosure\/"]}]},{"@type":"BreadcrumbList","@id":"https:\/\/gfemarket.rudetings.com\/fr\/risk-disclosure\/#breadcrumb","itemListElement":[{"@type":"ListItem","position":1,"name":"Home","item":"http:\/\/gfemarket.rudetings.com\/fr\/"},{"@type":"ListItem","position":2,"name":"Risk Disclosure"}]},{"@type":"WebSite","@id":"http:\/\/gfemarket.rudetings.com\/#website","url":"http:\/\/gfemarket.rudetings.com\/","name":"GFE","description":"GFE markets","potentialAction":[{"@type":"SearchAction","target":{"@type":"EntryPoint","urlTemplate":"http:\/\/gfemarket.rudetings.com\/?s={search_term_string}"},"query-input":"required name=search_term_string"}],"inLanguage":"fr-FR"}]}},"_links":{"self":[{"href":"https:\/\/gfemarket.rudetings.com\/fr\/wp-json\/wp\/v2\/pages\/2962","targetHints":{"allow":["GET"]}}],"collection":[{"href":"https:\/\/gfemarket.rudetings.com\/fr\/wp-json\/wp\/v2\/pages"}],"about":[{"href":"https:\/\/gfemarket.rudetings.com\/fr\/wp-json\/wp\/v2\/types\/page"}],"author":[{"embeddable":true,"href":"https:\/\/gfemarket.rudetings.com\/fr\/wp-json\/wp\/v2\/users\/19"}],"replies":[{"embeddable":true,"href":"https:\/\/gfemarket.rudetings.com\/fr\/wp-json\/wp\/v2\/comments?post=2962"}],"version-history":[{"count":3,"href":"https:\/\/gfemarket.rudetings.com\/fr\/wp-json\/wp\/v2\/pages\/2962\/revisions"}],"predecessor-version":[{"id":3988,"href":"https:\/\/gfemarket.rudetings.com\/fr\/wp-json\/wp\/v2\/pages\/2962\/revisions\/3988"}],"wp:attachment":[{"href":"https:\/\/gfemarket.rudetings.com\/fr\/wp-json\/wp\/v2\/media?parent=2962"}],"curies":[{"name":"wp","href":"https:\/\/api.w.org\/{rel}","templated":true}]}}