{"id":5359,"date":"2022-05-27T10:32:55","date_gmt":"2022-05-27T10:32:55","guid":{"rendered":"https:\/\/dev.gfemarkets.com\/cookie\/"},"modified":"2022-07-25T12:59:25","modified_gmt":"2022-07-25T12:59:25","slug":"cookie","status":"publish","type":"page","link":"https:\/\/gfemarket.rudetings.com\/it\/cookie\/","title":{"rendered":"Cookie Policy for GFE Markets"},"content":{"rendered":"<p>GFE Management Ltd possiede e gestisce GFE Markets. Nella presente informativa, la societ\u00e0 viene indicata come &#8220;IGC Markets&#8221; o &#8220;GFE&#8221;. La presente informativa sui cookie di GFE Markets \u00e8 accessibile dal sito https:\/\/GFEmarkets.com.<\/p>\n<h2>Cosa sono i cookie<\/h2>\n<p>Su tutti i siti web professionali \u00e8 prassi comune utilizzare i cookie, che sono piccoli file che vengono scaricati sul computer dell&#8217;utente. Questi cookie hanno un unico obiettivo: migliorare l&#8217;esperienza dell&#8217;utente. In questa pagina descriveremo il tipo di informazioni che raccolgono, le modalit\u00e0 di utilizzo e il motivo per cui talvolta \u00e8 necessario memorizzare questi cookie. Verr\u00e0 inoltre illustrato il modo in cui \u00e8 possibile impedire la loro memorizzazione, sebbene ci\u00f2 potrebbe comportare un peggioramento o un&#8217;interruzione di alcuni elementi della funzionalit\u00e0 del sito.<\/p>\n<h2>Come utilizziamo i cookie in GFE<\/h2>\n<p>I cookie vengono utilizzati per diversi motivi che abbiamo documentato qui di seguito. Purtroppo nella maggior parte dei casi non esistono opzioni standard per disabilitare i cookie senza disattivare completamente le funzionalit\u00e0 e le caratteristiche che essi apportano a questo sito. Si consiglia di lasciare attivi tutti i cookie qualora non si sia certi della loro necessit\u00e0 o meno, nel caso in cui vengano utilizzati per fornire un servizio che si utilizza.<\/p>\n<h2>Disabilitazione dei cookie<\/h2>\n<p>L&#8217;utente \u00e8 libero di impedire l&#8217;impostazione dei cookie modificando le impostazioni del proprio browser (per sapere come fare, consultare la guida del browser). \u00c8 importante notare tuttavia, che disabilitando i cookie la funzionalit\u00e0 di questo e di molti altri siti web visitati sar\u00e0 compromessa. La disabilitazione dei cookie solitamente comporta anche la disabilitazione di alcune funzionalit\u00e0 del sito stesso, pertanto si consiglia di non disabilitarli.<\/p>\n<h2>Cookie impostati su GFE Markets<\/h2>\n<p>Su GFEMarkets.com impostiamo diversi tipi di cookie. Per saperne di pi\u00f9, continuare la lettura qui sotto.<\/p>\n<h3>Cookie relativi al conto<\/h3>\n<p>Se si crea un conto presso di noi, utilizzeremo i cookie per la gestione della procedura di registrazione e per l&#8217;amministrazione generale. Di norma, questi cookie vengono eliminati al momento del logout, tuttavia, in alcuni casi, possono permanere anche successivamente per ricordare le preferenze del sito quando si effettua il logout.<\/p>\n<h3>Cookie relativi all&#8217;accesso<\/h3>\n<p>Utilizziamo i cookie quando l&#8217;utente ha effettuato l&#8217;accesso, in modo da poterlo aggiungere al suo profilo. In questo modo non \u00e8 necessario effettuare il login ogni volta che si visita una nuova pagina. Questi cookie vengono generalmente rimossi o cancellati quando si effettua il logout, per garantire che l&#8217;utente possa accedere a funzioni e aree riservate solo quando \u00e8 connesso.<\/p>\n<h3>Cookie relativi alle newsletter via e-mail<\/h3>\n<p>Questo sito offre servizi di newsletter o di abbonamento via e-mail e i cookie possono essere utilizzati per ricordare se l&#8217;utente \u00e8 gi\u00e0 abbonato e se mostrare determinate notifiche che potrebbero essere valide solo per gli utenti abbonati\/non abbonati.<\/p>\n<h3>Cookie relativi ai sondaggi<\/h3>\n<p>Di tanto in tanto proponiamo sondaggi e questionari agli utenti per fornire loro spunti interessanti, strumenti utili o per comprendere meglio la nostra base utenti. Questi sondaggi possono utilizzare i cookie per ricordare chi ha gi\u00e0 partecipato a un sondaggio o per offrire risultati accurati dopo aver cambiato pagina.<\/p>\n<h3>Cookie relativi ai moduli<\/h3>\n<p>Per la corrispondenza futura, quando si inviano dati attraverso un modulo, come quelli presenti nelle pagine di contatto o nei moduli per i commenti, \u00e8 possibile che vengano impostati dei cookie relativi ai moduli per ricordare i dati dell&#8217;utente.<\/p>\n<h3>Cookie per le preferenze del sito<\/h3>\n<p>Per offrire all&#8217;utente un&#8217;esperienza ottimale su questo sito, offriamo la possibilit\u00e0 di impostare le sue preferenze per il funzionamento del sito quando lo utilizza. Per ricordare le preferenze dell&#8217;utente \u00e8 necessario impostare i cookie in modo che queste informazioni possano essere richiamate ogni volta che l&#8217;utente interagisce con una pagina. La pagina in questione viene quindi influenzata dalle preferenze dell&#8217;utente.<\/p>\n<h2>Cookie di terze parti<\/h2>\n<p>Laddove necessario, utilizziamo anche cookie forniti da terze parti fidate. La seguente sezione illustra in dettaglio i cookie di terze parti che \u00e8 possibile riscontrare in questo sito.<\/p>\n<p>Questo sito utilizza Google Analytics, una delle soluzioni analitiche pi\u00f9 diffuse e affidabili del web, per aiutarci a capire come l&#8217;utente utilizza il sito e come possiamo migliorare la sua esperienza. Questi cookie possono tracciare elementi quali il tempo trascorso sul sito e le pagine visitate, in modo da poter continuare a produrre contenuti coinvolgenti e capire come migliorare il sito per l&#8217;utente.<\/p>\n<p>Per ulteriori informazioni sui cookie di Google Analytics, consultare la pagina ufficiale di Google Analytics.<\/p>\n<p>Per tracciare e misurare l&#8217;utilizzo di questo sito, vengono utilizzate analisi di terze parti che ci consentono di continuare a produrre contenuti accattivanti.<\/p>\n<p>Di tanto in tanto testiamo nuove funzionalit\u00e0 e apportiamo lievi modifiche al modo in cui il sito viene fornito. Quando stiamo ancora testando nuove funzionalit\u00e0, questi cookie possono essere utilizzati per garantire che l&#8217;utente riceva un&#8217;esperienza omogenea mentre si trova sul sito, al fine di capire quali ottimizzazioni i nostri utenti apprezzano maggiormente.<\/p>\n<p>Poich\u00e9 vendiamo prodotti, \u00e8 importante per noi comprendere le statistiche relative al numero di visitatori del nostro sito che effettivamente effettuano un acquisto e quindi questo \u00e8 il tipo di dati che questi cookie tracceranno. Si tratta di un aspetto importante, in quanto ci consente di fare previsioni commerciali precise che ci permettono di monitorare i costi della pubblicit\u00e0 e dei prodotti per garantire il miglior prezzo possibile. Utilizziamo le inserzioni pubblicitarie per compensare i costi di gestione del sito e per finanziare ulteriori sviluppi. Per assicurarci di fornire solo pubblicit\u00e0 pertinenti, utilizziamo i cookie di pubblicit\u00e0 comportamentale che tracciano in modo anonimo gli interessi dell&#8217;utente e offrono contenuti simili che potrebbero essere di suo interesse.<\/p>\n<p>Vari partner effettuano pubblicit\u00e0 per nostro conto e i cookie di tracciamento degli affiliati ci permettono semplicemente di vedere se i nostri clienti sono arrivati al sito attraverso uno dei nostri siti partner, in modo da poterli accreditare in modo adeguato e, se del caso, consentire ai nostri partner affiliati di erogare eventuali bonus previsti a fronte di un acquisto.<\/p>\n<p>Su questo sito utilizziamo anche pulsanti e\/o plugin per i social media che consentono all&#8217;utente di connettersi con il proprio social network in vari modi. Ai fini del loro funzionamento sui siti di social media, tra cui, ma non solo, Facebook, Instagram, YouTube, ecc. impostiamo dei cookie che possono essere utilizzati per migliorare il profilo dell&#8217;utente sul loro sito o contribuire ai dati in loro possesso per varie finalit\u00e0 descritte nelle rispettive informative sulla privacy.<\/p>\n<h2>Ulteriori informazioni<\/h2>\n<p>Abbiamo fatto del nostro meglio per semplificare e chiarire quanto pi\u00f9 possibile il funzionamento dei nostri cookie. Come gi\u00e0 detto, qualora non si sia certi della loro necessit\u00e0 o meno, di norma \u00e8 pi\u00f9 sicuro lasciare i cookie abilitati nel caso in cui interagiscano con una delle funzioni utilizzate sul nostro sito.<\/p>\n<p>Per ulteriori informazioni generali sui cookie, visitare su Google la pagina &#8220;Cosa sono i cookie&#8221;<\/p>\n<p>Se si desiderano ulteriori informazioni, \u00e8 possibile contattarci attraverso uno dei nostri metodi di contatto preferiti:<\/p>\n<p>Email: <a href=\"mailto:privacy@gfemarket.rudetings.com\">privacy@gfemarket.rudetings.com<\/a>.<\/p>\n<p>Se si desidera sapere come proteggiamo i dati personali dell&#8217;utente, consultare la nostra <a href=\"\/it\/privacy\/\">Informativa sulla privacy<\/a>.<\/p>\n","protected":false},"excerpt":{"rendered":"<p>GFE Management Ltd possiede e gestisce GFE Markets. Nella presente informativa, la societ\u00e0 viene indicata come &#8220;IGC Markets&#8221; o &#8220;GFE&#8221;. La presente informativa sui cookie di GFE Markets \u00e8 accessibile dal sito https:\/\/GFEmarkets.com. Cosa sono i cookie Su tutti i siti web professionali \u00e8 prassi comune utilizzare i cookie, che sono piccoli file che vengono [&hellip;]<\/p>\n","protected":false},"author":19,"featured_media":0,"parent":0,"menu_order":0,"comment_status":"closed","ping_status":"closed","template":"","meta":{"footnotes":""},"class_list":["post-5359","page","type-page","status-publish","hentry"],"yoast_head":"<!-- This site is optimized with the Yoast SEO plugin v19.13 - https:\/\/yoast.com\/wordpress\/plugins\/seo\/ -->\n<title>Informativa sui cookie di GFE<\/title>\n<meta name=\"description\" content=\"Su GFE Markets utilizziamo i cookie e quindi \u00e8 opportuno che tu sappia cosa utilizziamo. Per altre informazioni, consulta la nostra Informativa sui cookie qui.\" \/>\n<meta name=\"robots\" content=\"noindex, follow, max-snippet:-1, max-image-preview:large, max-video-preview:-1\" \/>\n<meta property=\"og:locale\" content=\"it_IT\" \/>\n<meta property=\"og:type\" content=\"article\" \/>\n<meta property=\"og:title\" content=\"Informativa sui cookie di GFE\" \/>\n<meta property=\"og:description\" content=\"Su GFE Markets utilizziamo i cookie e quindi \u00e8 opportuno che tu sappia cosa utilizziamo. Per altre informazioni, consulta la nostra Informativa sui cookie qui.\" \/>\n<meta property=\"og:url\" content=\"https:\/\/gfemarket.rudetings.com\/it\/cookie\/\" \/>\n<meta property=\"og:site_name\" content=\"GFE\" \/>\n<meta property=\"article:modified_time\" content=\"2022-07-25T12:59:25+00:00\" \/>\n<meta name=\"twitter:card\" content=\"summary_large_image\" \/>\n<meta name=\"twitter:title\" content=\"Informativa sui cookie di GFE\" \/>\n<meta name=\"twitter:description\" content=\"Su GFE Markets utilizziamo i cookie e quindi \u00e8 opportuno che tu sappia cosa utilizziamo. Per altre informazioni, consulta la nostra Informativa sui cookie qui.\" \/>\n<meta name=\"twitter:label1\" content=\"Tempo di lettura stimato\" \/>\n\t<meta name=\"twitter:data1\" content=\"6 minuti\" \/>\n<script type=\"application\/ld+json\" class=\"yoast-schema-graph\">{\"@context\":\"https:\/\/schema.org\",\"@graph\":[{\"@type\":\"WebPage\",\"@id\":\"https:\/\/gfemarket.rudetings.com\/it\/cookie\/\",\"url\":\"https:\/\/gfemarket.rudetings.com\/it\/cookie\/\",\"name\":\"Informativa sui cookie di GFE\",\"isPartOf\":{\"@id\":\"http:\/\/gfemarket.rudetings.com\/#website\"},\"datePublished\":\"2022-05-27T10:32:55+00:00\",\"dateModified\":\"2022-07-25T12:59:25+00:00\",\"description\":\"Su GFE Markets utilizziamo i cookie e quindi \u00e8 opportuno che tu sappia cosa utilizziamo. Per altre informazioni, consulta la nostra Informativa sui cookie qui.\",\"breadcrumb\":{\"@id\":\"https:\/\/gfemarket.rudetings.com\/it\/cookie\/#breadcrumb\"},\"inLanguage\":\"it-IT\",\"potentialAction\":[{\"@type\":\"ReadAction\",\"target\":[\"https:\/\/gfemarket.rudetings.com\/it\/cookie\/\"]}]},{\"@type\":\"BreadcrumbList\",\"@id\":\"https:\/\/gfemarket.rudetings.com\/it\/cookie\/#breadcrumb\",\"itemListElement\":[{\"@type\":\"ListItem\",\"position\":1,\"name\":\"Home\",\"item\":\"http:\/\/gfemarket.rudetings.com\/it\/\"},{\"@type\":\"ListItem\",\"position\":2,\"name\":\"Cookie Policy for GFE Markets\"}]},{\"@type\":\"WebSite\",\"@id\":\"http:\/\/gfemarket.rudetings.com\/#website\",\"url\":\"http:\/\/gfemarket.rudetings.com\/\",\"name\":\"GFE\",\"description\":\"GFE markets\",\"potentialAction\":[{\"@type\":\"SearchAction\",\"target\":{\"@type\":\"EntryPoint\",\"urlTemplate\":\"http:\/\/gfemarket.rudetings.com\/?s={search_term_string}\"},\"query-input\":\"required name=search_term_string\"}],\"inLanguage\":\"it-IT\"}]}<\/script>\n<!-- \/ Yoast SEO plugin. -->","yoast_head_json":{"title":"Informativa sui cookie di GFE","description":"Su GFE Markets utilizziamo i cookie e quindi \u00e8 opportuno che tu sappia cosa utilizziamo. Per altre informazioni, consulta la nostra Informativa sui cookie qui.","robots":{"index":"noindex","follow":"follow","max-snippet":"max-snippet:-1","max-image-preview":"max-image-preview:large","max-video-preview":"max-video-preview:-1"},"og_locale":"it_IT","og_type":"article","og_title":"Informativa sui cookie di GFE","og_description":"Su GFE Markets utilizziamo i cookie e quindi \u00e8 opportuno che tu sappia cosa utilizziamo. Per altre informazioni, consulta la nostra Informativa sui cookie qui.","og_url":"https:\/\/gfemarket.rudetings.com\/it\/cookie\/","og_site_name":"GFE","article_modified_time":"2022-07-25T12:59:25+00:00","twitter_card":"summary_large_image","twitter_title":"Informativa sui cookie di GFE","twitter_description":"Su GFE Markets utilizziamo i cookie e quindi \u00e8 opportuno che tu sappia cosa utilizziamo. Per altre informazioni, consulta la nostra Informativa sui cookie qui.","twitter_misc":{"Tempo di lettura stimato":"6 minuti"},"schema":{"@context":"https:\/\/schema.org","@graph":[{"@type":"WebPage","@id":"https:\/\/gfemarket.rudetings.com\/it\/cookie\/","url":"https:\/\/gfemarket.rudetings.com\/it\/cookie\/","name":"Informativa sui cookie di GFE","isPartOf":{"@id":"http:\/\/gfemarket.rudetings.com\/#website"},"datePublished":"2022-05-27T10:32:55+00:00","dateModified":"2022-07-25T12:59:25+00:00","description":"Su GFE Markets utilizziamo i cookie e quindi \u00e8 opportuno che tu sappia cosa utilizziamo. Per altre informazioni, consulta la nostra Informativa sui cookie qui.","breadcrumb":{"@id":"https:\/\/gfemarket.rudetings.com\/it\/cookie\/#breadcrumb"},"inLanguage":"it-IT","potentialAction":[{"@type":"ReadAction","target":["https:\/\/gfemarket.rudetings.com\/it\/cookie\/"]}]},{"@type":"BreadcrumbList","@id":"https:\/\/gfemarket.rudetings.com\/it\/cookie\/#breadcrumb","itemListElement":[{"@type":"ListItem","position":1,"name":"Home","item":"http:\/\/gfemarket.rudetings.com\/it\/"},{"@type":"ListItem","position":2,"name":"Cookie Policy for GFE Markets"}]},{"@type":"WebSite","@id":"http:\/\/gfemarket.rudetings.com\/#website","url":"http:\/\/gfemarket.rudetings.com\/","name":"GFE","description":"GFE markets","potentialAction":[{"@type":"SearchAction","target":{"@type":"EntryPoint","urlTemplate":"http:\/\/gfemarket.rudetings.com\/?s={search_term_string}"},"query-input":"required name=search_term_string"}],"inLanguage":"it-IT"}]}},"_links":{"self":[{"href":"https:\/\/gfemarket.rudetings.com\/it\/wp-json\/wp\/v2\/pages\/5359","targetHints":{"allow":["GET"]}}],"collection":[{"href":"https:\/\/gfemarket.rudetings.com\/it\/wp-json\/wp\/v2\/pages"}],"about":[{"href":"https:\/\/gfemarket.rudetings.com\/it\/wp-json\/wp\/v2\/types\/page"}],"author":[{"embeddable":true,"href":"https:\/\/gfemarket.rudetings.com\/it\/wp-json\/wp\/v2\/users\/19"}],"replies":[{"embeddable":true,"href":"https:\/\/gfemarket.rudetings.com\/it\/wp-json\/wp\/v2\/comments?post=5359"}],"version-history":[{"count":2,"href":"https:\/\/gfemarket.rudetings.com\/it\/wp-json\/wp\/v2\/pages\/5359\/revisions"}],"predecessor-version":[{"id":5469,"href":"https:\/\/gfemarket.rudetings.com\/it\/wp-json\/wp\/v2\/pages\/5359\/revisions\/5469"}],"wp:attachment":[{"href":"https:\/\/gfemarket.rudetings.com\/it\/wp-json\/wp\/v2\/media?parent=5359"}],"curies":[{"name":"wp","href":"https:\/\/api.w.org\/{rel}","templated":true}]}}