{"id":5372,"date":"2022-05-24T14:01:44","date_gmt":"2022-05-24T14:01:44","guid":{"rendered":"https:\/\/dev.gfemarkets.com\/risk-disclosure\/"},"modified":"2022-07-25T09:18:35","modified_gmt":"2022-07-25T09:18:35","slug":"risk-disclosure","status":"publish","type":"page","link":"https:\/\/gfemarket.rudetings.com\/it\/risk-disclosure\/","title":{"rendered":"Risk Disclosure"},"content":{"rendered":"<p>Quando si vuole fare trading con i CFD, uno degli aspetti da considerare \u00e8 se si \u00e8 in grado di tollerare o meno un rischio elevato per il proprio patrimonio finanziario. Se non sei un investitore esperto e non sei in grado di sostenere delle perdite, non dovresti investire in CFD. Inoltre, \u00e8 bene sapere che il trading di azioni senza margine \u00e8 meno rischioso del trading di CFD con leva.<\/p>\n<p>La volatilit\u00e0 dei mercati \u00e8 un dato di fatto, ed \u00e8 soprattutto questo che rende il trading di CFD cos\u00ec rischioso. La negoziazione di CFD su qualsiasi prodotto sottostante comporta automaticamente un alto livello di rischio, soprattutto quando si aggiunge la leva (margine).<\/p>\n<p>Il trading di CFD non \u00e8 adatto a tutti gli investitori o trader a causa dell&#8217;elevato rischio di perdere l&#8217;intero investimento. Non si dovrebbe investire denaro che non ci si pu\u00f2 permettere di perdere. Prima di iniziare il tuo percorso di trading, assicurati di essere pienamente consapevole di tutti i rischi che il trading di CFD comporta. Ti consigliamo vivamente di consultare un consulente finanziario indipendente, competente e con licenza ufficiale prima di iniziare a fare trading di CFD.<\/p>\n<p>Decliniamo categoricamente ogni responsabilit\u00e0 per le seguenti circostanze:<br \/>\nperdite o danni, in tutto o in parte, causati da, derivanti da, o collegati a qualsiasi transazione relativa ai CFD o;<br \/>\ndanni diretti, indiretti, speciali, consequenziali o incidentali di qualsiasi tipo.<\/p>\n<p>C&#8217;\u00e8 un notevole livello di rischio nel replicare gli atteggiamenti di investimento di altri trader, anche se molto esperti. Analogamente a quanto avviene per il trading di qualsiasi asset e su qualsiasi piattaforma, il trading su GFE presenta un rischio derivante dalla probabilit\u00e0 di seguire le decisioni di trading di trader eventualmente inesperti\/non professionisti. Ricorda che non tutti i trader hanno il tuo stesso obiettivo finale e la tua stessa motivazione e che la loro situazione finanziaria pu\u00f2 essere molto diversa dalla tua, motivo per cui tollerano il rischio complessivo associato al trading di CFD mentre tu non puoi farlo.<\/p>\n<p>Il comportamento pregresso di un membro GFE non \u00e8 necessariamente indice della sua performance futura. Qualsiasi contenuto presente sulla piattaforma di trading di GFE non \u00e8 da considerarsi un consiglio o una guida e non \u00e8 rappresentativo di GFE in quanto ogni membro della comunit\u00e0 \u00e8 libero di pubblicare il contributo che desidera.<\/p>\n","protected":false},"excerpt":{"rendered":"<p>Quando si vuole fare trading con i CFD, uno degli aspetti da considerare \u00e8 se si \u00e8 in grado di tollerare o meno un rischio elevato per il proprio patrimonio finanziario. Se non sei un investitore esperto e non sei in grado di sostenere delle perdite, non dovresti investire in CFD. Inoltre, \u00e8 bene sapere [&hellip;]<\/p>\n","protected":false},"author":19,"featured_media":0,"parent":0,"menu_order":0,"comment_status":"closed","ping_status":"closed","template":"","meta":{"footnotes":""},"class_list":["post-5372","page","type-page","status-publish","hentry"],"yoast_head":"<!-- This site is optimized with the Yoast SEO plugin v19.13 - https:\/\/yoast.com\/wordpress\/plugins\/seo\/ -->\n<title>GFE Markets - Informativa sui rischi<\/title>\n<meta name=\"description\" content=\"GFE Markets chiarisce ai propri clienti tutti i rischi a cui possono andare incontro durante il trading. Consulta l&#039;informativa sui rischi di GFE Markets qui.\" \/>\n<meta name=\"robots\" content=\"noindex, follow, max-snippet:-1, max-image-preview:large, max-video-preview:-1\" \/>\n<meta property=\"og:locale\" content=\"it_IT\" \/>\n<meta property=\"og:type\" content=\"article\" \/>\n<meta property=\"og:title\" content=\"GFE Markets - Informativa sui rischi\" \/>\n<meta property=\"og:description\" content=\"GFE Markets chiarisce ai propri clienti tutti i rischi a cui possono andare incontro durante il trading. Consulta l&#039;informativa sui rischi di GFE Markets qui.\" \/>\n<meta property=\"og:url\" content=\"https:\/\/gfemarket.rudetings.com\/it\/risk-disclosure\/\" \/>\n<meta property=\"og:site_name\" content=\"GFE\" \/>\n<meta property=\"article:modified_time\" content=\"2022-07-25T09:18:35+00:00\" \/>\n<meta name=\"twitter:card\" content=\"summary_large_image\" \/>\n<meta name=\"twitter:title\" content=\"GFE Markets - Informativa sui rischi\" \/>\n<meta name=\"twitter:description\" content=\"GFE Markets chiarisce ai propri clienti tutti i rischi a cui possono andare incontro durante il trading. Consulta l&#039;informativa sui rischi di GFE Markets qui.\" \/>\n<meta name=\"twitter:label1\" content=\"Tempo di lettura stimato\" \/>\n\t<meta name=\"twitter:data1\" content=\"2 minuti\" \/>\n<script type=\"application\/ld+json\" class=\"yoast-schema-graph\">{\"@context\":\"https:\/\/schema.org\",\"@graph\":[{\"@type\":\"WebPage\",\"@id\":\"https:\/\/gfemarket.rudetings.com\/it\/risk-disclosure\/\",\"url\":\"https:\/\/gfemarket.rudetings.com\/it\/risk-disclosure\/\",\"name\":\"GFE Markets - Informativa sui rischi\",\"isPartOf\":{\"@id\":\"http:\/\/gfemarket.rudetings.com\/#website\"},\"datePublished\":\"2022-05-24T14:01:44+00:00\",\"dateModified\":\"2022-07-25T09:18:35+00:00\",\"description\":\"GFE Markets chiarisce ai propri clienti tutti i rischi a cui possono andare incontro durante il trading. Consulta l'informativa sui rischi di GFE Markets qui.\",\"breadcrumb\":{\"@id\":\"https:\/\/gfemarket.rudetings.com\/it\/risk-disclosure\/#breadcrumb\"},\"inLanguage\":\"it-IT\",\"potentialAction\":[{\"@type\":\"ReadAction\",\"target\":[\"https:\/\/gfemarket.rudetings.com\/it\/risk-disclosure\/\"]}]},{\"@type\":\"BreadcrumbList\",\"@id\":\"https:\/\/gfemarket.rudetings.com\/it\/risk-disclosure\/#breadcrumb\",\"itemListElement\":[{\"@type\":\"ListItem\",\"position\":1,\"name\":\"Home\",\"item\":\"http:\/\/gfemarket.rudetings.com\/it\/\"},{\"@type\":\"ListItem\",\"position\":2,\"name\":\"Risk Disclosure\"}]},{\"@type\":\"WebSite\",\"@id\":\"http:\/\/gfemarket.rudetings.com\/#website\",\"url\":\"http:\/\/gfemarket.rudetings.com\/\",\"name\":\"GFE\",\"description\":\"GFE markets\",\"potentialAction\":[{\"@type\":\"SearchAction\",\"target\":{\"@type\":\"EntryPoint\",\"urlTemplate\":\"http:\/\/gfemarket.rudetings.com\/?s={search_term_string}\"},\"query-input\":\"required name=search_term_string\"}],\"inLanguage\":\"it-IT\"}]}<\/script>\n<!-- \/ Yoast SEO plugin. -->","yoast_head_json":{"title":"GFE Markets - Informativa sui rischi","description":"GFE Markets chiarisce ai propri clienti tutti i rischi a cui possono andare incontro durante il trading. Consulta l'informativa sui rischi di GFE Markets qui.","robots":{"index":"noindex","follow":"follow","max-snippet":"max-snippet:-1","max-image-preview":"max-image-preview:large","max-video-preview":"max-video-preview:-1"},"og_locale":"it_IT","og_type":"article","og_title":"GFE Markets - Informativa sui rischi","og_description":"GFE Markets chiarisce ai propri clienti tutti i rischi a cui possono andare incontro durante il trading. Consulta l'informativa sui rischi di GFE Markets qui.","og_url":"https:\/\/gfemarket.rudetings.com\/it\/risk-disclosure\/","og_site_name":"GFE","article_modified_time":"2022-07-25T09:18:35+00:00","twitter_card":"summary_large_image","twitter_title":"GFE Markets - Informativa sui rischi","twitter_description":"GFE Markets chiarisce ai propri clienti tutti i rischi a cui possono andare incontro durante il trading. Consulta l'informativa sui rischi di GFE Markets qui.","twitter_misc":{"Tempo di lettura stimato":"2 minuti"},"schema":{"@context":"https:\/\/schema.org","@graph":[{"@type":"WebPage","@id":"https:\/\/gfemarket.rudetings.com\/it\/risk-disclosure\/","url":"https:\/\/gfemarket.rudetings.com\/it\/risk-disclosure\/","name":"GFE Markets - Informativa sui rischi","isPartOf":{"@id":"http:\/\/gfemarket.rudetings.com\/#website"},"datePublished":"2022-05-24T14:01:44+00:00","dateModified":"2022-07-25T09:18:35+00:00","description":"GFE Markets chiarisce ai propri clienti tutti i rischi a cui possono andare incontro durante il trading. Consulta l'informativa sui rischi di GFE Markets qui.","breadcrumb":{"@id":"https:\/\/gfemarket.rudetings.com\/it\/risk-disclosure\/#breadcrumb"},"inLanguage":"it-IT","potentialAction":[{"@type":"ReadAction","target":["https:\/\/gfemarket.rudetings.com\/it\/risk-disclosure\/"]}]},{"@type":"BreadcrumbList","@id":"https:\/\/gfemarket.rudetings.com\/it\/risk-disclosure\/#breadcrumb","itemListElement":[{"@type":"ListItem","position":1,"name":"Home","item":"http:\/\/gfemarket.rudetings.com\/it\/"},{"@type":"ListItem","position":2,"name":"Risk Disclosure"}]},{"@type":"WebSite","@id":"http:\/\/gfemarket.rudetings.com\/#website","url":"http:\/\/gfemarket.rudetings.com\/","name":"GFE","description":"GFE markets","potentialAction":[{"@type":"SearchAction","target":{"@type":"EntryPoint","urlTemplate":"http:\/\/gfemarket.rudetings.com\/?s={search_term_string}"},"query-input":"required name=search_term_string"}],"inLanguage":"it-IT"}]}},"_links":{"self":[{"href":"https:\/\/gfemarket.rudetings.com\/it\/wp-json\/wp\/v2\/pages\/5372","targetHints":{"allow":["GET"]}}],"collection":[{"href":"https:\/\/gfemarket.rudetings.com\/it\/wp-json\/wp\/v2\/pages"}],"about":[{"href":"https:\/\/gfemarket.rudetings.com\/it\/wp-json\/wp\/v2\/types\/page"}],"author":[{"embeddable":true,"href":"https:\/\/gfemarket.rudetings.com\/it\/wp-json\/wp\/v2\/users\/19"}],"replies":[{"embeddable":true,"href":"https:\/\/gfemarket.rudetings.com\/it\/wp-json\/wp\/v2\/comments?post=5372"}],"version-history":[{"count":2,"href":"https:\/\/gfemarket.rudetings.com\/it\/wp-json\/wp\/v2\/pages\/5372\/revisions"}],"predecessor-version":[{"id":5455,"href":"https:\/\/gfemarket.rudetings.com\/it\/wp-json\/wp\/v2\/pages\/5372\/revisions\/5455"}],"wp:attachment":[{"href":"https:\/\/gfemarket.rudetings.com\/it\/wp-json\/wp\/v2\/media?parent=5372"}],"curies":[{"name":"wp","href":"https:\/\/api.w.org\/{rel}","templated":true}]}}